{"id":7091,"date":"2023-02-05T15:20:53","date_gmt":"2023-02-05T15:20:53","guid":{"rendered":"https:\/\/heinzelmannbenelux.com\/wartung-und-reparatur\/"},"modified":"2025-04-25T07:17:17","modified_gmt":"2025-04-25T07:17:17","slug":"wartung-und-reparatur","status":"publish","type":"page","link":"https:\/\/heinzelmannbenelux.com\/de\/wartung-und-reparatur\/","title":{"rendered":"Wartung und Reparatur"},"content":{"rendered":"[vc_row type=&#8220;in_container&#8220; full_screen_row_position=&#8220;middle&#8220; column_margin=&#8220;default&#8220; column_direction=&#8220;default&#8220; column_direction_tablet=&#8220;default&#8220; column_direction_phone=&#8220;default&#8220; scene_position=&#8220;center&#8220; text_color=&#8220;dark&#8220; text_align=&#8220;left&#8220; row_border_radius=&#8220;none&#8220; row_border_radius_applies=&#8220;bg&#8220; overflow=&#8220;visible&#8220; overlay_strength=&#8220;0.3&#8243; gradient_direction=&#8220;left_to_right&#8220; shape_divider_position=&#8220;bottom&#8220; bg_image_animation=&#8220;none&#8220;][vc_column column_padding=&#8220;no-extra-padding&#8220; column_padding_tablet=&#8220;inherit&#8220; column_padding_phone=&#8220;inherit&#8220; column_padding_position=&#8220;all&#8220; column_element_direction_desktop=&#8220;default&#8220; column_element_spacing=&#8220;default&#8220; desktop_text_alignment=&#8220;default&#8220; tablet_text_alignment=&#8220;default&#8220; phone_text_alignment=&#8220;default&#8220; background_color_opacity=&#8220;1&#8243; background_hover_color_opacity=&#8220;1&#8243; column_backdrop_filter=&#8220;none&#8220; column_shadow=&#8220;none&#8220; column_border_radius=&#8220;none&#8220; column_link_target=&#8220;_self&#8220; column_position=&#8220;default&#8220; gradient_direction=&#8220;left_to_right&#8220; overlay_strength=&#8220;0.3&#8243; width=&#8220;1\/1&#8243; tablet_width_inherit=&#8220;default&#8220; animation_type=&#8220;default&#8220; bg_image_animation=&#8220;none&#8220; border_type=&#8220;simple&#8220; column_border_width=&#8220;none&#8220; column_border_style=&#8220;solid&#8220;][vc_column_text]\n&#13;\n<h2 class=\"wp-block-heading\">Wartung und Reparaturen<\/h2>&#13;\n<p>\nDe Heinzelmann CHEF-X is met de allergrootste zorg en speciaal ontwikkeld en ontworpen om veelvuldig\u00a0te gebruiken. Voor een optimaal werkende machine adviseren we een jaarlijkse onderhoudsbeurt uit te laten voeren. De kosten voor jaarlijks onderhoud zijn afhankelijk van wat er aan de CHEF-X moet worden gerepareerd of onderhouden. Je ontvangt eerst een offerte van de geraamde kosten. Wil je toch geen reparatie of onderhoud laten uitvoeren en de machine retour gestuurd krijgen factureren we \u20ac 80,- excl. BTW aan onderzoeks -en verzendkosten.&#13;\n<p><\/p><p>Der CHEF-X ist ein elektrisch betriebenes Ger\u00e4t, und wie bei anderen elektrischen Ger\u00e4ten ist es m\u00f6glich, dass eine St\u00f6rung auftritt. Wir finden das \u00e4rgerlich und freuen uns, das Problem so schnell wie m\u00f6glich zu l\u00f6sen. Haben Sie eine St\u00f6rung an Ihrem CHEF-X oder m\u00f6chten Sie den Heinzelmann zur Wartung einreichen? Gehen Sie dann wie folgt vor:<\/p>\n<p><!-- \/wp:post-content --><\/p>\n<p><!-- wp:paragraph -->1. Laden Sie das Wartungs-\/St\u00f6rungsformular <a href=\"https:\/\/heinzelmannbenelux.com\/de\/reparaturanfrage\/\" target=\"_blank\" rel=\"noreferrer noopener\">hier<\/a> herunter und f\u00fcllen Sie es vollst\u00e4ndig aus. Wenn das Formular nicht vollst\u00e4ndig ausgef\u00fcllt ist, kann die Panne\/Reparatur nicht durchgef\u00fchrt werden. Die Seriennummer befindet sich auf dem silbergrauen Aufkleber an der Unterseite des Ger\u00e4ts. Geben Sie die unter dem Strichcode angegebene LOT- und S\/N-Nummer ein. Drucken Sie das vollst\u00e4ndig ausgef\u00fcllte Formular auch f\u00fcr Schritt 4 aus.<\/p>\n<p><img loading=\"lazy\" decoding=\"async\" class=\"alignnone wp-image-7955 \" src=\"https:\/\/heinzelmannbenelux.com\/wp-content\/uploads\/2024\/05\/Heinzelmann-Productsticker-300x136.jpg\" alt=\"\" width=\"405\" height=\"184\" srcset=\"https:\/\/heinzelmannbenelux.com\/wp-content\/uploads\/2024\/05\/Heinzelmann-Productsticker-300x136.jpg 300w, https:\/\/heinzelmannbenelux.com\/wp-content\/uploads\/2024\/05\/Heinzelmann-Productsticker-1024x463.jpg 1024w, https:\/\/heinzelmannbenelux.com\/wp-content\/uploads\/2024\/05\/Heinzelmann-Productsticker-768x347.jpg 768w, https:\/\/heinzelmannbenelux.com\/wp-content\/uploads\/2024\/05\/Heinzelmann-Productsticker-1536x694.jpg 1536w, https:\/\/heinzelmannbenelux.com\/wp-content\/uploads\/2024\/05\/Heinzelmann-Productsticker-2048x926.jpg 2048w, https:\/\/heinzelmannbenelux.com\/wp-content\/uploads\/2024\/05\/Heinzelmann-Productsticker-600x271.jpg 600w\" sizes=\"auto, (max-width: 405px) 100vw, 405px\" \/><\/p>\n<p><!-- \/wp:paragraph --><\/p>\n<p><!-- wp:paragraph -->2. Senden Sie das ausgef\u00fcllte Formular an info@heinzelmannbenelux.com<\/p>\n<p><!-- \/wp:paragraph --><\/p>\n<p><!-- wp:paragraph -->3. Sie erhalten von uns ein Versandticket per E-Mail, drucken Sie es aus. Nur mit unserem Versandschein ist die Maschine versichert.<\/p>\n<p><!-- \/wp:paragraph --><\/p>\n<p><!-- wp:paragraph -->4. Reinigen Sie Ihr Ger\u00e4t vor dem Versand gr\u00fcndlich. Unsere Mechaniker sind keine Reinigungsfirma. Etwaige Reinigungskosten werden stets in Rechnung gestellt. (auch wenn sich ein Ger\u00e4t innerhalb der Garantiezeit befindet)<\/p>\n<p>5. Sch\u00fctzen Sie Ihr Ger\u00e4t gut und verpacken Sie es so gut wie m\u00f6glich in einem gro\u00dfen und stabilen Karton (verwenden Sie nach M\u00f6glichkeit die Originalverpackung von Heinzelmann).<\/p>\n<p>F\u00fcllen Sie das Feld <em><strong>um<\/strong><\/em> das Ger\u00e4t mindestens 5 cm mit F\u00fcllmaterial, damit keine Transportsch\u00e4den am Ger\u00e4t entstehen k\u00f6nnen. Es reicht nicht aus, das Ger\u00e4t einfach mit etwas Luftpolsterfolie zu verpacken. Lesen Sie die Verpackungshinweise von DHL: <g id=\"gid_2\">dhl_express_packing_guide_de<\/g>   <\/p>\n<h4><em><strong>Bitte beachten Sie: Heinzelmann Benelux ist nicht verantwortlich und haftet nicht f\u00fcr Sch\u00e4den, die w\u00e4hrend des Transports aufgrund unzureichender Verpackung entstehen.<\/strong><\/em><\/h4>\n<p>&nbsp;<\/p>\n<p><strong><em>Falsch<\/em> <\/strong>Methode der Verpackung<\/p>\n<p><!-- \/wp:paragraph --><\/p>\n<p><!-- wp:paragraph --><img loading=\"lazy\" decoding=\"async\" class=\"alignnone wp-image-7859\" src=\"https:\/\/heinzelmannbenelux.com\/wp-content\/uploads\/2023\/11\/20231105_165754-142x300.jpg\" alt=\"\" width=\"163\" height=\"344\" srcset=\"https:\/\/heinzelmannbenelux.com\/wp-content\/uploads\/2023\/11\/20231105_165754-142x300.jpg 142w, https:\/\/heinzelmannbenelux.com\/wp-content\/uploads\/2023\/11\/20231105_165754-485x1024.jpg 485w, https:\/\/heinzelmannbenelux.com\/wp-content\/uploads\/2023\/11\/20231105_165754-768x1623.jpg 768w, https:\/\/heinzelmannbenelux.com\/wp-content\/uploads\/2023\/11\/20231105_165754-727x1536.jpg 727w, https:\/\/heinzelmannbenelux.com\/wp-content\/uploads\/2023\/11\/20231105_165754-969x2048.jpg 969w, https:\/\/heinzelmannbenelux.com\/wp-content\/uploads\/2023\/11\/20231105_165754-600x1268.jpg 600w, https:\/\/heinzelmannbenelux.com\/wp-content\/uploads\/2023\/11\/20231105_165754-scaled.jpg 1211w\" sizes=\"auto, (max-width: 163px) 100vw, 163px\" \/><\/p>\n<p><em><strong>Korrekte<\/strong> <\/em>Art der Verpackung (alle Seiten mit mindestens 5 cm Polstermaterial gepolstert)<\/p>\n<p><img loading=\"lazy\" decoding=\"async\" class=\"alignnone wp-image-7863\" src=\"https:\/\/heinzelmannbenelux.com\/wp-content\/uploads\/2023\/11\/20231105_170803-142x300.jpg\" alt=\"\" width=\"159\" height=\"336\" srcset=\"https:\/\/heinzelmannbenelux.com\/wp-content\/uploads\/2023\/11\/20231105_170803-142x300.jpg 142w, https:\/\/heinzelmannbenelux.com\/wp-content\/uploads\/2023\/11\/20231105_170803-485x1024.jpg 485w, https:\/\/heinzelmannbenelux.com\/wp-content\/uploads\/2023\/11\/20231105_170803-768x1623.jpg 768w, https:\/\/heinzelmannbenelux.com\/wp-content\/uploads\/2023\/11\/20231105_170803-727x1536.jpg 727w, https:\/\/heinzelmannbenelux.com\/wp-content\/uploads\/2023\/11\/20231105_170803-969x2048.jpg 969w, https:\/\/heinzelmannbenelux.com\/wp-content\/uploads\/2023\/11\/20231105_170803-600x1268.jpg 600w, https:\/\/heinzelmannbenelux.com\/wp-content\/uploads\/2023\/11\/20231105_170803-scaled.jpg 1211w\" sizes=\"auto, (max-width: 159px) 100vw, 159px\" \/><\/p>\n<p>&nbsp;<\/p>\n<p>Unser Rat: Machen Sie Fotos von dem verpackten Ger\u00e4t, bevor Sie es einschicken.  <\/p>\n<p>6. Legen Sie das ausgedruckte Reparaturformular in den Karton mit dem Ger\u00e4t. Verschlie\u00dfen Sie den Karton fest und kleben Sie den Versandschein, den Sie von uns erhalten haben, auf den Karton. Nat\u00fcrlich k\u00f6nnen Sie auch selbst einen Kurier beauftragen und ein anderes Versandticket verwenden (auf eigene Kosten)<\/p>\n<p><!-- \/wp:paragraph -->7. Die Kiste (mit dem Ger\u00e4t, dem ausgef\u00fcllten Formular und dem Versandschein) wird vom Kurierdienst abgeholt. Sie m\u00fcssen die Maschine also nicht selbst irgendwo hinbringen.<\/p>\n<p><!-- \/wp:paragraph -->8. Nach der Reparatur oder Wartung wird der Heinzelmann per Kurier zur\u00fcckgeschickt.<\/p>\n<p>Planen Sie f\u00fcr die \u00dcberpr\u00fcfung und Wartung und\/oder m\u00f6gliche Reparatur 2-5 Wochen ein.<\/p>\n[\/vc_column_text][\/vc_column][\/vc_row]\n","protected":false},"excerpt":{"rendered":"<p>[vc_row type=&#8220;in_container&#8220; full_screen_row_position=&#8220;middle&#8220; column_margin=&#8220;default&#8220; column_direction=&#8220;default&#8220; column_direction_tablet=&#8220;default&#8220; column_direction_phone=&#8220;default&#8220; scene_position=&#8220;center&#8220; text_color=&#8220;dark&#8220; text_align=&#8220;left&#8220; row_border_radius=&#8220;none&#8220; row_border_radius_applies=&#8220;bg&#8220; overflow=&#8220;visible&#8220; overlay_strength=&#8220;0.3&#8243; gradient_direction=&#8220;left_to_right&#8220; shape_divider_position=&#8220;bottom&#8220; bg_image_animation=&#8220;none&#8220;][vc_column column_padding=&#8220;no-extra-padding&#8220; column_padding_tablet=&#8220;inherit&#8220; column_padding_phone=&#8220;inherit&#8220; column_padding_position=&#8220;all&#8220; column_element_direction_desktop=&#8220;default&#8220; column_element_spacing=&#8220;default&#8220; desktop_text_alignment=&#8220;default&#8220; tablet_text_alignment=&#8220;default&#8220;&#8230;<\/p>\n","protected":false},"author":1,"featured_media":0,"parent":0,"menu_order":0,"comment_status":"closed","ping_status":"closed","template":"","meta":{"footnotes":""},"class_list":["post-7091","page","type-page","status-publish"],"yoast_head":"<!-- This site is optimized with the Yoast SEO plugin v27.3 - https:\/\/yoast.com\/product\/yoast-seo-wordpress\/ -->\n<title>Wartung und Reparatur - Heinzelmann Benelux<\/title>\n<meta name=\"description\" content=\"F\u00fcr eine optimal funktionierende Heinzelmann CHEF-X Maschine empfehlen wir, eine j\u00e4hrliche Wartung durchf\u00fchren zu lassen.\" \/>\n<meta name=\"robots\" content=\"index, follow, max-snippet:-1, max-image-preview:large, max-video-preview:-1\" \/>\n<link rel=\"canonical\" href=\"https:\/\/heinzelmannbenelux.com\/de\/wartung-und-reparatur\/\" \/>\n<meta property=\"og:locale\" content=\"de_DE\" \/>\n<meta property=\"og:type\" content=\"article\" \/>\n<meta property=\"og:title\" content=\"Wartung und Reparatur - Heinzelmann Benelux\" \/>\n<meta property=\"og:description\" content=\"F\u00fcr eine optimal funktionierende Heinzelmann CHEF-X Maschine empfehlen wir, eine j\u00e4hrliche Wartung durchf\u00fchren zu lassen.\" \/>\n<meta property=\"og:url\" content=\"https:\/\/heinzelmannbenelux.com\/de\/wartung-und-reparatur\/\" \/>\n<meta property=\"og:site_name\" content=\"Heinzelmann Benelux\" \/>\n<meta property=\"article:publisher\" content=\"https:\/\/m.facebook.com\/Heinzelmann-Benelux-106224102091795\/?ref=py_c&amp;paipv=1&amp;eav=AfZLxXGj0eaM4Iekjeg3N7-_9NMRb5zfoQd2tAlIcR3rZCBvOTxrQTnb-DF0qFU80wU\" \/>\n<meta property=\"article:modified_time\" content=\"2025-04-25T07:17:17+00:00\" \/>\n<meta property=\"og:image\" content=\"https:\/\/heinzelmannbenelux.com\/wp-content\/uploads\/2024\/05\/Heinzelmann-Productsticker-scaled.jpg\" \/>\n\t<meta property=\"og:image:width\" content=\"2560\" \/>\n\t<meta property=\"og:image:height\" content=\"1157\" \/>\n\t<meta property=\"og:image:type\" content=\"image\/jpeg\" \/>\n<meta name=\"twitter:card\" content=\"summary_large_image\" \/>\n<meta name=\"twitter:label1\" content=\"Gesch\u00e4tzte Lesezeit\" \/>\n\t<meta name=\"twitter:data1\" content=\"3\u00a0Minuten\" \/>\n<script type=\"application\/ld+json\" class=\"yoast-schema-graph\">{\"@context\":\"https:\\\/\\\/schema.org\",\"@graph\":[{\"@type\":\"WebPage\",\"@id\":\"https:\\\/\\\/heinzelmannbenelux.com\\\/de\\\/wartung-und-reparatur\\\/\",\"url\":\"https:\\\/\\\/heinzelmannbenelux.com\\\/de\\\/wartung-und-reparatur\\\/\",\"name\":\"Wartung und Reparatur - Heinzelmann Benelux\",\"isPartOf\":{\"@id\":\"https:\\\/\\\/heinzelmannbenelux.com\\\/de\\\/#website\"},\"primaryImageOfPage\":{\"@id\":\"https:\\\/\\\/heinzelmannbenelux.com\\\/de\\\/wartung-und-reparatur\\\/#primaryimage\"},\"image\":{\"@id\":\"https:\\\/\\\/heinzelmannbenelux.com\\\/de\\\/wartung-und-reparatur\\\/#primaryimage\"},\"thumbnailUrl\":\"https:\\\/\\\/heinzelmannbenelux.com\\\/wp-content\\\/uploads\\\/2024\\\/05\\\/Heinzelmann-Productsticker-300x136.jpg\",\"datePublished\":\"2023-02-05T15:20:53+00:00\",\"dateModified\":\"2025-04-25T07:17:17+00:00\",\"description\":\"F\u00fcr eine optimal funktionierende Heinzelmann CHEF-X Maschine empfehlen wir, eine j\u00e4hrliche Wartung durchf\u00fchren zu lassen.\",\"breadcrumb\":{\"@id\":\"https:\\\/\\\/heinzelmannbenelux.com\\\/de\\\/wartung-und-reparatur\\\/#breadcrumb\"},\"inLanguage\":\"de\",\"potentialAction\":[{\"@type\":\"ReadAction\",\"target\":[\"https:\\\/\\\/heinzelmannbenelux.com\\\/de\\\/wartung-und-reparatur\\\/\"]}]},{\"@type\":\"ImageObject\",\"inLanguage\":\"de\",\"@id\":\"https:\\\/\\\/heinzelmannbenelux.com\\\/de\\\/wartung-und-reparatur\\\/#primaryimage\",\"url\":\"https:\\\/\\\/heinzelmannbenelux.com\\\/wp-content\\\/uploads\\\/2024\\\/05\\\/Heinzelmann-Productsticker-300x136.jpg\",\"contentUrl\":\"https:\\\/\\\/heinzelmannbenelux.com\\\/wp-content\\\/uploads\\\/2024\\\/05\\\/Heinzelmann-Productsticker-300x136.jpg\"},{\"@type\":\"BreadcrumbList\",\"@id\":\"https:\\\/\\\/heinzelmannbenelux.com\\\/de\\\/wartung-und-reparatur\\\/#breadcrumb\",\"itemListElement\":[{\"@type\":\"ListItem\",\"position\":1,\"name\":\"Home\",\"item\":\"https:\\\/\\\/heinzelmannbenelux.com\\\/de\\\/\"},{\"@type\":\"ListItem\",\"position\":2,\"name\":\"Wartung und Reparatur\"}]},{\"@type\":\"WebSite\",\"@id\":\"https:\\\/\\\/heinzelmannbenelux.com\\\/de\\\/#website\",\"url\":\"https:\\\/\\\/heinzelmannbenelux.com\\\/de\\\/\",\"name\":\"Heinzelmann Benelux\",\"description\":\"Heinzelmann CHEF-X\",\"publisher\":{\"@id\":\"https:\\\/\\\/heinzelmannbenelux.com\\\/de\\\/#\\\/schema\\\/person\\\/06b261711e3de131a198056d99fad088\"},\"potentialAction\":[{\"@type\":\"SearchAction\",\"target\":{\"@type\":\"EntryPoint\",\"urlTemplate\":\"https:\\\/\\\/heinzelmannbenelux.com\\\/de\\\/?s={search_term_string}\"},\"query-input\":{\"@type\":\"PropertyValueSpecification\",\"valueRequired\":true,\"valueName\":\"search_term_string\"}}],\"inLanguage\":\"de\"},{\"@type\":[\"Person\",\"Organization\"],\"@id\":\"https:\\\/\\\/heinzelmannbenelux.com\\\/de\\\/#\\\/schema\\\/person\\\/06b261711e3de131a198056d99fad088\",\"name\":\"Martijn Van Roon\",\"image\":{\"@type\":\"ImageObject\",\"inLanguage\":\"de\",\"@id\":\"https:\\\/\\\/heinzelmannbenelux.com\\\/wp-content\\\/uploads\\\/2023\\\/02\\\/NL-MVR-HMlogo-v2.png\",\"url\":\"https:\\\/\\\/heinzelmannbenelux.com\\\/wp-content\\\/uploads\\\/2023\\\/02\\\/NL-MVR-HMlogo-v2.png\",\"contentUrl\":\"https:\\\/\\\/heinzelmannbenelux.com\\\/wp-content\\\/uploads\\\/2023\\\/02\\\/NL-MVR-HMlogo-v2.png\",\"width\":337,\"height\":66,\"caption\":\"Martijn Van Roon\"},\"logo\":{\"@id\":\"https:\\\/\\\/heinzelmannbenelux.com\\\/wp-content\\\/uploads\\\/2023\\\/02\\\/NL-MVR-HMlogo-v2.png\"},\"sameAs\":[\"http:\\\/\\\/martijnvanroon.nl\",\"https:\\\/\\\/m.facebook.com\\\/Heinzelmann-Benelux-106224102091795\\\/?ref=py_c&paipv=1&eav=AfZLxXGj0eaM4Iekjeg3N7-_9NMRb5zfoQd2tAlIcR3rZCBvOTxrQTnb-DF0qFU80wU\",\"https:\\\/\\\/www.instagram.com\\\/heinzelmann.benelux\\\/\",\"https:\\\/\\\/www.linkedin.com\\\/company\\\/heinzelmann-benelux\\\/\",\"https:\\\/\\\/www.youtube.com\\\/@heinzelmannde8106\\\/featured\"]}]}<\/script>\n<!-- \/ Yoast SEO plugin. -->","yoast_head_json":{"title":"Wartung und Reparatur - Heinzelmann Benelux","description":"F\u00fcr eine optimal funktionierende Heinzelmann CHEF-X Maschine empfehlen wir, eine j\u00e4hrliche Wartung durchf\u00fchren zu lassen.","robots":{"index":"index","follow":"follow","max-snippet":"max-snippet:-1","max-image-preview":"max-image-preview:large","max-video-preview":"max-video-preview:-1"},"canonical":"https:\/\/heinzelmannbenelux.com\/de\/wartung-und-reparatur\/","og_locale":"de_DE","og_type":"article","og_title":"Wartung und Reparatur - Heinzelmann Benelux","og_description":"F\u00fcr eine optimal funktionierende Heinzelmann CHEF-X Maschine empfehlen wir, eine j\u00e4hrliche Wartung durchf\u00fchren zu lassen.","og_url":"https:\/\/heinzelmannbenelux.com\/de\/wartung-und-reparatur\/","og_site_name":"Heinzelmann Benelux","article_publisher":"https:\/\/m.facebook.com\/Heinzelmann-Benelux-106224102091795\/?ref=py_c&paipv=1&eav=AfZLxXGj0eaM4Iekjeg3N7-_9NMRb5zfoQd2tAlIcR3rZCBvOTxrQTnb-DF0qFU80wU","article_modified_time":"2025-04-25T07:17:17+00:00","og_image":[{"width":2560,"height":1157,"url":"https:\/\/heinzelmannbenelux.com\/wp-content\/uploads\/2024\/05\/Heinzelmann-Productsticker-scaled.jpg","type":"image\/jpeg"}],"twitter_card":"summary_large_image","twitter_misc":{"Gesch\u00e4tzte Lesezeit":"3\u00a0Minuten"},"schema":{"@context":"https:\/\/schema.org","@graph":[{"@type":"WebPage","@id":"https:\/\/heinzelmannbenelux.com\/de\/wartung-und-reparatur\/","url":"https:\/\/heinzelmannbenelux.com\/de\/wartung-und-reparatur\/","name":"Wartung und Reparatur - Heinzelmann Benelux","isPartOf":{"@id":"https:\/\/heinzelmannbenelux.com\/de\/#website"},"primaryImageOfPage":{"@id":"https:\/\/heinzelmannbenelux.com\/de\/wartung-und-reparatur\/#primaryimage"},"image":{"@id":"https:\/\/heinzelmannbenelux.com\/de\/wartung-und-reparatur\/#primaryimage"},"thumbnailUrl":"https:\/\/heinzelmannbenelux.com\/wp-content\/uploads\/2024\/05\/Heinzelmann-Productsticker-300x136.jpg","datePublished":"2023-02-05T15:20:53+00:00","dateModified":"2025-04-25T07:17:17+00:00","description":"F\u00fcr eine optimal funktionierende Heinzelmann CHEF-X Maschine empfehlen wir, eine j\u00e4hrliche Wartung durchf\u00fchren zu lassen.","breadcrumb":{"@id":"https:\/\/heinzelmannbenelux.com\/de\/wartung-und-reparatur\/#breadcrumb"},"inLanguage":"de","potentialAction":[{"@type":"ReadAction","target":["https:\/\/heinzelmannbenelux.com\/de\/wartung-und-reparatur\/"]}]},{"@type":"ImageObject","inLanguage":"de","@id":"https:\/\/heinzelmannbenelux.com\/de\/wartung-und-reparatur\/#primaryimage","url":"https:\/\/heinzelmannbenelux.com\/wp-content\/uploads\/2024\/05\/Heinzelmann-Productsticker-300x136.jpg","contentUrl":"https:\/\/heinzelmannbenelux.com\/wp-content\/uploads\/2024\/05\/Heinzelmann-Productsticker-300x136.jpg"},{"@type":"BreadcrumbList","@id":"https:\/\/heinzelmannbenelux.com\/de\/wartung-und-reparatur\/#breadcrumb","itemListElement":[{"@type":"ListItem","position":1,"name":"Home","item":"https:\/\/heinzelmannbenelux.com\/de\/"},{"@type":"ListItem","position":2,"name":"Wartung und Reparatur"}]},{"@type":"WebSite","@id":"https:\/\/heinzelmannbenelux.com\/de\/#website","url":"https:\/\/heinzelmannbenelux.com\/de\/","name":"Heinzelmann Benelux","description":"Heinzelmann CHEF-X","publisher":{"@id":"https:\/\/heinzelmannbenelux.com\/de\/#\/schema\/person\/06b261711e3de131a198056d99fad088"},"potentialAction":[{"@type":"SearchAction","target":{"@type":"EntryPoint","urlTemplate":"https:\/\/heinzelmannbenelux.com\/de\/?s={search_term_string}"},"query-input":{"@type":"PropertyValueSpecification","valueRequired":true,"valueName":"search_term_string"}}],"inLanguage":"de"},{"@type":["Person","Organization"],"@id":"https:\/\/heinzelmannbenelux.com\/de\/#\/schema\/person\/06b261711e3de131a198056d99fad088","name":"Martijn Van Roon","image":{"@type":"ImageObject","inLanguage":"de","@id":"https:\/\/heinzelmannbenelux.com\/wp-content\/uploads\/2023\/02\/NL-MVR-HMlogo-v2.png","url":"https:\/\/heinzelmannbenelux.com\/wp-content\/uploads\/2023\/02\/NL-MVR-HMlogo-v2.png","contentUrl":"https:\/\/heinzelmannbenelux.com\/wp-content\/uploads\/2023\/02\/NL-MVR-HMlogo-v2.png","width":337,"height":66,"caption":"Martijn Van Roon"},"logo":{"@id":"https:\/\/heinzelmannbenelux.com\/wp-content\/uploads\/2023\/02\/NL-MVR-HMlogo-v2.png"},"sameAs":["http:\/\/martijnvanroon.nl","https:\/\/m.facebook.com\/Heinzelmann-Benelux-106224102091795\/?ref=py_c&paipv=1&eav=AfZLxXGj0eaM4Iekjeg3N7-_9NMRb5zfoQd2tAlIcR3rZCBvOTxrQTnb-DF0qFU80wU","https:\/\/www.instagram.com\/heinzelmann.benelux\/","https:\/\/www.linkedin.com\/company\/heinzelmann-benelux\/","https:\/\/www.youtube.com\/@heinzelmannde8106\/featured"]}]}},"_links":{"self":[{"href":"https:\/\/heinzelmannbenelux.com\/de\/wp-json\/wp\/v2\/pages\/7091","targetHints":{"allow":["GET"]}}],"collection":[{"href":"https:\/\/heinzelmannbenelux.com\/de\/wp-json\/wp\/v2\/pages"}],"about":[{"href":"https:\/\/heinzelmannbenelux.com\/de\/wp-json\/wp\/v2\/types\/page"}],"author":[{"embeddable":true,"href":"https:\/\/heinzelmannbenelux.com\/de\/wp-json\/wp\/v2\/users\/1"}],"replies":[{"embeddable":true,"href":"https:\/\/heinzelmannbenelux.com\/de\/wp-json\/wp\/v2\/comments?post=7091"}],"version-history":[{"count":16,"href":"https:\/\/heinzelmannbenelux.com\/de\/wp-json\/wp\/v2\/pages\/7091\/revisions"}],"predecessor-version":[{"id":8646,"href":"https:\/\/heinzelmannbenelux.com\/de\/wp-json\/wp\/v2\/pages\/7091\/revisions\/8646"}],"wp:attachment":[{"href":"https:\/\/heinzelmannbenelux.com\/de\/wp-json\/wp\/v2\/media?parent=7091"}],"curies":[{"name":"wp","href":"https:\/\/api.w.org\/{rel}","templated":true}]}}