{"id":7265,"date":"2023-02-05T15:25:18","date_gmt":"2023-02-05T15:25:18","guid":{"rendered":"https:\/\/heinzelmannbenelux.com\/erklaerung-zum-datenschutz\/"},"modified":"2023-02-08T15:07:47","modified_gmt":"2023-02-08T15:07:47","slug":"erklaerung-zum-datenschutz","status":"publish","type":"page","link":"https:\/\/heinzelmannbenelux.com\/de\/erklaerung-zum-datenschutz\/","title":{"rendered":"Erkl\u00e4rung zum Datenschutz"},"content":{"rendered":"\n<h2 class=\"wp-block-heading\">Erkl\u00e4rung zum Datenschutz<\/h2>\n\n<p>Heinzelmann Benelux, Hendrik Figeeweg 1e, 2031 BJ Haarlem, ist zust\u00e4ndig f\u00fcr<br\/>die Verarbeitung personenbezogener Daten, wie sie in dieser Datenschutzerkl\u00e4rung zum Ausdruck kommt.<\/p>\n\n<p><br\/>Kontaktinformationen:<br\/>https:\/\/heinzelmannbenelux.coml\/<br\/>Hendrik Figeeweg 1e 2031 BJ Haarlem<br\/>06-54958484<\/p>\n\n<p><br\/>Martijn van Roon ist der Datenschutzbeauftragte von Heinzelmann Benelux. Er\/sie soll<br\/>info@martijnvanroon.nl erreichen.<\/p>\n\n<p><br\/><strong>Personenbezogene Daten, die wir verarbeiten<\/strong><br\/>Heinzelmann Benelux verarbeitet Ihre pers\u00f6nlichen Daten, weil Sie unsere Dienste nutzen<br\/>und\/oder weil Sie uns diese Daten selbst zur Verf\u00fcgung stellen. Im Folgenden finden Sie einen \u00dcberblick \u00fcber die<br\/>Pers\u00f6nliche Daten, die wir verarbeiten:<br\/>&#8211; Vorname und Nachname<br\/>&#8211; Adressdaten<br\/>&#8211; Rufnummer<br\/>&#8211; E-Mail Adresse<br\/>&#8211; Andere personenbezogene Daten, die Sie aktiv zur Verf\u00fcgung stellen, z. B. indem Sie ein Profil auf dieser Website erstellen<br\/>im Schriftverkehr und am Telefon zu machen<br\/>&#8211; Bankkontonummer<br\/><\/p>\n\n<p><strong>Besondere und\/oder sensible personenbezogene Daten, die wir verarbeiten<\/strong><br\/>Unsere Website und\/oder unser Dienst hat nicht die Absicht, Daten \u00fcber Website-Besucher zu sammeln, die<br\/>unter 16 Jahre alt sind. Es sei denn, sie haben die Erlaubnis der Eltern oder Erziehungsberechtigten. Wir k\u00f6nnen jedoch nicht<br\/>pr\u00fcfen, ob ein Besucher \u00fcber 16 Jahre alt ist. Wir raten daher den Eltern, sich an folgenden Ma\u00dfnahmen zu beteiligen<br\/>die Online-Aktivit\u00e4ten ihrer Kinder, um die Erhebung von Daten \u00fcber Kinder zu vermeiden<br\/>ohne elterliche Zustimmung sein. Wenn Sie davon \u00fcberzeugt sind, dass wir ohne diese Zustimmung<br\/>personenbezogene Daten \u00fcber einen Minderj\u00e4hrigen erhoben haben, kontaktieren Sie uns bitte unter<br\/>info@martijnvanroon.nl, werden wir diese Informationen l\u00f6schen.<br\/><\/p>\n\n<p>Zu welchem Zweck und auf welcher Grundlage wir personenbezogene Daten verarbeiten<\/p>\n\n<p><br\/>Heinzelmann Benelux verarbeitet Ihre pers\u00f6nlichen Daten zu folgenden Zwecken:<br\/>&#8211; Abwicklung Ihrer Zahlung &#8211; Versand unseres Newsletters und\/oder Werbeflyers<br\/>&#8211; Sie anzurufen oder per E-Mail zu kontaktieren, wenn dies zur Erbringung unserer Dienstleistungen erforderlich ist<br\/>&#8211; Information \u00fcber \u00c4nderungen an unseren Dienstleistungen und Produkten<br\/>&#8211; Erm\u00f6glicht die Erstellung eines Kontos<br\/>&#8211; Um Ihnen Waren und Dienstleistungen zu liefern<br\/>&#8211; Heinzelmann Benelux analysiert Ihr Verhalten auf der Website, um sie zu verbessern<br\/>und das Angebot an Produkten und Dienstleistungen auf Ihre Pr\u00e4ferenzen zuzuschneiden.<br\/>&#8211; Heinzelmann Benelux verarbeitet personenbezogene Daten auch dann, wenn wir gesetzlich dazu verpflichtet sind, zum Beispiel<br\/>Daten, die wir f\u00fcr unsere Steuererkl\u00e4rung ben\u00f6tigen.<br\/><\/p>\n\n<p><strong>Automatisierte Entscheidungsfindung<\/strong><br\/>Heinzelmann Benelux trifft keine Entscheidungen \u00fcber Angelegenheiten, die auf einer automatisierten Verarbeitung beruhen<br\/>die den Einzelnen (erheblich) beeintr\u00e4chtigen k\u00f6nnen. Dies sind Entscheidungen, die<br\/>die von Computerprogrammen oder -systemen ohne menschliches Zutun vorgenommen werden (z. B. ein<br\/>Mitarbeiter von Heinzelmann Benelux) zwischen. Heinzelmann Benelux verwendet die folgenden<br\/>Computerprogramme oder -systeme: #Verwendung_Erkl\u00e4rung<br\/><\/p>\n\n<p><strong>Wie lange wir personenbezogene Daten aufbewahren<\/strong><br\/>Heinzelmann Benelux wird Ihre pers\u00f6nlichen Daten nicht l\u00e4nger aufbewahren als unbedingt notwendig, um die folgenden Zwecke zu erf\u00fcllen<br\/>erkennen, wof\u00fcr Ihre Daten gesammelt werden. Wir wenden die folgenden Aufbewahrungsfristen an f\u00fcr<br\/>folgende (Kategorien) personenbezogener Daten: bis der Kunde die Aufbewahrungsfrist zu beenden w\u00fcnscht.<br\/><\/p>\n\n<p><strong>Weitergabe von personenbezogenen Daten an Dritte<\/strong><br\/>Heinzelmann Benelux kommuniziert nur an Dritte und nur dann, wenn es f\u00fcr die Ausf\u00fchrung von<br\/>unserer Vereinbarung mit Ihnen oder zur Erf\u00fcllung einer rechtlichen Verpflichtung.<\/p>\n\n<p><br\/>Cookies oder \u00e4hnliche Technologien, die wir verwenden<\/p>\n\n<p><br\/>Heinzelmann Benelux verwendet nur technische und funktionelle Cookies. Und analytische Cookies, die<br\/>Ihre Privatsph\u00e4re nicht zu verletzen. Ein Cookie ist eine kleine Textdatei, die gesendet wird, wenn Sie die Website zum ersten Mal besuchen.<br\/>diese Website auf Ihrem Computer, Tablet oder Smartphone gespeichert ist. Die von uns verwendeten Cookies<br\/>sind f\u00fcr den technischen Betrieb der Website und Ihre Benutzerfreundlichkeit erforderlich. Sie gew\u00e4hrleisten<br\/>dass die Website ordnungsgem\u00e4\u00df funktioniert und sich zum Beispiel Ihre Einstellungen merken kann. Auch<br\/>es uns erm\u00f6glicht, unsere Website zu optimieren. Sie k\u00f6nnen die Verwendung von Cookies ablehnen, indem Sie Ihre<br\/>den Internetbrowser so einstellen, dass keine Cookies mehr gespeichert werden. Dar\u00fcber hinaus k\u00f6nnen Sie auch alle<br\/>zuvor \u00fcber die Einstellungen Ihres Browsers gespeicherte Informationen zu l\u00f6schen.<br\/><\/p>\n\n<p><strong>Daten ansehen, \u00e4ndern oder l\u00f6schen<\/strong><br\/>Sie haben das Recht auf Zugang, Berichtigung oder L\u00f6schung Ihrer personenbezogenen Daten. Sie k\u00f6nnen dies selbst tun<br\/>\u00fcber die pers\u00f6nlichen Einstellungen Ihres Kontos vornehmen. Dar\u00fcber hinaus haben Sie das Recht, alle<br\/>der Datenverarbeitung zustimmen oder der Verarbeitung Ihrer personenbezogenen Daten durch unser Unternehmen widersprechen und Sie haben das Recht auf Daten\u00fcbertragbarkeit. Das<br\/>bedeutet, dass Sie bei uns eine Anfrage zu den \u00fcber Sie gespeicherten personenbezogenen Daten stellen k\u00f6nnen<br\/>in einer Computerdatei an Sie oder eine andere von Ihnen benannte Organisation. M\u00f6chten Sie<br\/>Ihr Widerspruchsrecht und\/oder Ihr Recht auf Daten\u00fcbertragbarkeit aus\u00fcben oder andere<br\/>Fragen\/Bemerkungen zur Datenverarbeitung, senden Sie bitte einen detaillierten Antrag an<br\/>info@martijnvanroon.nl. Um sicherzugehen, dass der Antrag auf Einsichtnahme von Ihnen gestellt wurde, fragen Sie<br\/>Wir werden Ihnen mit dem Antrag eine Kopie Ihres Identit\u00e4tsnachweises zusenden. Machen Sie Ihr Passfoto auf dieser Kopie,<br\/>MRZ (maschinenlesbare Zone, der Zahlenstreifen am unteren Rand des Passes), Passnummer und<br\/>B\u00fcrgerservicenummer (BSN) schwarz. Dies dient dem Schutz Ihrer Privatsph\u00e4re. Heinzelmann Benelux wird daher<br\/>Ihre Anfrage so schnell wie m\u00f6glich, in jedem Fall aber innerhalb von vier Wochen zu beantworten. Heinzelmann Benelux<br\/>m\u00f6chte Sie au\u00dferdem darauf hinweisen, dass Sie die M\u00f6glichkeit haben, eine Beschwerde bei der nationalen<br\/>Regulierungsbeh\u00f6rde, der Beh\u00f6rde f\u00fcr personenbezogene Daten. Sie k\u00f6nnen dies \u00fcber den folgenden Link tun:<br\/>https:\/\/autoriteitpersoonsgegevens.nl\/nl\/contact-met-de-autoriteit-persoonsgegevens\/tip-ons<br\/><\/p>\n\n<p>Wie wir personenbezogene Daten sch\u00fctzen<br\/>Heinzelmann Benelux nimmt den Schutz Ihrer Daten ernst und ergreift geeignete Ma\u00dfnahmen<br\/>Ma\u00dfnahmen zur Verhinderung von Missbrauch, Verlust, unberechtigtem Zugriff, unerw\u00fcnschter Offenlegung und<br\/>eine unbefugte \u00c4nderung zu verhindern. Wenn Sie das Gef\u00fchl haben, dass Ihre Daten doch nicht richtig gesichert sind<br\/>oder es Hinweise auf Missbrauch gibt, wenden Sie sich bitte an unseren Kundendienst oder an<br\/>info@martijnvanroo<\/p>\n","protected":false},"excerpt":{"rendered":"<p>Erkl\u00e4rung zum Datenschutz Heinzelmann Benelux, Hendrik Figeeweg 1e, 2031 BJ Haarlem, ist zust\u00e4ndig f\u00fcrdie Verarbeitung personenbezogener Daten, wie sie in dieser Datenschutzerkl\u00e4rung zum Ausdruck kommt&#8230;.<\/p>\n","protected":false},"author":1,"featured_media":0,"parent":0,"menu_order":0,"comment_status":"closed","ping_status":"closed","template":"","meta":{"footnotes":""},"class_list":["post-7265","page","type-page","status-publish"],"_links":{"self":[{"href":"https:\/\/heinzelmannbenelux.com\/de\/wp-json\/wp\/v2\/pages\/7265","targetHints":{"allow":["GET"]}}],"collection":[{"href":"https:\/\/heinzelmannbenelux.com\/de\/wp-json\/wp\/v2\/pages"}],"about":[{"href":"https:\/\/heinzelmannbenelux.com\/de\/wp-json\/wp\/v2\/types\/page"}],"author":[{"embeddable":true,"href":"https:\/\/heinzelmannbenelux.com\/de\/wp-json\/wp\/v2\/users\/1"}],"replies":[{"embeddable":true,"href":"https:\/\/heinzelmannbenelux.com\/de\/wp-json\/wp\/v2\/comments?post=7265"}],"version-history":[{"count":1,"href":"https:\/\/heinzelmannbenelux.com\/de\/wp-json\/wp\/v2\/pages\/7265\/revisions"}],"predecessor-version":[{"id":7269,"href":"https:\/\/heinzelmannbenelux.com\/de\/wp-json\/wp\/v2\/pages\/7265\/revisions\/7269"}],"wp:attachment":[{"href":"https:\/\/heinzelmannbenelux.com\/de\/wp-json\/wp\/v2\/media?parent=7265"}],"curies":[{"name":"wp","href":"https:\/\/api.w.org\/{rel}","templated":true}]}}