{"id":7632,"date":"2023-03-12T12:48:37","date_gmt":"2023-03-12T12:48:37","guid":{"rendered":"https:\/\/heinzelmannbenelux.com\/einmalige-chance-einen-heinzelmann-chef-x-zu-gewinnen\/"},"modified":"2023-03-12T12:48:52","modified_gmt":"2023-03-12T12:48:52","slug":"einmalige-chance-einen-heinzelmann-chef-x-zu-gewinnen","status":"publish","type":"page","link":"https:\/\/heinzelmannbenelux.com\/de\/einmalige-chance-einen-heinzelmann-chef-x-zu-gewinnen\/","title":{"rendered":"Einmalige Chance, einen Heinzelmann CHEF-X zu gewinnen!"},"content":{"rendered":"\n<figure class=\"wp-block-image size-full\"><img loading=\"lazy\" decoding=\"async\" width=\"564\" height=\"564\" src=\"https:\/\/heinzelmannbenelux.com\/wp-content\/uploads\/2023\/03\/Free-Heinzelmann.png\" alt=\"\" class=\"wp-image-7619\" srcset=\"https:\/\/heinzelmannbenelux.com\/wp-content\/uploads\/2023\/03\/Free-Heinzelmann.png 564w, https:\/\/heinzelmannbenelux.com\/wp-content\/uploads\/2023\/03\/Free-Heinzelmann-300x300.png 300w, https:\/\/heinzelmannbenelux.com\/wp-content\/uploads\/2023\/03\/Free-Heinzelmann-150x150.png 150w, https:\/\/heinzelmannbenelux.com\/wp-content\/uploads\/2023\/03\/Free-Heinzelmann-100x100.png 100w, https:\/\/heinzelmannbenelux.com\/wp-content\/uploads\/2023\/03\/Free-Heinzelmann-140x140.png 140w, https:\/\/heinzelmannbenelux.com\/wp-content\/uploads\/2023\/03\/Free-Heinzelmann-500x500.png 500w, https:\/\/heinzelmannbenelux.com\/wp-content\/uploads\/2023\/03\/Free-Heinzelmann-350x350.png 350w\" sizes=\"auto, (max-width: 564px) 100vw, 564px\" \/><\/figure>\n<p><strong>Entwickelt mit K\u00f6chen, f\u00fcr K\u00f6che.<\/strong><\/p>\n\n<p>Sie sind herzlich eingeladen, sich an der Entwicklung von &#8222;NEXT Heinzelmann&#8220; zu beteiligen! Ihre wertvollen Einblicke und R\u00fcckmeldungen waren f\u00fcr uns immer die gr\u00f6\u00dfte Inspiration f\u00fcr die Entwicklung und Verbesserung des zuk\u00fcnftigen Heinzelmann.  <\/p>\n\n<p>Wenn Sie die Umfrage ausf\u00fcllen und abschicken, haben Sie die Chance, eine der besten multifunktionalen Kochmaschinen zu gewinnen &#8211; Heinzelmann CHEF-X:<br\/><strong><br\/>Was genau beinhaltet die Aktion?<\/strong><\/p>\n\n<p><strong>Die ersten 3 Teilnehmer k\u00f6nnen ein Heinzelmann CHEF-X Set gewinnen<\/strong>!<\/p>\n\n<p><strong>Weitere 10 Gewinner k\u00f6nnen Heinzelmann SMOKER erhalten!<\/strong><br\/><br\/>Da es bei diesem Gewinnspiel nur 13 Teilnehmer gibt, m\u00fcssen Sie bei der Umfrage Ihr Social-Media-Konto und Ihre E-Mail-Adresse angeben. Das Gewinnspiel endet am 30. April 2023 um 23:59 Uhr.<\/p>\n\n<p>ERFOLG!<\/p>\n\n<p><em>* Lesen <\/em><a href=\"https:\/\/www.heinzelmannpro.com\/en\/survey202302_terms\" target=\"_blank\" rel=\"noreferrer noopener\">\n  <em>hier<\/em>\n<\/a> Bedingungen und Konditionen f\u00fcr die Umfrage &#8211; Next Heinzelmann<\/p>\n","protected":false},"excerpt":{"rendered":"<p>Entwickelt mit K\u00f6chen, f\u00fcr K\u00f6che. Sie sind herzlich eingeladen, sich an der Entwicklung von &#8222;NEXT Heinzelmann&#8220; zu beteiligen! Ihre wertvollen Einblicke und R\u00fcckmeldungen waren f\u00fcr&#8230;<\/p>\n","protected":false},"author":2,"featured_media":7622,"parent":0,"menu_order":0,"comment_status":"closed","ping_status":"closed","template":"","meta":{"footnotes":""},"class_list":["post-7632","page","type-page","status-publish","has-post-thumbnail"],"_links":{"self":[{"href":"https:\/\/heinzelmannbenelux.com\/de\/wp-json\/wp\/v2\/pages\/7632","targetHints":{"allow":["GET"]}}],"collection":[{"href":"https:\/\/heinzelmannbenelux.com\/de\/wp-json\/wp\/v2\/pages"}],"about":[{"href":"https:\/\/heinzelmannbenelux.com\/de\/wp-json\/wp\/v2\/types\/page"}],"author":[{"embeddable":true,"href":"https:\/\/heinzelmannbenelux.com\/de\/wp-json\/wp\/v2\/users\/2"}],"replies":[{"embeddable":true,"href":"https:\/\/heinzelmannbenelux.com\/de\/wp-json\/wp\/v2\/comments?post=7632"}],"version-history":[{"count":1,"href":"https:\/\/heinzelmannbenelux.com\/de\/wp-json\/wp\/v2\/pages\/7632\/revisions"}],"predecessor-version":[{"id":7634,"href":"https:\/\/heinzelmannbenelux.com\/de\/wp-json\/wp\/v2\/pages\/7632\/revisions\/7634"}],"wp:featuredmedia":[{"embeddable":true,"href":"https:\/\/heinzelmannbenelux.com\/de\/wp-json\/wp\/v2\/media\/7622"}],"wp:attachment":[{"href":"https:\/\/heinzelmannbenelux.com\/de\/wp-json\/wp\/v2\/media?parent=7632"}],"curies":[{"name":"wp","href":"https:\/\/api.w.org\/{rel}","templated":true}]}}