{"id":7661,"date":"2023-03-13T14:13:58","date_gmt":"2023-03-13T14:13:58","guid":{"rendered":"https:\/\/heinzelmannbenelux.com\/aktion-gewinnen\/"},"modified":"2023-05-01T09:59:48","modified_gmt":"2023-05-01T09:59:48","slug":"aktion-gewinnen","status":"publish","type":"page","link":"https:\/\/heinzelmannbenelux.com\/de\/aktion-gewinnen\/","title":{"rendered":"Aktion gewinnen!"},"content":{"rendered":"[vc_row type=&#8220;full_width_background&#8220; full_screen_row_position=&#8220;middle&#8220; column_margin=&#8220;default&#8220; column_direction=&#8220;default&#8220; column_direction_tablet=&#8220;default&#8220; column_direction_phone=&#8220;default&#8220; bg_color=&#8220;#3f4344&#8243; scene_position=&#8220;center&#8220; top_padding=&#8220;5%&#8220; constrain_group_1=&#8220;yes&#8220; bottom_padding=&#8220;5%&#8220; text_color=&#8220;dark&#8220; text_align=&#8220;center&#8220; row_border_radius=&#8220;none&#8220; row_border_radius_applies=&#8220;bg&#8220; overflow=&#8220;visible&#8220; overlay_strength=&#8220;0.3&#8243; gradient_direction=&#8220;left_to_right&#8220; shape_divider_position=&#8220;bottom&#8220; bg_image_animation=&#8220;none&#8220; gradient_type=&#8220;default&#8220; shape_type=&#8220;&#8220;][vc_column column_padding=&#8220;no-extra-padding&#8220; column_padding_tablet=&#8220;inherit&#8220; column_padding_phone=&#8220;inherit&#8220; column_padding_position=&#8220;all&#8220; column_element_direction_desktop=&#8220;default&#8220; column_element_spacing=&#8220;default&#8220; desktop_text_alignment=&#8220;default&#8220; tablet_text_alignment=&#8220;default&#8220; phone_text_alignment=&#8220;default&#8220; background_color_opacity=&#8220;1&#8243; background_hover_color_opacity=&#8220;1&#8243; column_backdrop_filter=&#8220;none&#8220; column_shadow=&#8220;none&#8220; column_border_radius=&#8220;none&#8220; column_link_target=&#8220;_self&#8220; column_position=&#8220;default&#8220; gradient_direction=&#8220;left_to_right&#8220; overlay_strength=&#8220;0.3&#8243; width=&#8220;1\/1&#8243; tablet_width_inherit=&#8220;default&#8220; animation_type=&#8220;default&#8220; bg_image_animation=&#8220;none&#8220; border_type=&#8220;simple&#8220; column_border_width=&#8220;none&#8220; column_border_style=&#8220;solid&#8220;][vc_column_text]\n<h2 style=\"text-align: center; color: #fff;\"><strong>Entwickelt mit K\u00f6chen, f\u00fcr K\u00f6che.<\/strong><\/h2>\n[\/vc_column_text][vc_column_text]\n<p style=\"text-align: center; color: #fff;\">Sie sind eingeladen, sich an der Entwicklung von &#8222;NEXT Heinzelmann&#8220; zu beteiligen!<br \/>\nIhre wertvollen Einblicke und R\u00fcckmeldungen waren uns schon immer ein wichtiges Anliegen f\u00fcr die zuk\u00fcnftige Entwicklung und Verbesserung von Heinzelmann.<\/p>\n<p style=\"text-align: center; color: #fff;\">F\u00fcllen Sie den folgenden Fragebogen aus und schicken Sie ihn ab. Sie haben die Chance, eine der besten multifunktionalen Kochmaschinen zu gewinnen &#8211; Heinzelmann CHEF-X<\/p>\n[\/vc_column_text][nectar_btn size=&#8220;large&#8220; constrain_group_2=&#8220;yes&#8220; open_new_tab=&#8220;true&#8220; button_style=&#8220;regular&#8220; button_color_2=&#8220;Accent-Color&#8220; icon_family=&#8220;none&#8220; text=&#8220;An der Verlosung teilnehmen&#8220; margin_left=&#8220;auto&#8220; margin_right=&#8220;auto&#8220; url=&#8220;https:\/\/HeinzelmannPro.us4.list-manage.com\/track\/click?u=68a5aabc0b6489dd827ae7e09&amp;id=5b661f91c2&amp;e=cb616d44d0&#8243;][image_with_animation image_url=&#8220;7663&#8243; image_size=&#8220;medium_large&#8220; animation_type=&#8220;entrance&#8220; animation=&#8220;None&#8220; animation_movement_type=&#8220;transform_y&#8220; hover_animation=&#8220;none&#8220; constrain_group_1=&#8220;yes&#8220; alignment=&#8220;center&#8220; border_radius=&#8220;none&#8220; box_shadow=&#8220;none&#8220; image_loading=&#8220;default&#8220; max_width=&#8220;100%&#8220; max_width_mobile=&#8220;default&#8220; margin_top=&#8220;50px&#8220; margin_bottom=&#8220;50px&#8220;][vc_column_text]\n<h3 style=\"text-align: center; color: #fff;\"><strong>Was ist im Angebot?<\/strong><\/h3>\n<p style=\"text-align: center; color: #fe6902;\"><strong>Die ersten 3 k\u00f6nnen je ein Heinzelmann CHEF-X Set erhalten<\/strong><br \/>\n<strong>Weitere 10 Gewinner k\u00f6nnen je einen Heinzelmann SMOKER erhalten<\/strong><\/p>\n<p style=\"text-align: center; color: #fff;\">Da es nur 13 Pl\u00e4tze f\u00fcr diese Verlosung gibt, m\u00fcssen Sie bei der Umfrage Ihren Social-Media-Account und Ihre E-Mail-Adresse angeben. Das Gewinnspiel endet am 30. April 2023 um 23:59 Uhr<\/p>\n[\/vc_column_text][\/vc_column][\/vc_row]\n","protected":false},"excerpt":{"rendered":"<p>[vc_row type=&#8220;full_width_background&#8220; full_screen_row_position=&#8220;middle&#8220; column_margin=&#8220;default&#8220; column_direction=&#8220;default&#8220; column_direction_tablet=&#8220;default&#8220; column_direction_phone=&#8220;default&#8220; bg_color=&#8220;#3f4344&#8243; scene_position=&#8220;center&#8220; top_padding=&#8220;5%&#8220; constrain_group_1=&#8220;yes&#8220; bottom_padding=&#8220;5%&#8220; text_color=&#8220;dark&#8220; text_align=&#8220;center&#8220; row_border_radius=&#8220;none&#8220; row_border_radius_applies=&#8220;bg&#8220; overflow=&#8220;visible&#8220; overlay_strength=&#8220;0.3&#8243; gradient_direction=&#8220;left_to_right&#8220; shape_divider_position=&#8220;bottom&#8220; bg_image_animation=&#8220;none&#8220; gradient_type=&#8220;default&#8220; shape_type=&#8220;&#8220;][vc_column column_padding=&#8220;no-extra-padding&#8220; column_padding_tablet=&#8220;inherit&#8220;&#8230;<\/p>\n","protected":false},"author":1,"featured_media":0,"parent":0,"menu_order":0,"comment_status":"closed","ping_status":"closed","template":"","meta":{"footnotes":""},"class_list":["post-7661","page","type-page","status-publish"],"_links":{"self":[{"href":"https:\/\/heinzelmannbenelux.com\/de\/wp-json\/wp\/v2\/pages\/7661","targetHints":{"allow":["GET"]}}],"collection":[{"href":"https:\/\/heinzelmannbenelux.com\/de\/wp-json\/wp\/v2\/pages"}],"about":[{"href":"https:\/\/heinzelmannbenelux.com\/de\/wp-json\/wp\/v2\/types\/page"}],"author":[{"embeddable":true,"href":"https:\/\/heinzelmannbenelux.com\/de\/wp-json\/wp\/v2\/users\/1"}],"replies":[{"embeddable":true,"href":"https:\/\/heinzelmannbenelux.com\/de\/wp-json\/wp\/v2\/comments?post=7661"}],"version-history":[{"count":11,"href":"https:\/\/heinzelmannbenelux.com\/de\/wp-json\/wp\/v2\/pages\/7661\/revisions"}],"predecessor-version":[{"id":7709,"href":"https:\/\/heinzelmannbenelux.com\/de\/wp-json\/wp\/v2\/pages\/7661\/revisions\/7709"}],"wp:attachment":[{"href":"https:\/\/heinzelmannbenelux.com\/de\/wp-json\/wp\/v2\/media?parent=7661"}],"curies":[{"name":"wp","href":"https:\/\/api.w.org\/{rel}","templated":true}]}}