{"id":7114,"date":"2023-01-31T13:49:49","date_gmt":"2023-01-31T13:49:49","guid":{"rendered":"https:\/\/heinzelmannbenelux.com\/product\/heinzelmann-chef-x-silikondichtring-fuer-deckel\/"},"modified":"2023-01-31T13:49:49","modified_gmt":"2023-01-31T13:49:49","slug":"heinzelmann-chef-x-silikon-dichtung-fur-deckel","status":"publish","type":"product","link":"https:\/\/heinzelmannbenelux.com\/de\/produkt\/heinzelmann-chef-x-silikon-dichtung-fur-deckel\/","title":{"rendered":"Heinzelmann CHEF-X Silikondichtring f\u00fcr Deckel"},"content":{"rendered":"","protected":false},"excerpt":{"rendered":"<div class=\"woocommerce-product-details__short-description\">\n<p>Genie\u00dfen Sie das Kochen mit Zuversicht und halten Sie den Heinzelmann CHEF-X Deckel angemessen dicht, indem Sie den Silikon-Dichtring des Deckels bei starker Beanspruchung j\u00e4hrlich austauschen. Wenn Sie den CHEF-X etwas weniger intensiv nutzen, empfehlen wir, den Dichtungsring alle zwei Jahre auszutauschen.<\/p>\n<p>Es ist Ihr wichtigstes Heinzelmann CHEF-X Ersatzteil. Sobald Sie den neuen Silikondichtring im Deckel der R\u00fchrsch\u00fcssel haben, k\u00f6nnen Sie mit der Arbeit an Ihren Lieblingsrezepten f\u00fcr die n\u00e4chste Zeit beginnen.<\/p>\n<p>Ersetzen Sie die Deckeldichtung sp\u00e4testens alle 2 Jahre und bei intensivem Gebrauch j\u00e4hrlich.<\/p>\n<\/div>\n","protected":false},"featured_media":7023,"comment_status":"closed","ping_status":"closed","template":"","meta":[],"product_brand":[],"product_cat":[149],"product_tag":[157],"class_list":{"0":"post-7114","1":"product","2":"type-product","3":"status-publish","4":"has-post-thumbnail","6":"product_cat-zubehor","7":"product_tag-dichtungsring","8":"product_shipping_class-zubehor","10":"first","11":"instock","12":"taxable","13":"shipping-taxable","14":"purchasable","15":"product-type-simple"},"_links":{"self":[{"href":"https:\/\/heinzelmannbenelux.com\/de\/wp-json\/wp\/v2\/product\/7114","targetHints":{"allow":["GET"]}}],"collection":[{"href":"https:\/\/heinzelmannbenelux.com\/de\/wp-json\/wp\/v2\/product"}],"about":[{"href":"https:\/\/heinzelmannbenelux.com\/de\/wp-json\/wp\/v2\/types\/product"}],"replies":[{"embeddable":true,"href":"https:\/\/heinzelmannbenelux.com\/de\/wp-json\/wp\/v2\/comments?post=7114"}],"wp:featuredmedia":[{"embeddable":true,"href":"https:\/\/heinzelmannbenelux.com\/de\/wp-json\/wp\/v2\/media\/7023"}],"wp:attachment":[{"href":"https:\/\/heinzelmannbenelux.com\/de\/wp-json\/wp\/v2\/media?parent=7114"}],"wp:term":[{"taxonomy":"product_brand","embeddable":true,"href":"https:\/\/heinzelmannbenelux.com\/de\/wp-json\/wp\/v2\/product_brand?post=7114"},{"taxonomy":"product_cat","embeddable":true,"href":"https:\/\/heinzelmannbenelux.com\/de\/wp-json\/wp\/v2\/product_cat?post=7114"},{"taxonomy":"product_tag","embeddable":true,"href":"https:\/\/heinzelmannbenelux.com\/de\/wp-json\/wp\/v2\/product_tag?post=7114"}],"curies":[{"name":"wp","href":"https:\/\/api.w.org\/{rel}","templated":true}]}}