{"id":7126,"date":"2023-01-31T13:31:57","date_gmt":"2023-01-31T13:31:57","guid":{"rendered":"https:\/\/heinzelmannbenelux.com\/product\/heinzelmann-chef-x-schneebesen\/"},"modified":"2023-01-31T13:31:57","modified_gmt":"2023-01-31T13:31:57","slug":"heinzelmann-chef-x-whisk","status":"publish","type":"product","link":"https:\/\/heinzelmannbenelux.com\/de\/produkt\/heinzelmann-chef-x-whisk\/","title":{"rendered":"Heinzelmann CHEF-X Schneebesen"},"content":{"rendered":"<p><strong>Benutzerfreundlich, leicht zu reinigen und langlebig. Der Heinzelmann CHEF-X ist bereit f\u00fcr den t\u00e4glichen Einsatz in der Profik\u00fcche.<\/strong><\/p>\n<p><iframe loading=\"lazy\" title=\"Inside Heinzelmann CHEF-X - Whipping Cream\" width=\"1080\" height=\"810\" src=\"https:\/\/www.youtube.com\/embed\/7JoHlszLnl0?feature=oembed\" frameborder=\"0\" allow=\"accelerometer; autoplay; clipboard-write; encrypted-media; gyroscope; picture-in-picture; web-share\" allowfullscreen><\/iframe><\/p>\n<p>&nbsp;<\/p>\n","protected":false},"excerpt":{"rendered":"<p>Einfacher geht&#8217;s nicht: Kalte Schlagsahne in den Heinzelmann Chef-X geben, Zucker oder Aromen wie Vanille hinzuf\u00fcgen und ein bis zwei Minuten aufschlagen, bis die richtige Konsistenz erreicht ist. Die Sch\u00fcssel und das Messer k\u00f6nnen Zimmertemperatur haben, so dass der gesamte Vorgang nur wenige Augenblicke dauert.<\/p>\n<p>Der CHEF-X Schneebesen eignet sich perfekt f\u00fcr die Zubereitung von Saucen und Mousses, zum Aufschlagen von Eiwei\u00df, Sahne, Mayonnaise oder zum Zubereiten Ihrer Lieblingsbutter mit Kr\u00e4utern und Gew\u00fcrzen.<\/p>\n<p>Tipp! Wenn Sie Ihren CHEF-X Schneebesen verwenden, sollten Sie nicht h\u00f6her als Stufe 4 gehen.<\/p>\n<ul>\n<li>Sp\u00fclmaschinenfest.<\/li>\n<li>Das Material entspricht der EU-Norm f\u00fcr den Kontakt mit Lebensmitteln<\/li>\n<li>Das Material entspricht der RoHS-Norm<\/li>\n<\/ul>\n","protected":false},"featured_media":6834,"comment_status":"closed","ping_status":"closed","template":"","meta":[],"product_brand":[],"product_cat":[149],"product_tag":[184,183,186,185],"class_list":{"0":"post-7126","1":"product","2":"type-product","3":"status-publish","4":"has-post-thumbnail","6":"product_cat-zubehor","7":"product_tag-schneebesen-de","8":"product_tag-schneebesen","9":"product_tag-slagwoom-de","10":"product_tag-speichern","11":"product_shipping_class-zubehor","13":"first","14":"instock","15":"taxable","16":"shipping-taxable","17":"purchasable","18":"product-type-simple"},"_links":{"self":[{"href":"https:\/\/heinzelmannbenelux.com\/de\/wp-json\/wp\/v2\/product\/7126","targetHints":{"allow":["GET"]}}],"collection":[{"href":"https:\/\/heinzelmannbenelux.com\/de\/wp-json\/wp\/v2\/product"}],"about":[{"href":"https:\/\/heinzelmannbenelux.com\/de\/wp-json\/wp\/v2\/types\/product"}],"replies":[{"embeddable":true,"href":"https:\/\/heinzelmannbenelux.com\/de\/wp-json\/wp\/v2\/comments?post=7126"}],"wp:featuredmedia":[{"embeddable":true,"href":"https:\/\/heinzelmannbenelux.com\/de\/wp-json\/wp\/v2\/media\/6834"}],"wp:attachment":[{"href":"https:\/\/heinzelmannbenelux.com\/de\/wp-json\/wp\/v2\/media?parent=7126"}],"wp:term":[{"taxonomy":"product_brand","embeddable":true,"href":"https:\/\/heinzelmannbenelux.com\/de\/wp-json\/wp\/v2\/product_brand?post=7126"},{"taxonomy":"product_cat","embeddable":true,"href":"https:\/\/heinzelmannbenelux.com\/de\/wp-json\/wp\/v2\/product_cat?post=7126"},{"taxonomy":"product_tag","embeddable":true,"href":"https:\/\/heinzelmannbenelux.com\/de\/wp-json\/wp\/v2\/product_tag?post=7126"}],"curies":[{"name":"wp","href":"https:\/\/api.w.org\/{rel}","templated":true}]}}