{"id":7135,"date":"2023-01-31T12:41:32","date_gmt":"2023-01-31T12:41:32","guid":{"rendered":"https:\/\/heinzelmannbenelux.com\/product\/heinzelmann-chef-x-professioneller-thermoblender-hmcx02s\/"},"modified":"2024-11-30T00:02:20","modified_gmt":"2024-11-30T00:02:20","slug":"heinzelmann-chef-x-professionell-thermoblender-hmcx02s","status":"publish","type":"product","link":"https:\/\/heinzelmannbenelux.com\/de\/produkt\/heinzelmann-chef-x-professionell-thermoblender-hmcx02s\/","title":{"rendered":"Heinzelmann CHEF-X Professioneller Thermoblender HMCX02S"},"content":{"rendered":"<p style=\"text-align: left;\"><strong>Benutzerfreundlich, leicht zu reinigen und langlebig. Der Heinzelmann CHEF-X ist bereit f\u00fcr den t\u00e4glichen Einsatz in der Profik\u00fcche.<\/strong><\/p>\n<p><iframe loading=\"lazy\" title=\"Heinzelmann Dish 3 \u2013 Sable Dough\" width=\"1080\" height=\"608\" src=\"https:\/\/www.youtube.com\/embed\/Fw3bGhlakrI?feature=oembed\" frameborder=\"0\" allow=\"accelerometer; autoplay; clipboard-write; encrypted-media; gyroscope; picture-in-picture; web-share\" allowfullscreen><\/iframe><\/p>\n","protected":false},"excerpt":{"rendered":"<p>Entwickelt mit K\u00f6chen, f\u00fcr K\u00f6che.<\/p>\n<p>Arbeiten Sie intelligenter und schneller mit dem Heinzelmann CHEF-X, einer professionellen K\u00fcchenmaschine, die auf Effizienz ausgelegt ist. Die Heinzelmann CHEF-X ist eine multifunktionale und professionelle K\u00fcchenmaschine, die gemeinsam mit K\u00f6chen und unserem deutschen Designteam entwickelt wurde, um den Anforderungen der anspruchsvollsten Profik\u00fcchen gerecht zu werden.<\/p>\n<p>Klicken Sie <a href=\"https:\/\/heinzelmannbenelux.com\/\" target=\"_blank\" rel=\"noopener\">hier<\/a> f\u00fcr weitere Informationen<\/p>\n","protected":false},"featured_media":6909,"comment_status":"closed","ping_status":"closed","template":"","meta":[],"product_brand":[],"product_cat":[187],"product_tag":[189,188],"class_list":{"0":"post-7135","1":"product","2":"type-product","3":"status-publish","4":"has-post-thumbnail","6":"product_cat-heinzelmann-chef-x-de","7":"product_tag-chef-x-de","8":"product_tag-thermoblender-de","10":"first","11":"instock","12":"taxable","13":"shipping-taxable","14":"purchasable","15":"product-type-simple"},"yoast_head":"<!-- This site is optimized with the Yoast SEO plugin v27.3 - https:\/\/yoast.com\/product\/yoast-seo-wordpress\/ -->\n<title>Heinzelmann CHEF-X Professioneller Thermoblender HMCX02S - Heinzelmann Benelux<\/title>\n<meta name=\"description\" content=\"Arbeiten Sie intelligenter und schneller mit dem Heinzelmann CHEF-X Thermoblender, einem professionellen K\u00fcchenger\u00e4t, das auf Effizienz ausgelegt ist.\" \/>\n<meta name=\"robots\" content=\"index, follow, max-snippet:-1, max-image-preview:large, max-video-preview:-1\" \/>\n<link rel=\"canonical\" href=\"https:\/\/heinzelmannbenelux.com\/de\/produkt\/heinzelmann-chef-x-professionell-thermoblender-hmcx02s\/\" \/>\n<meta property=\"og:locale\" content=\"de_DE\" \/>\n<meta property=\"og:type\" content=\"article\" \/>\n<meta property=\"og:title\" content=\"Heinzelmann CHEF-X Professioneller Thermoblender HMCX02S - Heinzelmann Benelux\" \/>\n<meta property=\"og:description\" content=\"Arbeiten Sie intelligenter und schneller mit dem Heinzelmann CHEF-X Thermoblender, einem professionellen K\u00fcchenger\u00e4t, das auf Effizienz ausgelegt ist.\" \/>\n<meta property=\"og:url\" content=\"https:\/\/heinzelmannbenelux.com\/de\/produkt\/heinzelmann-chef-x-professionell-thermoblender-hmcx02s\/\" \/>\n<meta property=\"og:site_name\" content=\"Heinzelmann Benelux\" \/>\n<meta property=\"article:publisher\" content=\"https:\/\/m.facebook.com\/Heinzelmann-Benelux-106224102091795\/?ref=py_c&amp;paipv=1&amp;eav=AfZLxXGj0eaM4Iekjeg3N7-_9NMRb5zfoQd2tAlIcR3rZCBvOTxrQTnb-DF0qFU80wU\" \/>\n<meta property=\"article:modified_time\" content=\"2024-11-30T00:02:20+00:00\" \/>\n<meta property=\"og:image\" content=\"https:\/\/heinzelmannbenelux.com\/wp-content\/uploads\/2023\/01\/Heinzelmann-CHEF-X-front-martijn-van-roon-scaled.jpg\" \/>\n\t<meta property=\"og:image:width\" content=\"2560\" \/>\n\t<meta property=\"og:image:height\" content=\"1707\" \/>\n\t<meta property=\"og:image:type\" content=\"image\/jpeg\" \/>\n<meta name=\"twitter:card\" content=\"summary_large_image\" \/>\n<script type=\"application\/ld+json\" class=\"yoast-schema-graph\">{\"@context\":\"https:\\\/\\\/schema.org\",\"@graph\":[{\"@type\":\"WebPage\",\"@id\":\"https:\\\/\\\/heinzelmannbenelux.com\\\/de\\\/produkt\\\/heinzelmann-chef-x-professionell-thermoblender-hmcx02s\\\/\",\"url\":\"https:\\\/\\\/heinzelmannbenelux.com\\\/de\\\/produkt\\\/heinzelmann-chef-x-professionell-thermoblender-hmcx02s\\\/\",\"name\":\"Heinzelmann CHEF-X Professioneller Thermoblender HMCX02S - Heinzelmann Benelux\",\"isPartOf\":{\"@id\":\"https:\\\/\\\/heinzelmannbenelux.com\\\/de\\\/#website\"},\"primaryImageOfPage\":{\"@id\":\"https:\\\/\\\/heinzelmannbenelux.com\\\/de\\\/produkt\\\/heinzelmann-chef-x-professionell-thermoblender-hmcx02s\\\/#primaryimage\"},\"image\":{\"@id\":\"https:\\\/\\\/heinzelmannbenelux.com\\\/de\\\/produkt\\\/heinzelmann-chef-x-professionell-thermoblender-hmcx02s\\\/#primaryimage\"},\"thumbnailUrl\":\"https:\\\/\\\/heinzelmannbenelux.com\\\/wp-content\\\/uploads\\\/2023\\\/01\\\/Heinzelmann-CHEF-X-front-martijn-van-roon-scaled.jpg\",\"datePublished\":\"2023-01-31T12:41:32+00:00\",\"dateModified\":\"2024-11-30T00:02:20+00:00\",\"description\":\"Arbeiten Sie intelligenter und schneller mit dem Heinzelmann CHEF-X Thermoblender, einem professionellen K\u00fcchenger\u00e4t, das auf Effizienz ausgelegt ist.\",\"breadcrumb\":{\"@id\":\"https:\\\/\\\/heinzelmannbenelux.com\\\/de\\\/produkt\\\/heinzelmann-chef-x-professionell-thermoblender-hmcx02s\\\/#breadcrumb\"},\"inLanguage\":\"de\",\"potentialAction\":[{\"@type\":\"ReadAction\",\"target\":[\"https:\\\/\\\/heinzelmannbenelux.com\\\/de\\\/produkt\\\/heinzelmann-chef-x-professionell-thermoblender-hmcx02s\\\/\"]}]},{\"@type\":\"ImageObject\",\"inLanguage\":\"de\",\"@id\":\"https:\\\/\\\/heinzelmannbenelux.com\\\/de\\\/produkt\\\/heinzelmann-chef-x-professionell-thermoblender-hmcx02s\\\/#primaryimage\",\"url\":\"https:\\\/\\\/heinzelmannbenelux.com\\\/wp-content\\\/uploads\\\/2023\\\/01\\\/Heinzelmann-CHEF-X-front-martijn-van-roon-scaled.jpg\",\"contentUrl\":\"https:\\\/\\\/heinzelmannbenelux.com\\\/wp-content\\\/uploads\\\/2023\\\/01\\\/Heinzelmann-CHEF-X-front-martijn-van-roon-scaled.jpg\",\"width\":2560,\"height\":1707,\"caption\":\"Heinzelmann CHEF-X thermoblender\"},{\"@type\":\"BreadcrumbList\",\"@id\":\"https:\\\/\\\/heinzelmannbenelux.com\\\/de\\\/produkt\\\/heinzelmann-chef-x-professionell-thermoblender-hmcx02s\\\/#breadcrumb\",\"itemListElement\":[{\"@type\":\"ListItem\",\"position\":1,\"name\":\"Home\",\"item\":\"https:\\\/\\\/heinzelmannbenelux.com\\\/de\\\/\"},{\"@type\":\"ListItem\",\"position\":2,\"name\":\"Shop\",\"item\":\"https:\\\/\\\/heinzelmannbenelux.com\\\/de\\\/shop\\\/\"},{\"@type\":\"ListItem\",\"position\":3,\"name\":\"Heinzelmann CHEF-X Professioneller Thermoblender HMCX02S\"}]},{\"@type\":\"WebSite\",\"@id\":\"https:\\\/\\\/heinzelmannbenelux.com\\\/de\\\/#website\",\"url\":\"https:\\\/\\\/heinzelmannbenelux.com\\\/de\\\/\",\"name\":\"Heinzelmann Benelux\",\"description\":\"Heinzelmann CHEF-X\",\"publisher\":{\"@id\":\"https:\\\/\\\/heinzelmannbenelux.com\\\/de\\\/#\\\/schema\\\/person\\\/06b261711e3de131a198056d99fad088\"},\"potentialAction\":[{\"@type\":\"SearchAction\",\"target\":{\"@type\":\"EntryPoint\",\"urlTemplate\":\"https:\\\/\\\/heinzelmannbenelux.com\\\/de\\\/?s={search_term_string}\"},\"query-input\":{\"@type\":\"PropertyValueSpecification\",\"valueRequired\":true,\"valueName\":\"search_term_string\"}}],\"inLanguage\":\"de\"},{\"@type\":[\"Person\",\"Organization\"],\"@id\":\"https:\\\/\\\/heinzelmannbenelux.com\\\/de\\\/#\\\/schema\\\/person\\\/06b261711e3de131a198056d99fad088\",\"name\":\"Martijn Van Roon\",\"image\":{\"@type\":\"ImageObject\",\"inLanguage\":\"de\",\"@id\":\"https:\\\/\\\/heinzelmannbenelux.com\\\/wp-content\\\/uploads\\\/2023\\\/02\\\/NL-MVR-HMlogo-v2.png\",\"url\":\"https:\\\/\\\/heinzelmannbenelux.com\\\/wp-content\\\/uploads\\\/2023\\\/02\\\/NL-MVR-HMlogo-v2.png\",\"contentUrl\":\"https:\\\/\\\/heinzelmannbenelux.com\\\/wp-content\\\/uploads\\\/2023\\\/02\\\/NL-MVR-HMlogo-v2.png\",\"width\":337,\"height\":66,\"caption\":\"Martijn Van Roon\"},\"logo\":{\"@id\":\"https:\\\/\\\/heinzelmannbenelux.com\\\/wp-content\\\/uploads\\\/2023\\\/02\\\/NL-MVR-HMlogo-v2.png\"},\"sameAs\":[\"http:\\\/\\\/martijnvanroon.nl\",\"https:\\\/\\\/m.facebook.com\\\/Heinzelmann-Benelux-106224102091795\\\/?ref=py_c&paipv=1&eav=AfZLxXGj0eaM4Iekjeg3N7-_9NMRb5zfoQd2tAlIcR3rZCBvOTxrQTnb-DF0qFU80wU\",\"https:\\\/\\\/www.instagram.com\\\/heinzelmann.benelux\\\/\",\"https:\\\/\\\/www.linkedin.com\\\/company\\\/heinzelmann-benelux\\\/\",\"https:\\\/\\\/www.youtube.com\\\/@heinzelmannde8106\\\/featured\"]}]}<\/script>\n<!-- \/ Yoast SEO plugin. -->","yoast_head_json":{"title":"Heinzelmann CHEF-X Professioneller Thermoblender HMCX02S - Heinzelmann Benelux","description":"Arbeiten Sie intelligenter und schneller mit dem Heinzelmann CHEF-X Thermoblender, einem professionellen K\u00fcchenger\u00e4t, das auf Effizienz ausgelegt ist.","robots":{"index":"index","follow":"follow","max-snippet":"max-snippet:-1","max-image-preview":"max-image-preview:large","max-video-preview":"max-video-preview:-1"},"canonical":"https:\/\/heinzelmannbenelux.com\/de\/produkt\/heinzelmann-chef-x-professionell-thermoblender-hmcx02s\/","og_locale":"de_DE","og_type":"article","og_title":"Heinzelmann CHEF-X Professioneller Thermoblender HMCX02S - Heinzelmann Benelux","og_description":"Arbeiten Sie intelligenter und schneller mit dem Heinzelmann CHEF-X Thermoblender, einem professionellen K\u00fcchenger\u00e4t, das auf Effizienz ausgelegt ist.","og_url":"https:\/\/heinzelmannbenelux.com\/de\/produkt\/heinzelmann-chef-x-professionell-thermoblender-hmcx02s\/","og_site_name":"Heinzelmann Benelux","article_publisher":"https:\/\/m.facebook.com\/Heinzelmann-Benelux-106224102091795\/?ref=py_c&paipv=1&eav=AfZLxXGj0eaM4Iekjeg3N7-_9NMRb5zfoQd2tAlIcR3rZCBvOTxrQTnb-DF0qFU80wU","article_modified_time":"2024-11-30T00:02:20+00:00","og_image":[{"width":2560,"height":1707,"url":"https:\/\/heinzelmannbenelux.com\/wp-content\/uploads\/2023\/01\/Heinzelmann-CHEF-X-front-martijn-van-roon-scaled.jpg","type":"image\/jpeg"}],"twitter_card":"summary_large_image","schema":{"@context":"https:\/\/schema.org","@graph":[{"@type":"WebPage","@id":"https:\/\/heinzelmannbenelux.com\/de\/produkt\/heinzelmann-chef-x-professionell-thermoblender-hmcx02s\/","url":"https:\/\/heinzelmannbenelux.com\/de\/produkt\/heinzelmann-chef-x-professionell-thermoblender-hmcx02s\/","name":"Heinzelmann CHEF-X Professioneller Thermoblender HMCX02S - Heinzelmann Benelux","isPartOf":{"@id":"https:\/\/heinzelmannbenelux.com\/de\/#website"},"primaryImageOfPage":{"@id":"https:\/\/heinzelmannbenelux.com\/de\/produkt\/heinzelmann-chef-x-professionell-thermoblender-hmcx02s\/#primaryimage"},"image":{"@id":"https:\/\/heinzelmannbenelux.com\/de\/produkt\/heinzelmann-chef-x-professionell-thermoblender-hmcx02s\/#primaryimage"},"thumbnailUrl":"https:\/\/heinzelmannbenelux.com\/wp-content\/uploads\/2023\/01\/Heinzelmann-CHEF-X-front-martijn-van-roon-scaled.jpg","datePublished":"2023-01-31T12:41:32+00:00","dateModified":"2024-11-30T00:02:20+00:00","description":"Arbeiten Sie intelligenter und schneller mit dem Heinzelmann CHEF-X Thermoblender, einem professionellen K\u00fcchenger\u00e4t, das auf Effizienz ausgelegt ist.","breadcrumb":{"@id":"https:\/\/heinzelmannbenelux.com\/de\/produkt\/heinzelmann-chef-x-professionell-thermoblender-hmcx02s\/#breadcrumb"},"inLanguage":"de","potentialAction":[{"@type":"ReadAction","target":["https:\/\/heinzelmannbenelux.com\/de\/produkt\/heinzelmann-chef-x-professionell-thermoblender-hmcx02s\/"]}]},{"@type":"ImageObject","inLanguage":"de","@id":"https:\/\/heinzelmannbenelux.com\/de\/produkt\/heinzelmann-chef-x-professionell-thermoblender-hmcx02s\/#primaryimage","url":"https:\/\/heinzelmannbenelux.com\/wp-content\/uploads\/2023\/01\/Heinzelmann-CHEF-X-front-martijn-van-roon-scaled.jpg","contentUrl":"https:\/\/heinzelmannbenelux.com\/wp-content\/uploads\/2023\/01\/Heinzelmann-CHEF-X-front-martijn-van-roon-scaled.jpg","width":2560,"height":1707,"caption":"Heinzelmann CHEF-X thermoblender"},{"@type":"BreadcrumbList","@id":"https:\/\/heinzelmannbenelux.com\/de\/produkt\/heinzelmann-chef-x-professionell-thermoblender-hmcx02s\/#breadcrumb","itemListElement":[{"@type":"ListItem","position":1,"name":"Home","item":"https:\/\/heinzelmannbenelux.com\/de\/"},{"@type":"ListItem","position":2,"name":"Shop","item":"https:\/\/heinzelmannbenelux.com\/de\/shop\/"},{"@type":"ListItem","position":3,"name":"Heinzelmann CHEF-X Professioneller Thermoblender HMCX02S"}]},{"@type":"WebSite","@id":"https:\/\/heinzelmannbenelux.com\/de\/#website","url":"https:\/\/heinzelmannbenelux.com\/de\/","name":"Heinzelmann Benelux","description":"Heinzelmann CHEF-X","publisher":{"@id":"https:\/\/heinzelmannbenelux.com\/de\/#\/schema\/person\/06b261711e3de131a198056d99fad088"},"potentialAction":[{"@type":"SearchAction","target":{"@type":"EntryPoint","urlTemplate":"https:\/\/heinzelmannbenelux.com\/de\/?s={search_term_string}"},"query-input":{"@type":"PropertyValueSpecification","valueRequired":true,"valueName":"search_term_string"}}],"inLanguage":"de"},{"@type":["Person","Organization"],"@id":"https:\/\/heinzelmannbenelux.com\/de\/#\/schema\/person\/06b261711e3de131a198056d99fad088","name":"Martijn Van Roon","image":{"@type":"ImageObject","inLanguage":"de","@id":"https:\/\/heinzelmannbenelux.com\/wp-content\/uploads\/2023\/02\/NL-MVR-HMlogo-v2.png","url":"https:\/\/heinzelmannbenelux.com\/wp-content\/uploads\/2023\/02\/NL-MVR-HMlogo-v2.png","contentUrl":"https:\/\/heinzelmannbenelux.com\/wp-content\/uploads\/2023\/02\/NL-MVR-HMlogo-v2.png","width":337,"height":66,"caption":"Martijn Van Roon"},"logo":{"@id":"https:\/\/heinzelmannbenelux.com\/wp-content\/uploads\/2023\/02\/NL-MVR-HMlogo-v2.png"},"sameAs":["http:\/\/martijnvanroon.nl","https:\/\/m.facebook.com\/Heinzelmann-Benelux-106224102091795\/?ref=py_c&paipv=1&eav=AfZLxXGj0eaM4Iekjeg3N7-_9NMRb5zfoQd2tAlIcR3rZCBvOTxrQTnb-DF0qFU80wU","https:\/\/www.instagram.com\/heinzelmann.benelux\/","https:\/\/www.linkedin.com\/company\/heinzelmann-benelux\/","https:\/\/www.youtube.com\/@heinzelmannde8106\/featured"]}]}},"_links":{"self":[{"href":"https:\/\/heinzelmannbenelux.com\/de\/wp-json\/wp\/v2\/product\/7135","targetHints":{"allow":["GET"]}}],"collection":[{"href":"https:\/\/heinzelmannbenelux.com\/de\/wp-json\/wp\/v2\/product"}],"about":[{"href":"https:\/\/heinzelmannbenelux.com\/de\/wp-json\/wp\/v2\/types\/product"}],"replies":[{"embeddable":true,"href":"https:\/\/heinzelmannbenelux.com\/de\/wp-json\/wp\/v2\/comments?post=7135"}],"wp:featuredmedia":[{"embeddable":true,"href":"https:\/\/heinzelmannbenelux.com\/de\/wp-json\/wp\/v2\/media\/6909"}],"wp:attachment":[{"href":"https:\/\/heinzelmannbenelux.com\/de\/wp-json\/wp\/v2\/media?parent=7135"}],"wp:term":[{"taxonomy":"product_brand","embeddable":true,"href":"https:\/\/heinzelmannbenelux.com\/de\/wp-json\/wp\/v2\/product_brand?post=7135"},{"taxonomy":"product_cat","embeddable":true,"href":"https:\/\/heinzelmannbenelux.com\/de\/wp-json\/wp\/v2\/product_cat?post=7135"},{"taxonomy":"product_tag","embeddable":true,"href":"https:\/\/heinzelmannbenelux.com\/de\/wp-json\/wp\/v2\/product_tag?post=7135"}],"curies":[{"name":"wp","href":"https:\/\/api.w.org\/{rel}","templated":true}]}}