{"id":7149,"date":"2023-01-31T13:27:39","date_gmt":"2023-01-31T13:27:39","guid":{"rendered":"https:\/\/heinzelmannbenelux.com\/product\/heinzelmann-chef-x-dampfgarkorb\/"},"modified":"2023-01-31T13:27:39","modified_gmt":"2023-01-31T13:27:39","slug":"heinzelmann-chef-x-dampfkorb","status":"publish","type":"product","link":"https:\/\/heinzelmannbenelux.com\/de\/produkt\/heinzelmann-chef-x-dampfkorb\/","title":{"rendered":"Heinzelmann CHEF-X Dampfgarkorb"},"content":{"rendered":"<p><strong>Benutzerfreundlich, leicht zu reinigen und langlebig. Der Heinzelmann CHEF-X ist bereit f\u00fcr den t\u00e4glichen Einsatz in der Profik\u00fcche.<\/strong><\/p>\n<p><iframe loading=\"lazy\" title=\"Heinzelmann Chef-X Accessories Design - Simmering Basket\" width=\"1080\" height=\"608\" src=\"https:\/\/www.youtube.com\/embed\/5pxcm3De8Cg?feature=oembed\" frameborder=\"0\" allow=\"accelerometer; autoplay; clipboard-write; encrypted-media; gyroscope; picture-in-picture; web-share\" allowfullscreen><\/iframe><\/p>\n","protected":false},"excerpt":{"rendered":"<p>Der Heinzelmann CHEF-X Dampfgareinsatz passt perfekt in den Heinzelmann CHEF-X Mixtopf und ist ideal f\u00fcr die Zubereitung von Beilagen wie Reis, Kartoffeln oder Gem\u00fcse f\u00fcr &#8222;All-in-one&#8220;-Gerichte. Er eignet sich auch hervorragend als Obst- oder Gem\u00fcsesieb &#8211; ein weiterer praktischer Aspekt, der die Zubereitung Ihrer Mahlzeiten erleichtert.<\/p>\n<p>Indem Sie Ihre Zutaten in den Gareinsatz legen, k\u00f6nnen sie gekocht oder ged\u00fcnstet werden, w\u00e4hrend der EF-X Spatel an die Form des Mixtopfs angepasst ist und in jede Spalte gelangt, was das Schaben erleichtert. Der praktische Spatelhaken, der in eine entsprechende Aussparung am Rand des Dampfgareinsatzes passt. Wenn Sie den Haken in die Aussparung einf\u00fchren, k\u00f6nnen Sie den Dampfgareinsatz sicher herausnehmen.<\/p>\n<ul>\n<li>Sp\u00fclmaschinentauglich<\/li>\n<li>Das Material entspricht der EU-Norm f\u00fcr den Kontakt mit Lebensmitteln<\/li>\n<li>Das Material entspricht der RoHS-Norm<\/li>\n<\/ul>\n","protected":false},"featured_media":6831,"comment_status":"closed","ping_status":"closed","template":"","meta":[],"product_brand":[],"product_cat":[149],"product_tag":[210,208],"class_list":{"0":"post-7149","1":"product","2":"type-product","3":"status-publish","4":"has-post-thumbnail","6":"product_cat-zubehor","7":"product_tag-dampfend","8":"product_tag-steamer-korb","9":"product_shipping_class-zubehor","11":"first","12":"instock","13":"taxable","14":"shipping-taxable","15":"purchasable","16":"product-type-simple"},"_links":{"self":[{"href":"https:\/\/heinzelmannbenelux.com\/de\/wp-json\/wp\/v2\/product\/7149","targetHints":{"allow":["GET"]}}],"collection":[{"href":"https:\/\/heinzelmannbenelux.com\/de\/wp-json\/wp\/v2\/product"}],"about":[{"href":"https:\/\/heinzelmannbenelux.com\/de\/wp-json\/wp\/v2\/types\/product"}],"replies":[{"embeddable":true,"href":"https:\/\/heinzelmannbenelux.com\/de\/wp-json\/wp\/v2\/comments?post=7149"}],"wp:featuredmedia":[{"embeddable":true,"href":"https:\/\/heinzelmannbenelux.com\/de\/wp-json\/wp\/v2\/media\/6831"}],"wp:attachment":[{"href":"https:\/\/heinzelmannbenelux.com\/de\/wp-json\/wp\/v2\/media?parent=7149"}],"wp:term":[{"taxonomy":"product_brand","embeddable":true,"href":"https:\/\/heinzelmannbenelux.com\/de\/wp-json\/wp\/v2\/product_brand?post=7149"},{"taxonomy":"product_cat","embeddable":true,"href":"https:\/\/heinzelmannbenelux.com\/de\/wp-json\/wp\/v2\/product_cat?post=7149"},{"taxonomy":"product_tag","embeddable":true,"href":"https:\/\/heinzelmannbenelux.com\/de\/wp-json\/wp\/v2\/product_tag?post=7149"}],"curies":[{"name":"wp","href":"https:\/\/api.w.org\/{rel}","templated":true}]}}