{"id":7172,"date":"2023-01-31T12:45:47","date_gmt":"2023-01-31T12:45:47","guid":{"rendered":"https:\/\/heinzelmannbenelux.com\/product\/heinzelmann-smoker-hmsg01\/"},"modified":"2023-01-31T12:45:47","modified_gmt":"2023-01-31T12:45:47","slug":"heinzelmann-raucher-hmsg01","status":"publish","type":"product","link":"https:\/\/heinzelmannbenelux.com\/de\/produkt\/heinzelmann-raucher-hmsg01\/","title":{"rendered":"Heinzelmann SMOKER HMSG01"},"content":{"rendered":"<p><strong>Benutzerfreundlich, leicht zu reinigen und langlebig. Der Heinzelmann CHEF-X ist bereit f\u00fcr den t\u00e4glichen Einsatz in der Profik\u00fcche.<\/strong><\/p>\n<p><iframe loading=\"lazy\" title=\"Heinzelmann SMOKER\" width=\"1080\" height=\"608\" src=\"https:\/\/www.youtube.com\/embed\/cFrcK6FnMpE?feature=oembed\" frameborder=\"0\" allow=\"accelerometer; autoplay; clipboard-write; encrypted-media; gyroscope; picture-in-picture; web-share\" allowfullscreen><\/iframe><\/p>\n","protected":false},"excerpt":{"rendered":"<p>Mit dem Heinzelmann CHEF-X verleihen Sie Ihren Zutaten oder Gerichten ein sofortiges Raucharoma.<\/p>\n<p>Jetzt k\u00f6nnen Sie ganz einfach neue Variationen Ihrer Lieblingsgerichte kreieren und sie mit Raucharomen bereichern. Sie m\u00fcssen den SMOKER nur noch \u00fcber einen speziellen Aufsatz direkt an den Heinzelmann CHEF-X anschlie\u00dfen und&#8230; fertig!<\/p>\n<p>Klicken Sie <a href=\"https:\/\/heinzelmannbenelux.com\/heinzelmann-smoker\/\">hier<\/a> f\u00fcr weitere Informationen<\/p>\n","protected":false},"featured_media":6813,"comment_status":"closed","ping_status":"closed","template":"","meta":[],"product_brand":[],"product_cat":[218,149],"product_tag":[221,222,223,220,219],"class_list":{"0":"post-7172","1":"product","2":"type-product","3":"status-publish","4":"has-post-thumbnail","6":"product_cat-heinzelmann-smoker-de","7":"product_cat-zubehor","8":"product_tag-rauch","9":"product_tag-rauch-de","10":"product_tag-rauchen","11":"product_tag-raucher-de","12":"product_tag-raucher","13":"product_shipping_class-zubehor","15":"first","16":"instock","17":"taxable","18":"shipping-taxable","19":"purchasable","20":"product-type-simple"},"_links":{"self":[{"href":"https:\/\/heinzelmannbenelux.com\/de\/wp-json\/wp\/v2\/product\/7172","targetHints":{"allow":["GET"]}}],"collection":[{"href":"https:\/\/heinzelmannbenelux.com\/de\/wp-json\/wp\/v2\/product"}],"about":[{"href":"https:\/\/heinzelmannbenelux.com\/de\/wp-json\/wp\/v2\/types\/product"}],"replies":[{"embeddable":true,"href":"https:\/\/heinzelmannbenelux.com\/de\/wp-json\/wp\/v2\/comments?post=7172"}],"wp:featuredmedia":[{"embeddable":true,"href":"https:\/\/heinzelmannbenelux.com\/de\/wp-json\/wp\/v2\/media\/6813"}],"wp:attachment":[{"href":"https:\/\/heinzelmannbenelux.com\/de\/wp-json\/wp\/v2\/media?parent=7172"}],"wp:term":[{"taxonomy":"product_brand","embeddable":true,"href":"https:\/\/heinzelmannbenelux.com\/de\/wp-json\/wp\/v2\/product_brand?post=7172"},{"taxonomy":"product_cat","embeddable":true,"href":"https:\/\/heinzelmannbenelux.com\/de\/wp-json\/wp\/v2\/product_cat?post=7172"},{"taxonomy":"product_tag","embeddable":true,"href":"https:\/\/heinzelmannbenelux.com\/de\/wp-json\/wp\/v2\/product_tag?post=7172"}],"curies":[{"name":"wp","href":"https:\/\/api.w.org\/{rel}","templated":true}]}}