{"id":7201,"date":"2023-01-31T13:40:55","date_gmt":"2023-01-31T13:40:55","guid":{"rendered":"https:\/\/heinzelmannbenelux.com\/product\/heinzelmann-chef-x-deckel-mit-siegelrand\/"},"modified":"2023-01-31T13:40:55","modified_gmt":"2023-01-31T13:40:55","slug":"heinzelmann-chef-x-deckel-mit-siegel","status":"publish","type":"product","link":"https:\/\/heinzelmannbenelux.com\/de\/produkt\/heinzelmann-chef-x-deckel-mit-siegel\/","title":{"rendered":"Heinzelmann CHEF-X Deckel mit Siegelrand"},"content":{"rendered":"<p><strong>Benutzerfreundlich, leicht zu reinigen und langlebig. Der Heinzelmann CHEF-X ist bereit f\u00fcr den t\u00e4glichen Einsatz in der Profik\u00fcche.<\/strong><\/p>\n<p><iframe loading=\"lazy\" title=\"Design Series - Easy to Open Lid Design\" width=\"1080\" height=\"810\" src=\"https:\/\/www.youtube.com\/embed\/109tP7V4fD4?feature=oembed\" frameborder=\"0\" allow=\"accelerometer; autoplay; clipboard-write; encrypted-media; gyroscope; picture-in-picture; web-share\" allowfullscreen><\/iframe><\/p>\n","protected":false},"excerpt":{"rendered":"<div role=\"label\">\n<div id=\"ts-body\">\n<div class=\"css-52 ts-pivot-container\">\n<div id=\"ContentContainer\">\n<div role=\"tabpanel\" aria-labelledby=\"Pivot1-Tab0\">\n<div class=\"ts-lookup-pivot\">\n<div id=\"Lookup\" class=\"ts-pivot-lookup-component\">\n<div class=\"ms-Grid ts-grid\">\n<div class=\"ms-Grid-row\">\n<div class=\"ts-textfield-container \" lang=\"nl\">\n<div class=\"ts-alignment-view-container\">\n<div id=\"ts-alignment-view-idtgt\" class=\"ts-alignment-view ms-font-m ts-alignment-view-tgt ts-ltr-left-zero\" tabindex=\"0\" aria-hidden=\"false\">\n<div id=\"ts-body\">\n<div class=\"css-52 ts-pivot-container\">\n<div id=\"ContentContainer\">\n<div role=\"tabpanel\" aria-labelledby=\"Pivot1-Tab0\">\n<div class=\"ts-lookup-pivot\">\n<div id=\"Lookup\" class=\"ts-pivot-lookup-component\">\n<div class=\"ms-Grid ts-grid\">\n<div class=\"ms-Grid-row\">\n<div class=\"ts-textfield-container \" lang=\"nl\">\n<div class=\"ts-alignment-view-container\">\n<div id=\"ts-alignment-view-idtgt\" class=\"ts-alignment-view ms-font-m ts-alignment-view-tgt ts-ltr-left-zero\" tabindex=\"0\" aria-hidden=\"false\">\n<div id=\"ts-body\">\n<div class=\"css-52 ts-pivot-container\">\n<div id=\"ContentContainer\">\n<div role=\"tabpanel\" aria-labelledby=\"Pivot1-Tab0\">\n<div class=\"ts-lookup-pivot\">\n<div id=\"Lookup\" class=\"ts-pivot-lookup-component\">\n<div class=\"ms-Grid ts-grid\">\n<div class=\"ms-Grid-row\">\n<div class=\"ts-textfield-container \" lang=\"nl\">\n<div class=\"ts-alignment-view-container\">\n<div id=\"ts-alignment-view-idtgt\" class=\"ts-alignment-view ms-font-m ts-alignment-view-tgt ts-ltr-left-zero\" tabindex=\"0\" aria-hidden=\"false\">\n<div role=\"label\">\n<p>Oder  <span data-is-focusable=\"true\">Sie<\/span> <span data-is-focusable=\"true\">brauchen<\/span> <span data-is-focusable=\"true\">jetzt<\/span> <span data-is-focusable=\"true\">einen<\/span> <span data-is-focusable=\"true\">Ersatz<\/span> <span data-is-focusable=\"true\">oder<\/span> wollen <span data-is-focusable=\"true\">nur<\/span> <span data-is-focusable=\"true\">einen<\/span> <span data-is-focusable=\"true\">Ersatz<\/span>  <span data-is-focusable=\"true\">haben,<\/span> diese  <span data-is-focusable=\"true\">CHEF-X-Deckel<\/span> mit Dichtungsrand wird z<span data-is-focusable=\"true\">e sicher<\/span> <span data-is-focusable=\"true\">tun<\/span> <span data-is-focusable=\"true\">, was<\/span> diese  <span data-is-focusable=\"true\">tun sollte<\/span> <span data-is-focusable=\"true\">. <\/span>Diese  Der <span data-is-focusable=\"true\">Deckel<\/span> <span data-is-focusable=\"true\">ist<\/span> <span data-is-focusable=\"true\">nur<\/span> <span data-is-focusable=\"true\">f\u00fcr die<\/span> <span data-is-focusable=\"true\">Heinzelmann<\/span> <span data-is-focusable=\"true\">CHEF-X<\/span><span data-is-focusable=\"true\">R\u00fchrsch\u00fcssel<\/span> <span data-is-focusable=\"true\">geeignet<\/span><span data-is-focusable=\"true\">.<\/span> <span data-is-focusable=\"true\">Eingebaut<\/span> <span data-is-focusable=\"true\">2<\/span> <span data-is-focusable=\"true\">aufw\u00e4rts<\/span>  <span data-is-focusable=\"true\">gezielt<\/span> <span data-is-focusable=\"true\">Griffe<\/span> <span data-is-focusable=\"true\">f\u00fcr<\/span> <span data-is-focusable=\"true\">einfach<\/span> <span data-is-focusable=\"true\">und<\/span> <span data-is-focusable=\"true\">einfach<\/span> <span data-is-focusable=\"true\">Handhabung.<\/span><\/p>\n<\/div>\n<\/div>\n<\/div>\n<\/div>\n<\/div>\n<\/div>\n<\/div>\n<\/div>\n<\/div>\n<\/div>\n<\/div>\n<\/div>\n<div id=\"ts-body\">\n<div class=\"css-52 ts-pivot-container\">\n<div id=\"ContentContainer\">\n<div role=\"tabpanel\" aria-labelledby=\"Pivot1-Tab0\">\n<div class=\"ts-lookup-pivot\">\n<div id=\"Lookup\" class=\"ts-pivot-lookup-component\">\n<div class=\"ms-Grid ts-grid\">\n<div class=\"ms-Grid-row\">\n<div class=\"ts-textfield-container \" lang=\"nl\">\n<div class=\"ts-alignment-view-container\">\n<div id=\"ts-alignment-view-idtgt\" class=\"ts-alignment-view ms-font-m ts-alignment-view-tgt ts-ltr-left-zero\" tabindex=\"0\" aria-hidden=\"false\">\n<div role=\"label\">\n<div id=\"ts-body\">\n<div class=\"css-52 ts-pivot-container\">\n<div id=\"ContentContainer\">\n<div role=\"tabpanel\" aria-labelledby=\"Pivot1-Tab0\">\n<div class=\"ts-lookup-pivot\">\n<div id=\"Lookup\" class=\"ts-pivot-lookup-component\">\n<div class=\"ms-Grid ts-grid\">\n<div class=\"ms-Grid-row\">\n<div class=\"ts-textfield-container \" lang=\"nl\">\n<div class=\"ts-alignment-view-container\">\n<div id=\"ts-alignment-view-idtgt\" class=\"ts-alignment-view ms-font-m ts-alignment-view-tgt ts-ltr-left-zero\" tabindex=\"0\" aria-hidden=\"false\">\n<div id=\"ts-body\">\n<div class=\"css-52 ts-pivot-container\">\n<div id=\"ContentContainer\">\n<div role=\"tabpanel\" aria-labelledby=\"Pivot1-Tab0\">\n<div class=\"ts-lookup-pivot\">\n<div id=\"Lookup\" class=\"ts-pivot-lookup-component\">\n<div class=\"ms-Grid ts-grid\">\n<div class=\"ms-Grid-row\">\n<div class=\"ts-textfield-container \" lang=\"nl\">\n<div class=\"ts-alignment-view-container\">\n<div id=\"ts-alignment-view-idtgt\" class=\"ts-alignment-view ms-font-m ts-alignment-view-tgt ts-ltr-left-zero\" tabindex=\"0\" aria-hidden=\"false\">\n<ul>\n<li role=\"label\"><span id=\"tgtAlignment_73\" class=\"ts-alignment-element\" data-is-focusable=\"true\">Sp\u00fclmaschinenfest.<\/span><\/li>\n<li role=\"label\">Das Material <span id=\"tgtAlignment_76\" class=\"ts-alignment-element\" data-is-focusable=\"true\">entspricht der<\/span> <span id=\"tgtAlignment_78\" class=\"ts-alignment-element\" data-is-focusable=\"true\">EU-Norm<\/span> f\u00fcr <span id=\"tgtAlignment_80\" class=\"ts-alignment-element\" data-is-focusable=\"true\">den Kontakt mit<\/span> <span id=\"tgtAlignment_82\" class=\"ts-alignment-element\" data-is-focusable=\"true\">Lebensmitteln<\/span><\/li>\n<li role=\"label\">Das Material <span id=\"tgtAlignment_84\" class=\"ts-alignment-element\" data-is-focusable=\"true\">entspricht<\/span> <span id=\"tgtAlignment_85\" class=\"ts-alignment-element\" data-is-focusable=\"true\">der<\/span> <span id=\"tgtAlignment_87\" class=\"ts-alignment-element\" data-is-focusable=\"true\">RoHS-Norm<\/span><\/li>\n<\/ul>\n<\/div>\n<\/div>\n<\/div>\n<\/div>\n<\/div>\n<\/div>\n<\/div>\n<\/div>\n<\/div>\n<\/div>\n<\/div>\n<\/div>\n<\/div>\n<\/div>\n<\/div>\n<\/div>\n<\/div>\n<\/div>\n<\/div>\n<\/div>\n<\/div>\n<\/div>\n<\/div>\n<\/div>\n<\/div>\n<\/div>\n<\/div>\n<\/div>\n<\/div>\n<\/div>\n<\/div>\n<\/div>\n<\/div>\n<\/div>\n<\/div>\n<\/div>\n<\/div>\n<\/div>\n<\/div>\n<\/div>\n<\/div>\n<\/div>\n<\/div>\n<\/div>\n<\/div>\n<\/div>\n<\/div>\n<\/div>\n<\/div>\n<\/div>\n<\/div>\n<\/div>\n<\/div>\n<\/div>\n<\/div>\n<\/div>\n<\/div>\n<div role=\"label\"><em><span id=\"tgtAlignment_29\" class=\"ts-alignment-element\" data-is-focusable=\"true\"><span id=\"tgtAlignment_28\" class=\"ts-alignment-element\" data-is-focusable=\"true\">  Achtung!!! Die transparente Kappe ist nicht im Lieferumfang enthalten.<\/span><\/span><\/em><\/div>\n","protected":false},"featured_media":6846,"comment_status":"closed","ping_status":"closed","template":"","meta":[],"product_brand":[],"product_cat":[149],"product_tag":[227],"class_list":{"0":"post-7201","1":"product","2":"type-product","3":"status-publish","4":"has-post-thumbnail","6":"product_cat-zubehor","7":"product_tag-deckel","8":"product_shipping_class-zubehor","10":"first","11":"instock","12":"taxable","13":"shipping-taxable","14":"purchasable","15":"product-type-simple"},"_links":{"self":[{"href":"https:\/\/heinzelmannbenelux.com\/de\/wp-json\/wp\/v2\/product\/7201","targetHints":{"allow":["GET"]}}],"collection":[{"href":"https:\/\/heinzelmannbenelux.com\/de\/wp-json\/wp\/v2\/product"}],"about":[{"href":"https:\/\/heinzelmannbenelux.com\/de\/wp-json\/wp\/v2\/types\/product"}],"replies":[{"embeddable":true,"href":"https:\/\/heinzelmannbenelux.com\/de\/wp-json\/wp\/v2\/comments?post=7201"}],"wp:featuredmedia":[{"embeddable":true,"href":"https:\/\/heinzelmannbenelux.com\/de\/wp-json\/wp\/v2\/media\/6846"}],"wp:attachment":[{"href":"https:\/\/heinzelmannbenelux.com\/de\/wp-json\/wp\/v2\/media?parent=7201"}],"wp:term":[{"taxonomy":"product_brand","embeddable":true,"href":"https:\/\/heinzelmannbenelux.com\/de\/wp-json\/wp\/v2\/product_brand?post=7201"},{"taxonomy":"product_cat","embeddable":true,"href":"https:\/\/heinzelmannbenelux.com\/de\/wp-json\/wp\/v2\/product_cat?post=7201"},{"taxonomy":"product_tag","embeddable":true,"href":"https:\/\/heinzelmannbenelux.com\/de\/wp-json\/wp\/v2\/product_tag?post=7201"}],"curies":[{"name":"wp","href":"https:\/\/api.w.org\/{rel}","templated":true}]}}