{"id":7219,"date":"2023-02-07T13:25:28","date_gmt":"2023-02-07T13:25:28","guid":{"rendered":"https:\/\/heinzelmannbenelux.com\/product\/heinzelmann-chef-x-edelstahl-ruehrbecher-set-lose-komplett\/"},"modified":"2023-02-07T13:25:28","modified_gmt":"2023-02-07T13:25:28","slug":"heinzelmann-chef-x-rvs-loose-mixing-cup-set-komplett","status":"publish","type":"product","link":"https:\/\/heinzelmannbenelux.com\/de\/produkt\/heinzelmann-chef-x-rvs-loose-mixing-cup-set-komplett\/","title":{"rendered":"Heinzelmann CHEF-X Edelstahl-R\u00fchrbecher-Set lose komplett"},"content":{"rendered":"<p><strong>Benutzerfreundlich, leicht zu reinigen und langlebig. Der Heinzelmann CHEF-X ist bereit f\u00fcr den t\u00e4glichen Einsatz in der Profik\u00fcche.<\/strong><\/p>\n<p><iframe loading=\"lazy\" title=\"Heinzelmann Blade and Bowl\" width=\"1080\" height=\"608\" src=\"https:\/\/www.youtube.com\/embed\/p1wI0w1HGt0?feature=oembed\" frameborder=\"0\" allow=\"accelerometer; autoplay; clipboard-write; encrypted-media; gyroscope; picture-in-picture; web-share\" allowfullscreen><\/iframe><\/p>\n","protected":false},"excerpt":{"rendered":"<p><strong>Loser CHEF-X Edelstahl-Mixbecher 2 Liter komplett mit Messern, Deckel und transparenter Kappe.<\/strong><\/p>\n<p><span id=\"tgtAlignment_5\" class=\"ts-alignment-element\" data-is-focusable=\"true\">Ob<\/span> <span id=\"tgtAlignment_4\" class=\"ts-alignment-element\" data-is-focusable=\"true\">Sie<\/span> <span id=\"tgtAlignment_6\" class=\"ts-alignment-element\" data-is-focusable=\"true\">einen<\/span> <span id=\"tgtAlignment_7\" class=\"ts-alignment-element\" data-is-focusable=\"true\">Ersatz<\/span> <span id=\"tgtAlignment_9\" class=\"ts-alignment-element\" data-is-focusable=\"true\">brauchen<\/span> <span id=\"tgtAlignment_10\" class=\"ts-alignment-element\" data-is-focusable=\"true\">oder<\/span> <span id=\"tgtAlignment_11\" class=\"ts-alignment-element\" data-is-focusable=\"true\">einfach nur<\/span> <span id=\"tgtAlignment_12\" class=\"ts-alignment-element\" data-is-focusable=\"true\">einen<\/span> <span id=\"tgtAlignment_13\" class=\"ts-alignment-element\" data-is-focusable=\"true\">Ersatz<\/span>  <span id=\"tgtAlignment_14\" class=\"ts-alignment-element\" data-is-focusable=\"true\">Haben,<\/span> <span id=\"tgtAlignment_15\" class=\"ts-alignment-element\" data-is-focusable=\"true\">dieses<\/span> <span id=\"tgtAlignment_16\" class=\"ts-alignment-element\" data-is-focusable=\"true\">CHEF-X<\/span> Mixbecher-Set  <span id=\"tgtAlignment_18\" class=\"ts-alignment-element-highlighted\" data-is-focusable=\"true\">wird<\/span> <span id=\"tgtAlignment_19\" class=\"ts-alignment-element\" data-is-focusable=\"true\">sicherlich<\/span> <span id=\"tgtAlignment_20\" class=\"ts-alignment-element\" data-is-focusable=\"true\">tun<\/span> <span id=\"tgtAlignment_21\" class=\"ts-alignment-element\" data-is-focusable=\"true\">was<\/span> <span id=\"tgtAlignment_22\" class=\"ts-alignment-element\" data-is-focusable=\"true\">er<\/span> <span id=\"tgtAlignment_23\" class=\"ts-alignment-element\" data-is-focusable=\"true\">sollte<\/span> <span id=\"tgtAlignment_24\" class=\"ts-alignment-element\" data-is-focusable=\"true\">tun.<\/span><\/p>\n<p>Dieses komplette Set enth\u00e4lt:<\/p>\n<ul>\n<li>CHEF-X Edelstahl-R\u00fchrbecher 2 Liter<\/li>\n<li>CHEF-X titanuim Messer mit Siegel<\/li>\n<li>CHEF-X Deckel mit Dichtung<\/li>\n<li>CHEF-X transparente Kappe mit Messskala<\/li>\n<\/ul>\n<p>Achtung!!! LED-Gl\u00fchbirne, Schneebesen und Dampfgareinsatz sind nicht enthalten.<\/p>\n","protected":false},"featured_media":6978,"comment_status":"closed","ping_status":"closed","template":"","meta":[],"product_brand":[],"product_cat":[149],"product_tag":[238,236,239],"class_list":{"0":"post-7219","1":"product","2":"type-product","3":"status-publish","4":"has-post-thumbnail","6":"product_cat-zubehor","7":"product_tag-kommen","8":"product_tag-mischbecher","9":"product_tag-ruhrschussel","10":"product_shipping_class-zubehor","12":"first","13":"instock","14":"taxable","15":"shipping-taxable","16":"purchasable","17":"product-type-simple"},"_links":{"self":[{"href":"https:\/\/heinzelmannbenelux.com\/de\/wp-json\/wp\/v2\/product\/7219","targetHints":{"allow":["GET"]}}],"collection":[{"href":"https:\/\/heinzelmannbenelux.com\/de\/wp-json\/wp\/v2\/product"}],"about":[{"href":"https:\/\/heinzelmannbenelux.com\/de\/wp-json\/wp\/v2\/types\/product"}],"replies":[{"embeddable":true,"href":"https:\/\/heinzelmannbenelux.com\/de\/wp-json\/wp\/v2\/comments?post=7219"}],"wp:featuredmedia":[{"embeddable":true,"href":"https:\/\/heinzelmannbenelux.com\/de\/wp-json\/wp\/v2\/media\/6978"}],"wp:attachment":[{"href":"https:\/\/heinzelmannbenelux.com\/de\/wp-json\/wp\/v2\/media?parent=7219"}],"wp:term":[{"taxonomy":"product_brand","embeddable":true,"href":"https:\/\/heinzelmannbenelux.com\/de\/wp-json\/wp\/v2\/product_brand?post=7219"},{"taxonomy":"product_cat","embeddable":true,"href":"https:\/\/heinzelmannbenelux.com\/de\/wp-json\/wp\/v2\/product_cat?post=7219"},{"taxonomy":"product_tag","embeddable":true,"href":"https:\/\/heinzelmannbenelux.com\/de\/wp-json\/wp\/v2\/product_tag?post=7219"}],"curies":[{"name":"wp","href":"https:\/\/api.w.org\/{rel}","templated":true}]}}