{"id":7227,"date":"2023-01-31T13:34:47","date_gmt":"2023-01-31T13:34:47","guid":{"rendered":"https:\/\/heinzelmannbenelux.com\/product\/heinzelmann-chef-x-loser-ruehrbecher-aus-edelstahl-mit-titaniumklinge\/"},"modified":"2023-01-31T13:34:47","modified_gmt":"2023-01-31T13:34:47","slug":"heinzelmann-chef-x-rvs-loose-mixing-mug-with-titanium-knife","status":"publish","type":"product","link":"https:\/\/heinzelmannbenelux.com\/de\/produkt\/heinzelmann-chef-x-rvs-loose-mixing-mug-with-titanium-knife\/","title":{"rendered":"Heinzelmann CHEF-X loser R\u00fchrbecher aus Edelstahl mit Titaniumklinge"},"content":{"rendered":"<p><strong>Benutzerfreundlich, leicht zu reinigen und langlebig. Der Heinzelmann CHEF-X ist bereit f\u00fcr den t\u00e4glichen Einsatz in der Profik\u00fcche.<\/strong><\/p>\n<p><iframe loading=\"lazy\" title=\"Heinzelmann Blade and Bowl\" width=\"1080\" height=\"608\" src=\"https:\/\/www.youtube.com\/embed\/p1wI0w1HGt0?feature=oembed\" frameborder=\"0\" allow=\"accelerometer; autoplay; clipboard-write; encrypted-media; gyroscope; picture-in-picture; web-share\" allowfullscreen><\/iframe><\/p>\n","protected":false},"excerpt":{"rendered":"<p><strong>Loser CHEF-X Edelstahl-Mixbecher 2 Liter inklusive Titanmesser.<\/strong><\/p>\n<p>Egal, ob Sie einen Ersatz brauchen oder nur einen Ersatzbecher, dieser CHEF-X Mixbecher erf\u00fcllt seine Aufgabe mit Sicherheit.<\/p>\n<ul>\n<li>Sp\u00fclmaschinenfest.<\/li>\n<li>Das Material entspricht der EU-Norm f\u00fcr den Kontakt mit Lebensmitteln<\/li>\n<li>Das Material entspricht der RoHS-Norm<\/li>\n<\/ul>\n<p>Achtung!!! Dies ist der Edelstahl-Mixbecher mit den Klingen, aber ohne den Deckel und die transparente Deckelkappe.<\/p>\n","protected":false},"featured_media":6837,"comment_status":"closed","ping_status":"closed","template":"","meta":[],"product_brand":[],"product_cat":[149],"product_tag":[238,236,239],"class_list":{"0":"post-7227","1":"product","2":"type-product","3":"status-publish","4":"has-post-thumbnail","6":"product_cat-zubehor","7":"product_tag-kommen","8":"product_tag-mischbecher","9":"product_tag-ruhrschussel","10":"product_shipping_class-zubehor","12":"first","13":"instock","14":"taxable","15":"shipping-taxable","16":"purchasable","17":"product-type-simple"},"_links":{"self":[{"href":"https:\/\/heinzelmannbenelux.com\/de\/wp-json\/wp\/v2\/product\/7227","targetHints":{"allow":["GET"]}}],"collection":[{"href":"https:\/\/heinzelmannbenelux.com\/de\/wp-json\/wp\/v2\/product"}],"about":[{"href":"https:\/\/heinzelmannbenelux.com\/de\/wp-json\/wp\/v2\/types\/product"}],"replies":[{"embeddable":true,"href":"https:\/\/heinzelmannbenelux.com\/de\/wp-json\/wp\/v2\/comments?post=7227"}],"wp:featuredmedia":[{"embeddable":true,"href":"https:\/\/heinzelmannbenelux.com\/de\/wp-json\/wp\/v2\/media\/6837"}],"wp:attachment":[{"href":"https:\/\/heinzelmannbenelux.com\/de\/wp-json\/wp\/v2\/media?parent=7227"}],"wp:term":[{"taxonomy":"product_brand","embeddable":true,"href":"https:\/\/heinzelmannbenelux.com\/de\/wp-json\/wp\/v2\/product_brand?post=7227"},{"taxonomy":"product_cat","embeddable":true,"href":"https:\/\/heinzelmannbenelux.com\/de\/wp-json\/wp\/v2\/product_cat?post=7227"},{"taxonomy":"product_tag","embeddable":true,"href":"https:\/\/heinzelmannbenelux.com\/de\/wp-json\/wp\/v2\/product_tag?post=7227"}],"curies":[{"name":"wp","href":"https:\/\/api.w.org\/{rel}","templated":true}]}}