{"id":7229,"date":"2023-01-31T13:38:27","date_gmt":"2023-01-31T13:38:27","guid":{"rendered":"https:\/\/heinzelmannbenelux.com\/product\/heinzelmann-chef-x-led-leuchte\/"},"modified":"2023-01-31T13:38:27","modified_gmt":"2023-01-31T13:38:27","slug":"heinzelmann-chef-x-led-licht","status":"publish","type":"product","link":"https:\/\/heinzelmannbenelux.com\/de\/produkt\/heinzelmann-chef-x-led-licht\/","title":{"rendered":"Heinzelmann CHEF-X LED-Leuchte"},"content":{"rendered":"<p><strong>Benutzerfreundlich, leicht zu reinigen und langlebig. Der Heinzelmann CHEF-X ist bereit f\u00fcr den t\u00e4glichen Einsatz in der Profik\u00fcche.<\/strong><\/p>\n<p><iframe loading=\"lazy\" title=\"Heinzelmann CHEF-X - Lid with Light (Patented)\" width=\"1080\" height=\"810\" src=\"https:\/\/www.youtube.com\/embed\/Y9hMM817-0U?list=PLcIS5nYjq01EGVj8Tz978inpErnfgojww\" frameborder=\"0\" allow=\"accelerometer; autoplay; clipboard-write; encrypted-media; gyroscope; picture-in-picture; web-share\" allowfullscreen><\/iframe><\/p>\n","protected":false},"excerpt":{"rendered":"<p>Egal, ob Sie einen Ersatz brauchen oder einfach nur einen Ersatz haben wollen, diese CHEF-X LED-Leuchte wird auf jeden Fall tun, was sie tun soll und ist nur f\u00fcr Heinzelmann CHEF-X gemacht.<\/p>\n<p>Das integrierte Licht sorgt f\u00fcr schnelle Sichtbarkeit und hilft Ihnen, die Kontrolle \u00fcber das Geschehen im Mixtopf zu behalten.<\/p>\n<ul>\n<li>250 mAh 3,7V, unterst\u00fctzt 2 x 60mA LEDs.<\/li>\n<li>Mit Touch-Funktion<\/li>\n<li>Wiederaufladbar<\/li>\n<li>20-Sekunden-Abschaltautomatik<\/li>\n<li>inklusive Ladekabel<\/li>\n<\/ul>\n","protected":false},"featured_media":6843,"comment_status":"closed","ping_status":"closed","template":"","meta":[],"product_brand":[],"product_cat":[149],"product_tag":[247,245],"class_list":{"0":"post-7229","1":"product","2":"type-product","3":"status-publish","4":"has-post-thumbnail","6":"product_cat-zubehor","7":"product_tag-led-lampe","8":"product_tag-led-licht-de","9":"product_shipping_class-zubehor","11":"first","12":"instock","13":"taxable","14":"shipping-taxable","15":"purchasable","16":"product-type-simple"},"_links":{"self":[{"href":"https:\/\/heinzelmannbenelux.com\/de\/wp-json\/wp\/v2\/product\/7229","targetHints":{"allow":["GET"]}}],"collection":[{"href":"https:\/\/heinzelmannbenelux.com\/de\/wp-json\/wp\/v2\/product"}],"about":[{"href":"https:\/\/heinzelmannbenelux.com\/de\/wp-json\/wp\/v2\/types\/product"}],"replies":[{"embeddable":true,"href":"https:\/\/heinzelmannbenelux.com\/de\/wp-json\/wp\/v2\/comments?post=7229"}],"wp:featuredmedia":[{"embeddable":true,"href":"https:\/\/heinzelmannbenelux.com\/de\/wp-json\/wp\/v2\/media\/6843"}],"wp:attachment":[{"href":"https:\/\/heinzelmannbenelux.com\/de\/wp-json\/wp\/v2\/media?parent=7229"}],"wp:term":[{"taxonomy":"product_brand","embeddable":true,"href":"https:\/\/heinzelmannbenelux.com\/de\/wp-json\/wp\/v2\/product_brand?post=7229"},{"taxonomy":"product_cat","embeddable":true,"href":"https:\/\/heinzelmannbenelux.com\/de\/wp-json\/wp\/v2\/product_cat?post=7229"},{"taxonomy":"product_tag","embeddable":true,"href":"https:\/\/heinzelmannbenelux.com\/de\/wp-json\/wp\/v2\/product_tag?post=7229"}],"curies":[{"name":"wp","href":"https:\/\/api.w.org\/{rel}","templated":true}]}}