{"id":7247,"date":"2023-01-31T13:46:38","date_gmt":"2023-01-31T13:46:38","guid":{"rendered":"https:\/\/heinzelmannbenelux.com\/product\/heinzelmann-chef-x-spachtel\/"},"modified":"2023-01-31T13:46:38","modified_gmt":"2023-01-31T13:46:38","slug":"heinzelmann-chef-x-spatel","status":"publish","type":"product","link":"https:\/\/heinzelmannbenelux.com\/de\/produkt\/heinzelmann-chef-x-spatel\/","title":{"rendered":"Heinzelmann CHEF-X Spachtel"},"content":{"rendered":"<p><strong>Benutzerfreundlich, leicht zu reinigen und langlebig. Der Heinzelmann CHEF-X ist bereit f\u00fcr den t\u00e4glichen Einsatz in der Profik\u00fcche.<\/strong><\/p>\n<p><iframe loading=\"lazy\" title=\"Heinzelmann Chef-X Accessories Design - Spatula\" width=\"1080\" height=\"608\" src=\"https:\/\/www.youtube.com\/embed\/3tluEvjSzrs?feature=oembed\" frameborder=\"0\" allow=\"accelerometer; autoplay; clipboard-write; encrypted-media; gyroscope; picture-in-picture; web-share\" allowfullscreen><\/iframe><\/p>\n<p>&nbsp;<\/p>\n","protected":false},"excerpt":{"rendered":"<div class=\"woocommerce-product-details__short-description\">\n<p>Der Heinzelmann CHEF-X Spatel ist der Form der R\u00fchrsch\u00fcssel angepasst und kommt in jede Ritze, was das Schaben erleichtert. Der praktische Spatelhaken, der in eine entsprechende Aussparung am Rand des Dampfgareinsatzes passt. Wenn Sie den Haken in die Aussparung einf\u00fchren, k\u00f6nnen Sie den Dampfgareinsatz sicher herausnehmen.<\/p>\n<ul>\n<li style=\"list-style-type: none;\">\n<ul>\n<li>Sp\u00fclmaschinentauglich<\/li>\n<li>Das Material entspricht der EU-Norm f\u00fcr den Kontakt mit Lebensmitteln<\/li>\n<li>Das Material entspricht der RoHS-Norm<\/li>\n<\/ul>\n<\/li>\n<\/ul>\n<\/div>\n","protected":false},"featured_media":6858,"comment_status":"closed","ping_status":"closed","template":"","meta":[],"product_brand":[],"product_cat":[149],"product_tag":[255,256],"class_list":{"0":"post-7247","1":"product","2":"type-product","3":"status-publish","4":"has-post-thumbnail","6":"product_cat-zubehor","7":"product_tag-pfannkuchen","8":"product_tag-spatel-de","9":"product_shipping_class-zubehor","11":"first","12":"instock","13":"taxable","14":"shipping-taxable","15":"purchasable","16":"product-type-simple"},"_links":{"self":[{"href":"https:\/\/heinzelmannbenelux.com\/de\/wp-json\/wp\/v2\/product\/7247","targetHints":{"allow":["GET"]}}],"collection":[{"href":"https:\/\/heinzelmannbenelux.com\/de\/wp-json\/wp\/v2\/product"}],"about":[{"href":"https:\/\/heinzelmannbenelux.com\/de\/wp-json\/wp\/v2\/types\/product"}],"replies":[{"embeddable":true,"href":"https:\/\/heinzelmannbenelux.com\/de\/wp-json\/wp\/v2\/comments?post=7247"}],"wp:featuredmedia":[{"embeddable":true,"href":"https:\/\/heinzelmannbenelux.com\/de\/wp-json\/wp\/v2\/media\/6858"}],"wp:attachment":[{"href":"https:\/\/heinzelmannbenelux.com\/de\/wp-json\/wp\/v2\/media?parent=7247"}],"wp:term":[{"taxonomy":"product_brand","embeddable":true,"href":"https:\/\/heinzelmannbenelux.com\/de\/wp-json\/wp\/v2\/product_brand?post=7247"},{"taxonomy":"product_cat","embeddable":true,"href":"https:\/\/heinzelmannbenelux.com\/de\/wp-json\/wp\/v2\/product_cat?post=7247"},{"taxonomy":"product_tag","embeddable":true,"href":"https:\/\/heinzelmannbenelux.com\/de\/wp-json\/wp\/v2\/product_tag?post=7247"}],"curies":[{"name":"wp","href":"https:\/\/api.w.org\/{rel}","templated":true}]}}