{"id":7117,"date":"2023-02-05T15:25:18","date_gmt":"2023-02-05T15:25:18","guid":{"rendered":"https:\/\/heinzelmannbenelux.com\/declaration-de-confidentialite\/"},"modified":"2023-02-08T15:04:43","modified_gmt":"2023-02-08T15:04:43","slug":"declaration-de-confidentialite","status":"publish","type":"page","link":"https:\/\/heinzelmannbenelux.com\/fr\/declaration-de-confidentialite\/","title":{"rendered":"D\u00e9claration de confidentialit\u00e9"},"content":{"rendered":"\n<h2 class=\"wp-block-heading\">D\u00e9claration de confidentialit\u00e9<\/h2>\n\n<p>Heinzelmann Benelux, situ\u00e9 \u00e0 Hendrik Figeeweg 1e 2031 BJ Haarlem, est responsable de<br\/>le traitement des donn\u00e9es personnelles tel que refl\u00e9t\u00e9 dans la pr\u00e9sente d\u00e9claration de confidentialit\u00e9.<\/p>\n\n<p><br\/>Coordonn\u00e9es de contact :<br\/>https:\/\/heinzelmannbenelux.coml\/<br\/>Hendrik Figeeweg 1e 2031 BJ Haarlem<br\/>06-54958484<\/p>\n\n<p><br\/>Martijn van Roon est le d\u00e9l\u00e9gu\u00e9 \u00e0 la protection des donn\u00e9es de Heinzelmann Benelux. Il\/elle doit<br\/>atteindre info@martijnvanroon.nl<\/p>\n\n<p><br\/><strong>Donn\u00e9es personnelles que nous traitons<\/strong><br\/>Heinzelmann Benelux traite vos donn\u00e9es personnelles parce que vous utilisez nos services<br\/>et\/ou parce que vous nous fournissez vous-m\u00eame ces donn\u00e9es. Vous trouverez ci-dessous un aper\u00e7u de la<br\/>les donn\u00e9es personnelles que nous traitons :<br\/>&#8211; Pr\u00e9nom et nom de famille<br\/>&#8211; D\u00e9tails de l&rsquo;adresse<br\/>&#8211; Num\u00e9ro de t\u00e9l\u00e9phone<br\/>&#8211; Adresse \u00e9lectronique<br\/>&#8211; Autres donn\u00e9es personnelles que vous fournissez activement, par exemple en cr\u00e9ant un profil sur ce site web.<br\/>de faire, dans la correspondance et par t\u00e9l\u00e9phone<br\/>&#8211; Num\u00e9ro de compte bancaire<br\/><\/p>\n\n<p><strong>Donn\u00e9es personnelles sp\u00e9ciales et\/ou sensibles que nous traitons<\/strong><br\/>Notre site web et\/ou service n&rsquo;a pas l&rsquo;intention de collecter des donn\u00e9es sur les visiteurs du site web qui sont<br\/>sont \u00e2g\u00e9s de moins de 16 ans. Sauf s&rsquo;ils ont l&rsquo;autorisation d&rsquo;un parent ou d&rsquo;un tuteur. Cependant, nous ne pouvons pas<br\/>v\u00e9rifier si un visiteur a plus de 16 ans. Nous conseillons donc aux parents de s&rsquo;impliquer dans<br\/>les activit\u00e9s en ligne de leurs enfants, afin d&rsquo;\u00e9viter de collecter des donn\u00e9es sur les enfants<br\/>\u00eatre sans le consentement des parents. Si vous \u00eates convaincu que sans ce consentement, nous allons<br\/>avez collect\u00e9 des donn\u00e9es personnelles sur un mineur, veuillez nous contacter \u00e0 l&rsquo;adresse suivante<br\/>info@martijnvanroon.nl, nous supprimerons ces informations.<br\/><\/p>\n\n<p>Dans quel but et sur quelle base nous traitons les donn\u00e9es personnelles.<\/p>\n\n<p><br\/>Heinzelmann Benelux traite vos donn\u00e9es personnelles aux fins suivantes :<br\/>&#8211; Traitement de votre paiement &#8211; Envoi de notre newsletter et\/ou de notre d\u00e9pliant publicitaire<br\/>&#8211; Vous appeler ou vous envoyer un courriel si cela est n\u00e9cessaire pour assurer nos services.<br\/>&#8211; vous informer des changements apport\u00e9s \u00e0 nos services et produits<br\/>&#8211; Vous permettre de cr\u00e9er un compte<br\/>&#8211; Pour vous fournir des biens et des services<br\/>&#8211; Heinzelmann Benelux analyse votre comportement sur le site web afin de l&rsquo;am\u00e9liorer.<br\/>et adapter l&rsquo;offre de produits et de services \u00e0 vos pr\u00e9f\u00e9rences.<br\/>&#8211; Heinzelmann Benelux traite \u00e9galement des donn\u00e9es \u00e0 caract\u00e8re personnel lorsque nous sommes l\u00e9galement tenus de le faire, par exemple<br\/>les donn\u00e9es dont nous avons besoin pour notre d\u00e9claration de revenus.<br\/><\/p>\n\n<p><strong>Prise de d\u00e9cision automatis\u00e9e<\/strong><br\/>Heinzelmann Benelux ne prend pas de d\u00e9cisions sur des questions bas\u00e9es sur un traitement automatis\u00e9.<br\/>qui peuvent affecter (de mani\u00e8re significative) les individus. Ce sont des d\u00e9cisions qui seront<br\/>prises par des programmes ou des syst\u00e8mes informatiques, sans aucun \u00eatre humain (par exemple, un<br\/>employ\u00e9 de Heinzelmann Benelux) entre. Heinzelmann Benelux utilise les \u00e9l\u00e9ments suivants<br\/>les programmes ou syst\u00e8mes informatiques : #utilisation_explication<br\/><\/p>\n\n<p><strong>Combien de temps nous conservons les donn\u00e9es personnelles<\/strong><br\/>Heinzelmann Benelux ne conservera pas vos donn\u00e9es personnelles plus longtemps que ce qui est strictement n\u00e9cessaire pour atteindre les objectifs suivants<br\/>r\u00e9aliser \u00e0 quelles fins vos donn\u00e9es sont collect\u00e9es. Nous appliquons les p\u00e9riodes de conservation suivantes pour<br\/>les (cat\u00e9gories) de donn\u00e9es personnelles suivantes : jusqu&rsquo;\u00e0 ce que le client souhaite mettre fin \u00e0 la p\u00e9riode de conservation.<br\/><\/p>\n\n<p><strong>Partage des donn\u00e9es personnelles avec des tiers<\/strong><br\/>Heinzelmann Benelux ne communique qu&rsquo;\u00e0 des tiers et uniquement lorsque cela est n\u00e9cessaire pour l&rsquo;ex\u00e9cution de<br\/>notre accord avec vous ou pour nous conformer \u00e0 une obligation l\u00e9gale.<\/p>\n\n<p><br\/>Cookies, ou techniques similaires, que nous utilisons<\/p>\n\n<p><br\/>Heinzelmann Benelux utilise uniquement des cookies techniques et fonctionnels. Et les cookies analytiques qui<br\/>ne pas porter atteinte \u00e0 votre vie priv\u00e9e. Un cookie est un petit fichier texte qui est envoy\u00e9 lors de votre premi\u00e8re visite sur le site Web de l&rsquo;UE.<br\/>ce site web est stock\u00e9 sur votre ordinateur, tablette ou smartphone. Les cookies que nous utilisons<br\/>sont n\u00e9cessaires au fonctionnement technique du site web et \u00e0 votre confort d&rsquo;utilisation. Ils assurent<br\/>le bon fonctionnement du site web et, par exemple, la m\u00e9morisation de vos param\u00e8tres de pr\u00e9f\u00e9rence. Aussi<br\/>elle nous permet d&rsquo;optimiser notre site web. Vous pouvez vous d\u00e9sinscrire des cookies en annulant votre<br\/>param\u00e9trer le navigateur Internet pour qu&rsquo;il cesse de stocker des cookies. En outre, vous pouvez \u00e9galement v\u00e9rifier tous les<br\/>supprimer les informations pr\u00e9c\u00e9demment stock\u00e9es via les param\u00e8tres de votre navigateur.<br\/><\/p>\n\n<p><strong>Visualiser, modifier ou supprimer des donn\u00e9es<\/strong><br\/>Vous avez le droit d&rsquo;acc\u00e9der \u00e0 vos donn\u00e9es personnelles, de les corriger ou de les supprimer. Vous pouvez le faire vous-m\u00eame<br\/>dans les param\u00e8tres personnels de votre compte. En outre, vous avez le droit de faire tout<br\/>retirer votre consentement au traitement des donn\u00e9es ou vous opposer au traitement de vos donn\u00e9es personnelles par notre soci\u00e9t\u00e9 et vous avez le droit \u00e0 la portabilit\u00e9 des donn\u00e9es. Ce<br\/>signifie que vous pouvez nous demander les donn\u00e9es \u00e0 caract\u00e8re personnel que nous d\u00e9tenons sur vous.<br\/>dans un fichier informatique, \u00e0 vous ou \u00e0 une autre organisation que vous aurez d\u00e9sign\u00e9e. Vous voulez<br\/>exercer votre droit d&rsquo;opposition et\/ou votre droit \u00e0 la portabilit\u00e9 des donn\u00e9es ou avoir d&rsquo;autres<br\/>des questions\/commentaires sur le traitement des donn\u00e9es, veuillez envoyer une demande d\u00e9taill\u00e9e \u00e0<br\/>info@martijnvanroon.nl. Pour vous assurer que la demande d&rsquo;inspection a \u00e9t\u00e9 faite par vous, demandez \u00e0<br\/>nous vous envoyons une copie de votre preuve d&rsquo;identit\u00e9 avec la demande. Faites votre photo d&rsquo;identit\u00e9 dans cette copie,<br\/>MRZ (zone de lecture automatique, la bande de chiffres au bas du passeport), le num\u00e9ro du passeport et le num\u00e9ro de la carte d&rsquo;identit\u00e9.<br\/>Num\u00e9ro de service aux citoyens (BSN) noir. Ceci afin de prot\u00e9ger votre vie priv\u00e9e. Heinzelmann Benelux va ainsi<br\/>r\u00e9pondre \u00e0 votre demande dans les meilleurs d\u00e9lais, mais en tout \u00e9tat de cause dans un d\u00e9lai de quatre semaines. Heinzelmann Benelux<br\/>souhaite \u00e9galement vous informer que vous avez la possibilit\u00e9 de d\u00e9poser une plainte aupr\u00e8s de l&rsquo;instance nationale de l&rsquo;UE.<br\/>l&rsquo;autorit\u00e9 de r\u00e9gulation, l&rsquo;Autorit\u00e9 des donn\u00e9es personnelles. Vous pouvez le faire via le lien suivant :<br\/>https:\/\/autoriteitpersoonsgegevens.nl\/nl\/contact-met-de-autoriteit-persoonsgegevens\/tip-ons<br\/><\/p>\n\n<p>Comment nous s\u00e9curisons les donn\u00e9es personnelles<br\/>Heinzelmann Benelux prend au s\u00e9rieux la protection de vos donn\u00e9es et prend les mesures appropri\u00e9es pour les prot\u00e9ger.<br\/>des mesures visant \u00e0 pr\u00e9venir les abus, les pertes, les acc\u00e8s non autoris\u00e9s, les divulgations non d\u00e9sir\u00e9es et<br\/>emp\u00eacher toute modification non autoris\u00e9e. Si vous estimez que vos donn\u00e9es ne sont pas correctement s\u00e9curis\u00e9es apr\u00e8s tout<br\/>ou s&rsquo;il y a des indices d&rsquo;abus, veuillez contacter notre service client\u00e8le ou \u00e0 l&rsquo;adresse suivante<br\/>info@martijnvanroo<\/p>\n","protected":false},"excerpt":{"rendered":"<p>D\u00e9claration de confidentialit\u00e9 Heinzelmann Benelux, situ\u00e9 \u00e0 Hendrik Figeeweg 1e 2031 BJ Haarlem, est responsable dele traitement des donn\u00e9es personnelles tel que refl\u00e9t\u00e9 dans la&#8230;<\/p>\n","protected":false},"author":1,"featured_media":0,"parent":0,"menu_order":0,"comment_status":"closed","ping_status":"closed","template":"","meta":{"footnotes":""},"class_list":["post-7117","page","type-page","status-publish"],"_links":{"self":[{"href":"https:\/\/heinzelmannbenelux.com\/fr\/wp-json\/wp\/v2\/pages\/7117","targetHints":{"allow":["GET"]}}],"collection":[{"href":"https:\/\/heinzelmannbenelux.com\/fr\/wp-json\/wp\/v2\/pages"}],"about":[{"href":"https:\/\/heinzelmannbenelux.com\/fr\/wp-json\/wp\/v2\/types\/page"}],"author":[{"embeddable":true,"href":"https:\/\/heinzelmannbenelux.com\/fr\/wp-json\/wp\/v2\/users\/1"}],"replies":[{"embeddable":true,"href":"https:\/\/heinzelmannbenelux.com\/fr\/wp-json\/wp\/v2\/comments?post=7117"}],"version-history":[{"count":1,"href":"https:\/\/heinzelmannbenelux.com\/fr\/wp-json\/wp\/v2\/pages\/7117\/revisions"}],"predecessor-version":[{"id":7118,"href":"https:\/\/heinzelmannbenelux.com\/fr\/wp-json\/wp\/v2\/pages\/7117\/revisions\/7118"}],"wp:attachment":[{"href":"https:\/\/heinzelmannbenelux.com\/fr\/wp-json\/wp\/v2\/media?parent=7117"}],"curies":[{"name":"wp","href":"https:\/\/api.w.org\/{rel}","templated":true}]}}