{"id":7631,"date":"2023-03-12T12:48:37","date_gmt":"2023-03-12T12:48:37","guid":{"rendered":"https:\/\/heinzelmannbenelux.com\/une-chance-unique-de-gagner-un-chef-x-heinzelmann\/"},"modified":"2023-03-12T12:48:52","modified_gmt":"2023-03-12T12:48:52","slug":"une-chance-unique-de-gagner-un-chef-x-heinzelmann","status":"publish","type":"page","link":"https:\/\/heinzelmannbenelux.com\/fr\/une-chance-unique-de-gagner-un-chef-x-heinzelmann\/","title":{"rendered":"Une chance unique de gagner un CHEF-X Heinzelmann !"},"content":{"rendered":"\n<figure class=\"wp-block-image size-full\"><img loading=\"lazy\" decoding=\"async\" width=\"564\" height=\"564\" src=\"https:\/\/heinzelmannbenelux.com\/wp-content\/uploads\/2023\/03\/Free-Heinzelmann.png\" alt=\"\" class=\"wp-image-7619\" srcset=\"https:\/\/heinzelmannbenelux.com\/wp-content\/uploads\/2023\/03\/Free-Heinzelmann.png 564w, https:\/\/heinzelmannbenelux.com\/wp-content\/uploads\/2023\/03\/Free-Heinzelmann-300x300.png 300w, https:\/\/heinzelmannbenelux.com\/wp-content\/uploads\/2023\/03\/Free-Heinzelmann-150x150.png 150w, https:\/\/heinzelmannbenelux.com\/wp-content\/uploads\/2023\/03\/Free-Heinzelmann-100x100.png 100w, https:\/\/heinzelmannbenelux.com\/wp-content\/uploads\/2023\/03\/Free-Heinzelmann-140x140.png 140w, https:\/\/heinzelmannbenelux.com\/wp-content\/uploads\/2023\/03\/Free-Heinzelmann-500x500.png 500w, https:\/\/heinzelmannbenelux.com\/wp-content\/uploads\/2023\/03\/Free-Heinzelmann-350x350.png 350w\" sizes=\"auto, (max-width: 564px) 100vw, 564px\" \/><\/figure>\n<p><strong>Con\u00e7u par des chefs, pour des chefs.<\/strong><\/p>\n\n<p>Vous \u00eates cordialement invit\u00e9 \u00e0 participer au d\u00e9veloppement de \u00ab\u00a0NEXT Heinzelmann\u00a0\u00bb ! Vos pr\u00e9cieuses id\u00e9es et vos commentaires ont toujours \u00e9t\u00e9 notre plus grande source d&rsquo;inspiration pour le d\u00e9veloppement et l&rsquo;am\u00e9lioration de la future soci\u00e9t\u00e9 Heinzelmann.  <\/p>\n\n<p>Remplissez et envoyez le questionnaire, vous aurez la chance de gagner l&rsquo;une des meilleures machines de cuisson multifonctionnelles &#8211; Heinzelmann CHEF-X :<br\/><strong><br\/>En quoi consiste exactement l&rsquo;action ?<\/strong><\/p>\n\n<p><strong>Les 3 premiers participants recevront un set CHEF-X Heinzelmann<\/strong>!<\/p>\n\n<p><strong>Dix autres gagnants peuvent recevoir le SMOKER Heinzelmann !<\/strong><br\/><br\/>Comme il n&rsquo;y a que 13 participants \u00e0 ce concours, vous devez indiquer votre compte de m\u00e9dia social et votre adresse \u00e9lectronique dans l&rsquo;enqu\u00eate. Le concours se termine le 30 avril 2023 \u00e0 23h59.<\/p>\n\n<p>SUCC\u00c8S !<\/p>\n\n<p><em>* Lire <\/em><a href=\"https:\/\/www.heinzelmannpro.com\/en\/survey202302_terms\" target=\"_blank\" rel=\"noreferrer noopener\">\n  <em>ici<\/em>\n<\/a> Conditions g\u00e9n\u00e9rales de l&rsquo;enqu\u00eate &#8211; Next Heinzelmann<\/p>\n","protected":false},"excerpt":{"rendered":"<p>Con\u00e7u par des chefs, pour des chefs. Vous \u00eates cordialement invit\u00e9 \u00e0 participer au d\u00e9veloppement de \u00ab\u00a0NEXT Heinzelmann\u00a0\u00bb ! Vos pr\u00e9cieuses id\u00e9es et vos commentaires&#8230;<\/p>\n","protected":false},"author":2,"featured_media":7621,"parent":0,"menu_order":0,"comment_status":"closed","ping_status":"closed","template":"","meta":{"footnotes":""},"class_list":["post-7631","page","type-page","status-publish","has-post-thumbnail"],"_links":{"self":[{"href":"https:\/\/heinzelmannbenelux.com\/fr\/wp-json\/wp\/v2\/pages\/7631","targetHints":{"allow":["GET"]}}],"collection":[{"href":"https:\/\/heinzelmannbenelux.com\/fr\/wp-json\/wp\/v2\/pages"}],"about":[{"href":"https:\/\/heinzelmannbenelux.com\/fr\/wp-json\/wp\/v2\/types\/page"}],"author":[{"embeddable":true,"href":"https:\/\/heinzelmannbenelux.com\/fr\/wp-json\/wp\/v2\/users\/2"}],"replies":[{"embeddable":true,"href":"https:\/\/heinzelmannbenelux.com\/fr\/wp-json\/wp\/v2\/comments?post=7631"}],"version-history":[{"count":1,"href":"https:\/\/heinzelmannbenelux.com\/fr\/wp-json\/wp\/v2\/pages\/7631\/revisions"}],"predecessor-version":[{"id":7633,"href":"https:\/\/heinzelmannbenelux.com\/fr\/wp-json\/wp\/v2\/pages\/7631\/revisions\/7633"}],"wp:featuredmedia":[{"embeddable":true,"href":"https:\/\/heinzelmannbenelux.com\/fr\/wp-json\/wp\/v2\/media\/7621"}],"wp:attachment":[{"href":"https:\/\/heinzelmannbenelux.com\/fr\/wp-json\/wp\/v2\/media?parent=7631"}],"curies":[{"name":"wp","href":"https:\/\/api.w.org\/{rel}","templated":true}]}}