{"id":7098,"date":"2023-01-31T13:48:28","date_gmt":"2023-01-31T13:48:28","guid":{"rendered":"https:\/\/heinzelmannbenelux.com\/product\/heinzelmann-chef-x-joint-detancheite-de-lame-pour-couteaux\/"},"modified":"2023-01-31T13:48:28","modified_gmt":"2023-01-31T13:48:28","slug":"sceau-chef-x-knife","status":"publish","type":"product","link":"https:\/\/heinzelmannbenelux.com\/fr\/produit\/sceau-chef-x-knife\/","title":{"rendered":"Heinzelmann CHEF-X Joint d&rsquo;\u00e9tanch\u00e9it\u00e9 de lame pour couteaux"},"content":{"rendered":"","protected":false},"excerpt":{"rendered":"<div class=\"woocommerce-product-details__short-description\">\n<p>Veillez \u00e0 remplacer le joint de la lame s&rsquo;il est endommag\u00e9 ou perdu. C&rsquo;est l&rsquo;une des pi\u00e8ces de rechange les plus essentielles de Heinzelmann pour faire fonctionner votre Heinzelmann CHEF-X et emp\u00eacher les liquides ou l&rsquo;humidit\u00e9 de s&rsquo;\u00e9chapper du bol de m\u00e9lange et d&rsquo;entrer dans le moteur.<\/p>\n<p>Con\u00e7u pour s&rsquo;adapter aux lames de mixage et cr\u00e9er un joint parfaitement \u00e9tanche, il est facile de retirer et de remplacer votre joint de lame.<\/p>\n<p>Pour une utilisation optimale de votre CHEF-X, remplacez le joint de la lame chaque ann\u00e9e.<\/p>\n<\/div>\n","protected":false},"featured_media":7031,"comment_status":"closed","ping_status":"closed","template":"","meta":[],"product_brand":[],"product_cat":[131],"product_tag":[133,134],"class_list":{"0":"post-7098","1":"product","2":"type-product","3":"status-publish","4":"has-post-thumbnail","6":"product_cat-accessoires-fr","7":"product_tag-caoutchouc-de-couteau","8":"product_tag-joint-de-lame","9":"product_shipping_class-accessoires-fr","11":"first","12":"instock","13":"taxable","14":"shipping-taxable","15":"purchasable","16":"product-type-simple"},"_links":{"self":[{"href":"https:\/\/heinzelmannbenelux.com\/fr\/wp-json\/wp\/v2\/product\/7098","targetHints":{"allow":["GET"]}}],"collection":[{"href":"https:\/\/heinzelmannbenelux.com\/fr\/wp-json\/wp\/v2\/product"}],"about":[{"href":"https:\/\/heinzelmannbenelux.com\/fr\/wp-json\/wp\/v2\/types\/product"}],"replies":[{"embeddable":true,"href":"https:\/\/heinzelmannbenelux.com\/fr\/wp-json\/wp\/v2\/comments?post=7098"}],"wp:featuredmedia":[{"embeddable":true,"href":"https:\/\/heinzelmannbenelux.com\/fr\/wp-json\/wp\/v2\/media\/7031"}],"wp:attachment":[{"href":"https:\/\/heinzelmannbenelux.com\/fr\/wp-json\/wp\/v2\/media?parent=7098"}],"wp:term":[{"taxonomy":"product_brand","embeddable":true,"href":"https:\/\/heinzelmannbenelux.com\/fr\/wp-json\/wp\/v2\/product_brand?post=7098"},{"taxonomy":"product_cat","embeddable":true,"href":"https:\/\/heinzelmannbenelux.com\/fr\/wp-json\/wp\/v2\/product_cat?post=7098"},{"taxonomy":"product_tag","embeddable":true,"href":"https:\/\/heinzelmannbenelux.com\/fr\/wp-json\/wp\/v2\/product_tag?post=7098"}],"curies":[{"name":"wp","href":"https:\/\/api.w.org\/{rel}","templated":true}]}}