{"id":7112,"date":"2023-02-07T13:23:32","date_gmt":"2023-02-07T13:23:32","guid":{"rendered":"https:\/\/heinzelmannbenelux.com\/product\/heinzelmann-chef-x-recipient-de-melange-en-acier-inoxydable-sans-lame\/"},"modified":"2023-02-07T13:23:32","modified_gmt":"2023-02-07T13:23:32","slug":"heinzelmann-chef-x-rvs-gobelet-mixeur-sans-couteau","status":"publish","type":"product","link":"https:\/\/heinzelmannbenelux.com\/fr\/produit\/heinzelmann-chef-x-rvs-gobelet-mixeur-sans-couteau\/","title":{"rendered":"Heinzelmann CHEF-X r\u00e9cipient de m\u00e9lange en acier inoxydable sans lame"},"content":{"rendered":"","protected":false},"excerpt":{"rendered":"<p><strong>Le gobelet m\u00e9langeur CHEF-X en acier inoxydable de 2 litres sans lame.<\/strong><\/p>\n<p>Que vous ayez besoin d&rsquo;un remplacement ou simplement d&rsquo;une pi\u00e8ce de rechange, ce gobelet m\u00e9langeur CHEF-X est s\u00fbr de faire ce qu&rsquo;il doit faire.<\/p>\n<ul>\n<li>Lavable au lave-vaisselle.<\/li>\n<li>Le mat\u00e9riau est conforme \u00e0 la norme europ\u00e9enne relative au contact alimentaire<\/li>\n<li>Le mat\u00e9riau est conforme \u00e0 la norme RoHS<\/li>\n<\/ul>\n<p>Attention ! !! Il s&rsquo;agit uniquement du gobelet m\u00e9langeur en acier inoxydable, donc sans les lames, le couvercle et le bouchon transparent du couvercle.<\/p>\n","protected":false},"featured_media":6836,"comment_status":"closed","ping_status":"closed","template":"","meta":[],"product_brand":[],"product_cat":[131],"product_tag":[156,153,154],"class_list":{"0":"post-7112","1":"product","2":"type-product","3":"status-publish","4":"has-post-thumbnail","6":"product_cat-accessoires-fr","7":"product_tag-bol-de-melange","8":"product_tag-godet-de-melange","9":"product_tag-venez","10":"product_shipping_class-accessoires-fr","12":"first","13":"instock","14":"taxable","15":"shipping-taxable","16":"purchasable","17":"product-type-simple"},"_links":{"self":[{"href":"https:\/\/heinzelmannbenelux.com\/fr\/wp-json\/wp\/v2\/product\/7112","targetHints":{"allow":["GET"]}}],"collection":[{"href":"https:\/\/heinzelmannbenelux.com\/fr\/wp-json\/wp\/v2\/product"}],"about":[{"href":"https:\/\/heinzelmannbenelux.com\/fr\/wp-json\/wp\/v2\/types\/product"}],"replies":[{"embeddable":true,"href":"https:\/\/heinzelmannbenelux.com\/fr\/wp-json\/wp\/v2\/comments?post=7112"}],"wp:featuredmedia":[{"embeddable":true,"href":"https:\/\/heinzelmannbenelux.com\/fr\/wp-json\/wp\/v2\/media\/6836"}],"wp:attachment":[{"href":"https:\/\/heinzelmannbenelux.com\/fr\/wp-json\/wp\/v2\/media?parent=7112"}],"wp:term":[{"taxonomy":"product_brand","embeddable":true,"href":"https:\/\/heinzelmannbenelux.com\/fr\/wp-json\/wp\/v2\/product_brand?post=7112"},{"taxonomy":"product_cat","embeddable":true,"href":"https:\/\/heinzelmannbenelux.com\/fr\/wp-json\/wp\/v2\/product_cat?post=7112"},{"taxonomy":"product_tag","embeddable":true,"href":"https:\/\/heinzelmannbenelux.com\/fr\/wp-json\/wp\/v2\/product_tag?post=7112"}],"curies":[{"name":"wp","href":"https:\/\/api.w.org\/{rel}","templated":true}]}}