{"id":7136,"date":"2023-01-31T12:45:47","date_gmt":"2023-01-31T12:45:47","guid":{"rendered":"https:\/\/heinzelmannbenelux.com\/product\/heinzelmann-smoker-hmsg01\/"},"modified":"2023-01-31T12:45:47","modified_gmt":"2023-01-31T12:45:47","slug":"heinzelmann-fumeur-hmsg01","status":"publish","type":"product","link":"https:\/\/heinzelmannbenelux.com\/fr\/produit\/heinzelmann-fumeur-hmsg01\/","title":{"rendered":"Heinzelmann SMOKER HMSG01"},"content":{"rendered":"<p><strong>Convivial, facile \u00e0 nettoyer et con\u00e7u pour durer. Le CHEF-X de Heinzelmann est pr\u00eat pour une utilisation quotidienne dans la cuisine professionnelle.<\/strong><\/p>\n<p><iframe loading=\"lazy\" title=\"Heinzelmann SMOKER\" width=\"1080\" height=\"608\" src=\"https:\/\/www.youtube.com\/embed\/cFrcK6FnMpE?feature=oembed\" frameborder=\"0\" allow=\"accelerometer; autoplay; clipboard-write; encrypted-media; gyroscope; picture-in-picture; web-share\" allowfullscreen><\/iframe><\/p>\n","protected":false},"excerpt":{"rendered":"<p>Donnez \u00e0 vos ingr\u00e9dients ou plats un go\u00fbt de fum\u00e9e instantan\u00e9 avec le CHEF-X de Heinzelmann.<\/p>\n<p>Vous pouvez d\u00e9sormais cr\u00e9er facilement de nouvelles variations de vos plats pr\u00e9f\u00e9r\u00e9s et les enrichir avec des ar\u00f4mes de fum\u00e9e. Il suffit de connecter le SMOKER, via un accessoire sp\u00e9cial, directement au CHEF-X de Heinzelmann et&#8230; C&rsquo;est fait !<\/p>\n<p>Cliquez <a href=\"https:\/\/heinzelmannbenelux.com\/heinzelmann-smoker\/\">ici<\/a> pour plus d&rsquo;informations<\/p>\n","protected":false},"featured_media":6812,"comment_status":"closed","ping_status":"closed","template":"","meta":[],"product_brand":[],"product_cat":[131,190],"product_tag":[193,195,197,191,192],"class_list":{"0":"post-7136","1":"product","2":"type-product","3":"status-publish","4":"has-post-thumbnail","6":"product_cat-accessoires-fr","7":"product_cat-heinzelmann-smoker-fr","8":"product_tag-fumee","9":"product_tag-fumee-fr","10":"product_tag-fumer","11":"product_tag-fumeur","12":"product_tag-fumeur-fr","13":"product_shipping_class-accessoires-fr","15":"first","16":"instock","17":"taxable","18":"shipping-taxable","19":"purchasable","20":"product-type-simple"},"_links":{"self":[{"href":"https:\/\/heinzelmannbenelux.com\/fr\/wp-json\/wp\/v2\/product\/7136","targetHints":{"allow":["GET"]}}],"collection":[{"href":"https:\/\/heinzelmannbenelux.com\/fr\/wp-json\/wp\/v2\/product"}],"about":[{"href":"https:\/\/heinzelmannbenelux.com\/fr\/wp-json\/wp\/v2\/types\/product"}],"replies":[{"embeddable":true,"href":"https:\/\/heinzelmannbenelux.com\/fr\/wp-json\/wp\/v2\/comments?post=7136"}],"wp:featuredmedia":[{"embeddable":true,"href":"https:\/\/heinzelmannbenelux.com\/fr\/wp-json\/wp\/v2\/media\/6812"}],"wp:attachment":[{"href":"https:\/\/heinzelmannbenelux.com\/fr\/wp-json\/wp\/v2\/media?parent=7136"}],"wp:term":[{"taxonomy":"product_brand","embeddable":true,"href":"https:\/\/heinzelmannbenelux.com\/fr\/wp-json\/wp\/v2\/product_brand?post=7136"},{"taxonomy":"product_cat","embeddable":true,"href":"https:\/\/heinzelmannbenelux.com\/fr\/wp-json\/wp\/v2\/product_cat?post=7136"},{"taxonomy":"product_tag","embeddable":true,"href":"https:\/\/heinzelmannbenelux.com\/fr\/wp-json\/wp\/v2\/product_tag?post=7136"}],"curies":[{"name":"wp","href":"https:\/\/api.w.org\/{rel}","templated":true}]}}