{"id":7150,"date":"2023-01-31T13:31:57","date_gmt":"2023-01-31T13:31:57","guid":{"rendered":"https:\/\/heinzelmannbenelux.com\/product\/fouet-heinzelmann-chef-x\/"},"modified":"2023-01-31T13:31:57","modified_gmt":"2023-01-31T13:31:57","slug":"heinzelmann-chef-x-fouet","status":"publish","type":"product","link":"https:\/\/heinzelmannbenelux.com\/fr\/produit\/heinzelmann-chef-x-fouet\/","title":{"rendered":"Fouet Heinzelmann CHEF-X"},"content":{"rendered":"<p><strong>Convivial, facile \u00e0 nettoyer et con\u00e7u pour durer. Le CHEF-X de Heinzelmann est pr\u00eat pour une utilisation quotidienne dans la cuisine professionnelle.<\/strong><\/p>\n<p><iframe loading=\"lazy\" title=\"Inside Heinzelmann CHEF-X - Whipping Cream\" width=\"1080\" height=\"810\" src=\"https:\/\/www.youtube.com\/embed\/7JoHlszLnl0?feature=oembed\" frameborder=\"0\" allow=\"accelerometer; autoplay; clipboard-write; encrypted-media; gyroscope; picture-in-picture; web-share\" allowfullscreen><\/iframe><\/p>\n<p>&nbsp;<\/p>\n","protected":false},"excerpt":{"rendered":"<p>Rien de plus simple : versez de la cr\u00e8me \u00e0 fouetter froide dans le Heinzelmann Chef-X, ajoutez du sucre ou des ar\u00f4mes comme la vanille et fouettez pendant une minute ou deux, jusqu&rsquo;\u00e0 obtenir la bonne consistance. Le bol et le couteau peuvent \u00eatre \u00e0 temp\u00e9rature ambiante, de sorte que l&rsquo;ensemble du processus ne prend que quelques instants.<\/p>\n<p>Le fouet CHEF-X est parfait pour pr\u00e9parer des sauces et des mousses, monter les blancs d&rsquo;\u0153ufs, la cr\u00e8me, la mayonnaise ou faire votre beurre pr\u00e9f\u00e9r\u00e9 avec des herbes et des \u00e9pices.<\/p>\n<p>Astuce ! Lorsque vous utilisez votre fouet CHEF-X, ne d\u00e9passez pas la vitesse 4.<\/p>\n<ul>\n<li>Lavable au lave-vaisselle.<\/li>\n<li>Le mat\u00e9riau est conforme \u00e0 la norme europ\u00e9enne relative au contact alimentaire<\/li>\n<li>Le mat\u00e9riau est conforme \u00e0 la norme RoHS<\/li>\n<\/ul>\n","protected":false},"featured_media":6833,"comment_status":"closed","ping_status":"closed","template":"","meta":[],"product_brand":[],"product_cat":[131],"product_tag":[205,206,207,209],"class_list":{"0":"post-7150","1":"product","2":"type-product","3":"status-publish","4":"has-post-thumbnail","6":"product_cat-accessoires-fr","7":"product_tag-fouet","8":"product_tag-fouet-fr","9":"product_tag-sauver","10":"product_tag-slagwoom-fr","11":"product_shipping_class-accessoires-fr","13":"first","14":"instock","15":"taxable","16":"shipping-taxable","17":"purchasable","18":"product-type-simple"},"_links":{"self":[{"href":"https:\/\/heinzelmannbenelux.com\/fr\/wp-json\/wp\/v2\/product\/7150","targetHints":{"allow":["GET"]}}],"collection":[{"href":"https:\/\/heinzelmannbenelux.com\/fr\/wp-json\/wp\/v2\/product"}],"about":[{"href":"https:\/\/heinzelmannbenelux.com\/fr\/wp-json\/wp\/v2\/types\/product"}],"replies":[{"embeddable":true,"href":"https:\/\/heinzelmannbenelux.com\/fr\/wp-json\/wp\/v2\/comments?post=7150"}],"wp:featuredmedia":[{"embeddable":true,"href":"https:\/\/heinzelmannbenelux.com\/fr\/wp-json\/wp\/v2\/media\/6833"}],"wp:attachment":[{"href":"https:\/\/heinzelmannbenelux.com\/fr\/wp-json\/wp\/v2\/media?parent=7150"}],"wp:term":[{"taxonomy":"product_brand","embeddable":true,"href":"https:\/\/heinzelmannbenelux.com\/fr\/wp-json\/wp\/v2\/product_brand?post=7150"},{"taxonomy":"product_cat","embeddable":true,"href":"https:\/\/heinzelmannbenelux.com\/fr\/wp-json\/wp\/v2\/product_cat?post=7150"},{"taxonomy":"product_tag","embeddable":true,"href":"https:\/\/heinzelmannbenelux.com\/fr\/wp-json\/wp\/v2\/product_tag?post=7150"}],"curies":[{"name":"wp","href":"https:\/\/api.w.org\/{rel}","templated":true}]}}