{"id":7180,"date":"2023-01-31T13:27:39","date_gmt":"2023-01-31T13:27:39","guid":{"rendered":"https:\/\/heinzelmannbenelux.com\/product\/panier-vapeur-heinzelmann-chef-x\/"},"modified":"2023-01-31T13:27:39","modified_gmt":"2023-01-31T13:27:39","slug":"panier-heinzelmann-chef-x-vapeur","status":"publish","type":"product","link":"https:\/\/heinzelmannbenelux.com\/fr\/produit\/panier-heinzelmann-chef-x-vapeur\/","title":{"rendered":"Panier vapeur Heinzelmann CHEF-X"},"content":{"rendered":"<p><strong>Convivial, facile \u00e0 nettoyer et con\u00e7u pour durer. Le CHEF-X de Heinzelmann est pr\u00eat pour une utilisation quotidienne dans la cuisine professionnelle.<\/strong><\/p>\n<p><iframe loading=\"lazy\" title=\"Heinzelmann Chef-X Accessories Design - Simmering Basket\" width=\"1080\" height=\"608\" src=\"https:\/\/www.youtube.com\/embed\/5pxcm3De8Cg?feature=oembed\" frameborder=\"0\" allow=\"accelerometer; autoplay; clipboard-write; encrypted-media; gyroscope; picture-in-picture; web-share\" allowfullscreen><\/iframe><\/p>\n","protected":false},"excerpt":{"rendered":"<p>Le panier vapeur CHEF-X de Heinzelmann s&rsquo;adapte parfaitement au bol m\u00e9langeur CHEF-X de Heinzelmann et est id\u00e9al pour pr\u00e9parer des plats d&rsquo;accompagnement tels que du riz, des pommes de terre ou des l\u00e9gumes pour des plats \u00ab\u00a0tout-en-un\u00a0\u00bb. Il est \u00e9galement parfait pour servir de passoire \u00e0 fruits ou \u00e0 l\u00e9gumes, ce qui est une autre touche pratique pour vous aider \u00e0 pr\u00e9parer vos repas en toute simplicit\u00e9.<\/p>\n<p>En pla\u00e7ant vos ingr\u00e9dients dans le panier vapeur, ils peuvent \u00eatre cuits ou cuits \u00e0 la vapeur tandis que la spatule EF-X est adapt\u00e9e \u00e0 la forme du bol de mixage et peut s&rsquo;introduire dans toutes les crevasses, facilitant ainsi le raclage. Le crochet pratique pour spatule, con\u00e7u pour s&rsquo;ins\u00e9rer dans une encoche correspondante sur le bord du panier du cuiseur vapeur. En ins\u00e9rant le crochet dans l&rsquo;encoche, vous pouvez retirer le panier vapeur en toute s\u00e9curit\u00e9.<\/p>\n<ul>\n<li>Lavable au lave-vaisselle<\/li>\n<li>Le mat\u00e9riau est conforme \u00e0 la norme europ\u00e9enne relative au contact alimentaire<\/li>\n<li>Le mat\u00e9riau est conforme \u00e0 la norme RoHS<\/li>\n<\/ul>\n","protected":false},"featured_media":6830,"comment_status":"closed","ping_status":"closed","template":"","meta":[],"product_brand":[],"product_cat":[131],"product_tag":[225,224],"class_list":{"0":"post-7180","1":"product","2":"type-product","3":"status-publish","4":"has-post-thumbnail","6":"product_cat-accessoires-fr","7":"product_tag-a-la-vapeur","8":"product_tag-panier-vapeur","9":"product_shipping_class-accessoires-fr","11":"first","12":"instock","13":"taxable","14":"shipping-taxable","15":"purchasable","16":"product-type-simple"},"_links":{"self":[{"href":"https:\/\/heinzelmannbenelux.com\/fr\/wp-json\/wp\/v2\/product\/7180","targetHints":{"allow":["GET"]}}],"collection":[{"href":"https:\/\/heinzelmannbenelux.com\/fr\/wp-json\/wp\/v2\/product"}],"about":[{"href":"https:\/\/heinzelmannbenelux.com\/fr\/wp-json\/wp\/v2\/types\/product"}],"replies":[{"embeddable":true,"href":"https:\/\/heinzelmannbenelux.com\/fr\/wp-json\/wp\/v2\/comments?post=7180"}],"wp:featuredmedia":[{"embeddable":true,"href":"https:\/\/heinzelmannbenelux.com\/fr\/wp-json\/wp\/v2\/media\/6830"}],"wp:attachment":[{"href":"https:\/\/heinzelmannbenelux.com\/fr\/wp-json\/wp\/v2\/media?parent=7180"}],"wp:term":[{"taxonomy":"product_brand","embeddable":true,"href":"https:\/\/heinzelmannbenelux.com\/fr\/wp-json\/wp\/v2\/product_brand?post=7180"},{"taxonomy":"product_cat","embeddable":true,"href":"https:\/\/heinzelmannbenelux.com\/fr\/wp-json\/wp\/v2\/product_cat?post=7180"},{"taxonomy":"product_tag","embeddable":true,"href":"https:\/\/heinzelmannbenelux.com\/fr\/wp-json\/wp\/v2\/product_tag?post=7180"}],"curies":[{"name":"wp","href":"https:\/\/api.w.org\/{rel}","templated":true}]}}