{"id":7206,"date":"2023-02-07T13:25:28","date_gmt":"2023-02-07T13:25:28","guid":{"rendered":"https:\/\/heinzelmannbenelux.com\/product\/heinzelmann-chef-x-acier-inoxydable-loose-mixing-cup-set-complete\/"},"modified":"2023-02-07T13:25:28","modified_gmt":"2023-02-07T13:25:28","slug":"heinzelmann-chef-x-rvs-libre-mixing-cup-set-complete","status":"publish","type":"product","link":"https:\/\/heinzelmannbenelux.com\/fr\/produit\/heinzelmann-chef-x-rvs-libre-mixing-cup-set-complete\/","title":{"rendered":"Heinzelmann CHEF-X acier inoxydable Loose Mixing Cup Set Complete"},"content":{"rendered":"<p><strong>Convivial, facile \u00e0 nettoyer et con\u00e7u pour durer. Le CHEF-X de Heinzelmann est pr\u00eat pour une utilisation quotidienne dans la cuisine professionnelle.<\/strong><\/p>\n<p><iframe loading=\"lazy\" title=\"Heinzelmann Blade and Bowl\" width=\"1080\" height=\"608\" src=\"https:\/\/www.youtube.com\/embed\/p1wI0w1HGt0?feature=oembed\" frameborder=\"0\" allow=\"accelerometer; autoplay; clipboard-write; encrypted-media; gyroscope; picture-in-picture; web-share\" allowfullscreen><\/iframe><\/p>\n","protected":false},"excerpt":{"rendered":"<p><strong>Gobelet m\u00e9langeur CHEF-X en acier inoxydable de 2 litres, complet avec lames, couvercle et bouchon transparent.<\/strong><\/p>\n<p><span id=\"tgtAlignment_5\" class=\"ts-alignment-element\" data-is-focusable=\"true\">Que<\/span> <span id=\"tgtAlignment_4\" class=\"ts-alignment-element\" data-is-focusable=\"true\">vous<\/span> ayez <span id=\"tgtAlignment_9\" class=\"ts-alignment-element\" data-is-focusable=\"true\">besoin d&rsquo;<\/span> <span id=\"tgtAlignment_6\" class=\"ts-alignment-element\" data-is-focusable=\"true\">un<\/span> <span id=\"tgtAlignment_7\" class=\"ts-alignment-element\" data-is-focusable=\"true\">remplacement<\/span> <span id=\"tgtAlignment_10\" class=\"ts-alignment-element\" data-is-focusable=\"true\">ou<\/span> que vous souhaitiez <span id=\"tgtAlignment_11\" class=\"ts-alignment-element\" data-is-focusable=\"true\">simplement<\/span> <span id=\"tgtAlignment_12\" class=\"ts-alignment-element\" data-is-focusable=\"true\">une<\/span> <span id=\"tgtAlignment_13\" class=\"ts-alignment-element\" data-is-focusable=\"true\">pi\u00e8ce de rechange<\/span>  <span id=\"tgtAlignment_14\" class=\"ts-alignment-element\" data-is-focusable=\"true\">Ayez,<\/span> <span id=\"tgtAlignment_15\" class=\"ts-alignment-element\" data-is-focusable=\"true\">ce<\/span> set de gobelets m\u00e9langeurs <span id=\"tgtAlignment_16\" class=\"ts-alignment-element\" data-is-focusable=\"true\">CHEF-X<\/span>  <span id=\"tgtAlignment_18\" class=\"ts-alignment-element-highlighted\" data-is-focusable=\"true\">sera<\/span> <span id=\"tgtAlignment_19\" class=\"ts-alignment-element\" data-is-focusable=\"true\">certainement<\/span> <span id=\"tgtAlignment_20\" class=\"ts-alignment-element\" data-is-focusable=\"true\">faire<\/span> <span id=\"tgtAlignment_21\" class=\"ts-alignment-element\" data-is-focusable=\"true\">ce que<\/span> <span id=\"tgtAlignment_22\" class=\"ts-alignment-element\" data-is-focusable=\"true\">il<\/span> <span id=\"tgtAlignment_23\" class=\"ts-alignment-element\" data-is-focusable=\"true\">devrait<\/span> <span id=\"tgtAlignment_24\" class=\"ts-alignment-element\" data-is-focusable=\"true\">faire.<\/span><\/p>\n<p>Cet ensemble complet comprend :<\/p>\n<ul>\n<li>Coupe de m\u00e9lange en acier inoxydable CHEF-X 2 litres<\/li>\n<li>Couteau CHEF-X titanuim avec joint d&rsquo;\u00e9tanch\u00e9it\u00e9<\/li>\n<li>Couvercle CHEF-X avec joint<\/li>\n<li>Bouchon transparent CHEF-X avec \u00e9chelle de mesure<\/li>\n<\/ul>\n<p>Attention ! !! L&rsquo;ampoule LED, le fouet et le panier vapeur ne sont pas inbgrepen.<\/p>\n","protected":false},"featured_media":6977,"comment_status":"closed","ping_status":"closed","template":"","meta":[],"product_brand":[],"product_cat":[131],"product_tag":[156,153,154],"class_list":{"0":"post-7206","1":"product","2":"type-product","3":"status-publish","4":"has-post-thumbnail","6":"product_cat-accessoires-fr","7":"product_tag-bol-de-melange","8":"product_tag-godet-de-melange","9":"product_tag-venez","10":"product_shipping_class-accessoires-fr","12":"first","13":"instock","14":"taxable","15":"shipping-taxable","16":"purchasable","17":"product-type-simple"},"_links":{"self":[{"href":"https:\/\/heinzelmannbenelux.com\/fr\/wp-json\/wp\/v2\/product\/7206","targetHints":{"allow":["GET"]}}],"collection":[{"href":"https:\/\/heinzelmannbenelux.com\/fr\/wp-json\/wp\/v2\/product"}],"about":[{"href":"https:\/\/heinzelmannbenelux.com\/fr\/wp-json\/wp\/v2\/types\/product"}],"replies":[{"embeddable":true,"href":"https:\/\/heinzelmannbenelux.com\/fr\/wp-json\/wp\/v2\/comments?post=7206"}],"wp:featuredmedia":[{"embeddable":true,"href":"https:\/\/heinzelmannbenelux.com\/fr\/wp-json\/wp\/v2\/media\/6977"}],"wp:attachment":[{"href":"https:\/\/heinzelmannbenelux.com\/fr\/wp-json\/wp\/v2\/media?parent=7206"}],"wp:term":[{"taxonomy":"product_brand","embeddable":true,"href":"https:\/\/heinzelmannbenelux.com\/fr\/wp-json\/wp\/v2\/product_brand?post=7206"},{"taxonomy":"product_cat","embeddable":true,"href":"https:\/\/heinzelmannbenelux.com\/fr\/wp-json\/wp\/v2\/product_cat?post=7206"},{"taxonomy":"product_tag","embeddable":true,"href":"https:\/\/heinzelmannbenelux.com\/fr\/wp-json\/wp\/v2\/product_tag?post=7206"}],"curies":[{"name":"wp","href":"https:\/\/api.w.org\/{rel}","templated":true}]}}