{"id":7207,"date":"2023-01-31T13:49:49","date_gmt":"2023-01-31T13:49:49","guid":{"rendered":"https:\/\/heinzelmannbenelux.com\/product\/heinzelmann-chef-x-anneau-detancheite-en-silicone-pour-couvercle\/"},"modified":"2023-01-31T13:49:49","modified_gmt":"2023-01-31T13:49:49","slug":"heinzelmann-chef-x-silicone-seal-for-cover","status":"publish","type":"product","link":"https:\/\/heinzelmannbenelux.com\/fr\/produit\/heinzelmann-chef-x-silicone-seal-for-cover\/","title":{"rendered":"Heinzelmann CHEF-X anneau d&rsquo;\u00e9tanch\u00e9it\u00e9 en silicone pour couvercle"},"content":{"rendered":"","protected":false},"excerpt":{"rendered":"<div class=\"woocommerce-product-details__short-description\">\n<p>Profitez de la cuisine en toute confiance et maintenez le couvercle du CHEF-X de Heinzelmann bien \u00e9tanche en rempla\u00e7ant chaque ann\u00e9e la bague d&rsquo;\u00e9tanch\u00e9it\u00e9 du couvercle en silicone en cas d&rsquo;utilisation intensive. Si vous utilisez le CHEF-X de mani\u00e8re un peu moins intensive, nous vous recommandons de remplacer la bague d&rsquo;\u00e9tanch\u00e9it\u00e9 tous les deux ans.<\/p>\n<p>C&rsquo;est la pi\u00e8ce de rechange la plus essentielle de votre CHEF-X Heinzelmann. Une fois que vous aurez plac\u00e9 le nouvel anneau d&rsquo;\u00e9tanch\u00e9it\u00e9 en silicone dans le couvercle du bol de mixage, vous serez pr\u00eat \u00e0 commencer \u00e0 travailler sur vos recettes pr\u00e9f\u00e9r\u00e9es pour la prochaine p\u00e9riode.<\/p>\n<p>Remplacer le joint du couvercle au maximum tous les 2 ans et annuellement en cas d&rsquo;utilisation intensive.<\/p>\n<\/div>\n","protected":false},"featured_media":7022,"comment_status":"closed","ping_status":"closed","template":"","meta":[],"product_brand":[],"product_cat":[131],"product_tag":[230],"class_list":{"0":"post-7207","1":"product","2":"type-product","3":"status-publish","4":"has-post-thumbnail","6":"product_cat-accessoires-fr","7":"product_tag-bague-detancheite","8":"product_shipping_class-accessoires-fr","10":"first","11":"instock","12":"taxable","13":"shipping-taxable","14":"purchasable","15":"product-type-simple"},"_links":{"self":[{"href":"https:\/\/heinzelmannbenelux.com\/fr\/wp-json\/wp\/v2\/product\/7207","targetHints":{"allow":["GET"]}}],"collection":[{"href":"https:\/\/heinzelmannbenelux.com\/fr\/wp-json\/wp\/v2\/product"}],"about":[{"href":"https:\/\/heinzelmannbenelux.com\/fr\/wp-json\/wp\/v2\/types\/product"}],"replies":[{"embeddable":true,"href":"https:\/\/heinzelmannbenelux.com\/fr\/wp-json\/wp\/v2\/comments?post=7207"}],"wp:featuredmedia":[{"embeddable":true,"href":"https:\/\/heinzelmannbenelux.com\/fr\/wp-json\/wp\/v2\/media\/7022"}],"wp:attachment":[{"href":"https:\/\/heinzelmannbenelux.com\/fr\/wp-json\/wp\/v2\/media?parent=7207"}],"wp:term":[{"taxonomy":"product_brand","embeddable":true,"href":"https:\/\/heinzelmannbenelux.com\/fr\/wp-json\/wp\/v2\/product_brand?post=7207"},{"taxonomy":"product_cat","embeddable":true,"href":"https:\/\/heinzelmannbenelux.com\/fr\/wp-json\/wp\/v2\/product_cat?post=7207"},{"taxonomy":"product_tag","embeddable":true,"href":"https:\/\/heinzelmannbenelux.com\/fr\/wp-json\/wp\/v2\/product_tag?post=7207"}],"curies":[{"name":"wp","href":"https:\/\/api.w.org\/{rel}","templated":true}]}}