{"id":7215,"date":"2023-01-31T13:38:27","date_gmt":"2023-01-31T13:38:27","guid":{"rendered":"https:\/\/heinzelmannbenelux.com\/product\/lumiere-led-heinzelmann-chef-x\/"},"modified":"2023-01-31T13:38:27","modified_gmt":"2023-01-31T13:38:27","slug":"heinzelmann-chef-x-led-light","status":"publish","type":"product","link":"https:\/\/heinzelmannbenelux.com\/fr\/produit\/heinzelmann-chef-x-led-light\/","title":{"rendered":"Lumi\u00e8re LED Heinzelmann CHEF-X"},"content":{"rendered":"<p><strong>Convivial, facile \u00e0 nettoyer et con\u00e7u pour durer. Le CHEF-X de Heinzelmann est pr\u00eat pour une utilisation quotidienne dans la cuisine professionnelle.<\/strong><\/p>\n<p><iframe loading=\"lazy\" title=\"Heinzelmann CHEF-X - Lid with Light (Patented)\" width=\"1080\" height=\"810\" src=\"https:\/\/www.youtube.com\/embed\/Y9hMM817-0U?list=PLcIS5nYjq01EGVj8Tz978inpErnfgojww\" frameborder=\"0\" allow=\"accelerometer; autoplay; clipboard-write; encrypted-media; gyroscope; picture-in-picture; web-share\" allowfullscreen><\/iframe><\/p>\n","protected":false},"excerpt":{"rendered":"<p>Que vous ayez besoin d&rsquo;un remplacement ou simplement d&rsquo;une pi\u00e8ce de rechange, cette lampe LED CHEF-X fera certainement ce qu&rsquo;elle est cens\u00e9e faire et est faite uniquement pour Heinzelmann CHEF-X.<\/p>\n<p>La lumi\u00e8re int\u00e9gr\u00e9e vous donne une visibilit\u00e9 rapide et vous aide \u00e0 garder le contr\u00f4le de ce qui se passe dans le bol de m\u00e9lange pendant l&rsquo;utilisation.<\/p>\n<ul>\n<li>250 mAh 3.7V, supporte 2 x 60mA LEDs.<\/li>\n<li>Avec fonction tactile<\/li>\n<li>Rechargeable<\/li>\n<li>Arr\u00eat automatique de 20 secondes<\/li>\n<li>c\u00e2ble de chargement inclus<\/li>\n<\/ul>\n","protected":false},"featured_media":6842,"comment_status":"closed","ping_status":"closed","template":"","meta":[],"product_brand":[],"product_cat":[131],"product_tag":[234,233],"class_list":{"0":"post-7215","1":"product","2":"type-product","3":"status-publish","4":"has-post-thumbnail","6":"product_cat-accessoires-fr","7":"product_tag-lampe-led","8":"product_tag-lumiere-led","9":"product_shipping_class-accessoires-fr","11":"first","12":"instock","13":"taxable","14":"shipping-taxable","15":"purchasable","16":"product-type-simple"},"_links":{"self":[{"href":"https:\/\/heinzelmannbenelux.com\/fr\/wp-json\/wp\/v2\/product\/7215","targetHints":{"allow":["GET"]}}],"collection":[{"href":"https:\/\/heinzelmannbenelux.com\/fr\/wp-json\/wp\/v2\/product"}],"about":[{"href":"https:\/\/heinzelmannbenelux.com\/fr\/wp-json\/wp\/v2\/types\/product"}],"replies":[{"embeddable":true,"href":"https:\/\/heinzelmannbenelux.com\/fr\/wp-json\/wp\/v2\/comments?post=7215"}],"wp:featuredmedia":[{"embeddable":true,"href":"https:\/\/heinzelmannbenelux.com\/fr\/wp-json\/wp\/v2\/media\/6842"}],"wp:attachment":[{"href":"https:\/\/heinzelmannbenelux.com\/fr\/wp-json\/wp\/v2\/media?parent=7215"}],"wp:term":[{"taxonomy":"product_brand","embeddable":true,"href":"https:\/\/heinzelmannbenelux.com\/fr\/wp-json\/wp\/v2\/product_brand?post=7215"},{"taxonomy":"product_cat","embeddable":true,"href":"https:\/\/heinzelmannbenelux.com\/fr\/wp-json\/wp\/v2\/product_cat?post=7215"},{"taxonomy":"product_tag","embeddable":true,"href":"https:\/\/heinzelmannbenelux.com\/fr\/wp-json\/wp\/v2\/product_tag?post=7215"}],"curies":[{"name":"wp","href":"https:\/\/api.w.org\/{rel}","templated":true}]}}