{"id":7232,"date":"2023-01-31T13:46:38","date_gmt":"2023-01-31T13:46:38","guid":{"rendered":"https:\/\/heinzelmannbenelux.com\/product\/spatule-heinzelmann-chef-x\/"},"modified":"2023-01-31T13:46:38","modified_gmt":"2023-01-31T13:46:38","slug":"heinzelmann-chef-x-spatule","status":"publish","type":"product","link":"https:\/\/heinzelmannbenelux.com\/fr\/produit\/heinzelmann-chef-x-spatule\/","title":{"rendered":"Spatule Heinzelmann CHEF-X"},"content":{"rendered":"<p><strong>Convivial, facile \u00e0 nettoyer et con\u00e7u pour durer. Le CHEF-X de Heinzelmann est pr\u00eat pour une utilisation quotidienne dans la cuisine professionnelle.<\/strong><\/p>\n<p><iframe loading=\"lazy\" title=\"Heinzelmann Chef-X Accessories Design - Spatula\" width=\"1080\" height=\"608\" src=\"https:\/\/www.youtube.com\/embed\/3tluEvjSzrs?feature=oembed\" frameborder=\"0\" allow=\"accelerometer; autoplay; clipboard-write; encrypted-media; gyroscope; picture-in-picture; web-share\" allowfullscreen><\/iframe><\/p>\n<p>&nbsp;<\/p>\n","protected":false},"excerpt":{"rendered":"<div class=\"woocommerce-product-details__short-description\">\n<p>La spatule CHEF-X de Heinzelmann s&rsquo;adapte \u00e0 la forme du bol de mixage et peut atteindre toutes les crevasses, facilitant ainsi le raclage. Le crochet pratique pour spatule, con\u00e7u pour s&rsquo;ins\u00e9rer dans une encoche correspondante sur le bord du panier du cuiseur vapeur. En ins\u00e9rant le crochet dans l&rsquo;encoche, vous pouvez retirer le panier vapeur en toute s\u00e9curit\u00e9.<\/p>\n<ul>\n<li style=\"list-style-type: none;\">\n<ul>\n<li>Lavable au lave-vaisselle<\/li>\n<li>Le mat\u00e9riau est conforme \u00e0 la norme europ\u00e9enne relative au contact alimentaire<\/li>\n<li>Le mat\u00e9riau est conforme \u00e0 la norme RoHS<\/li>\n<\/ul>\n<\/li>\n<\/ul>\n<\/div>\n","protected":false},"featured_media":6857,"comment_status":"closed","ping_status":"closed","template":"","meta":[],"product_brand":[],"product_cat":[131],"product_tag":[248,249],"class_list":{"0":"post-7232","1":"product","2":"type-product","3":"status-publish","4":"has-post-thumbnail","6":"product_cat-accessoires-fr","7":"product_tag-crepe","8":"product_tag-spatule","9":"product_shipping_class-accessoires-fr","11":"first","12":"instock","13":"taxable","14":"shipping-taxable","15":"purchasable","16":"product-type-simple"},"_links":{"self":[{"href":"https:\/\/heinzelmannbenelux.com\/fr\/wp-json\/wp\/v2\/product\/7232","targetHints":{"allow":["GET"]}}],"collection":[{"href":"https:\/\/heinzelmannbenelux.com\/fr\/wp-json\/wp\/v2\/product"}],"about":[{"href":"https:\/\/heinzelmannbenelux.com\/fr\/wp-json\/wp\/v2\/types\/product"}],"replies":[{"embeddable":true,"href":"https:\/\/heinzelmannbenelux.com\/fr\/wp-json\/wp\/v2\/comments?post=7232"}],"wp:featuredmedia":[{"embeddable":true,"href":"https:\/\/heinzelmannbenelux.com\/fr\/wp-json\/wp\/v2\/media\/6857"}],"wp:attachment":[{"href":"https:\/\/heinzelmannbenelux.com\/fr\/wp-json\/wp\/v2\/media?parent=7232"}],"wp:term":[{"taxonomy":"product_brand","embeddable":true,"href":"https:\/\/heinzelmannbenelux.com\/fr\/wp-json\/wp\/v2\/product_brand?post=7232"},{"taxonomy":"product_cat","embeddable":true,"href":"https:\/\/heinzelmannbenelux.com\/fr\/wp-json\/wp\/v2\/product_cat?post=7232"},{"taxonomy":"product_tag","embeddable":true,"href":"https:\/\/heinzelmannbenelux.com\/fr\/wp-json\/wp\/v2\/product_tag?post=7232"}],"curies":[{"name":"wp","href":"https:\/\/api.w.org\/{rel}","templated":true}]}}