{"id":7235,"date":"2023-01-31T13:43:27","date_gmt":"2023-01-31T13:43:27","guid":{"rendered":"https:\/\/heinzelmannbenelux.com\/product\/heinzelmann-chef-x-transparent-lid-cap\/"},"modified":"2023-01-31T13:43:27","modified_gmt":"2023-01-31T13:43:27","slug":"heinzelmann-chef-x-transparent-cap","status":"publish","type":"product","link":"https:\/\/heinzelmannbenelux.com\/fr\/produit\/heinzelmann-chef-x-transparent-cap\/","title":{"rendered":"Heinzelmann CHEF-X Transparent Lid Cap"},"content":{"rendered":"","protected":false},"excerpt":{"rendered":"<p>Que vous ayez besoin d&rsquo;un remplacement ou simplement d&rsquo;une pi\u00e8ce de rechange, ce bouchon CHEF-X est s\u00fbr de faire ce qu&rsquo;il doit faire. Ce bouchon est uniquement fabriqu\u00e9 pour le couvercle CHEF-X de Heinzelmann.<\/p>\n<ul>\n<li>Lavable au lave-vaisselle<\/li>\n<li>Marqueur de mesure jusqu&rsquo;\u00e0 100ml<\/li>\n<li>Le mat\u00e9riau est conforme \u00e0 la norme europ\u00e9enne relative au contact alimentaire<\/li>\n<li>Le mat\u00e9riau est conforme \u00e0 la norme RoHS<\/li>\n<\/ul>\n","protected":false},"featured_media":6851,"comment_status":"closed","ping_status":"closed","template":"","meta":[],"product_brand":[],"product_cat":[131],"product_tag":[250,251],"class_list":{"0":"post-7235","1":"product","2":"type-product","3":"status-publish","4":"has-post-thumbnail","6":"product_cat-accessoires-fr","7":"product_tag-capuchon","8":"product_tag-capuchon-du-couvercle","9":"product_shipping_class-accessoires-fr","11":"first","12":"instock","13":"taxable","14":"shipping-taxable","15":"purchasable","16":"product-type-simple"},"_links":{"self":[{"href":"https:\/\/heinzelmannbenelux.com\/fr\/wp-json\/wp\/v2\/product\/7235","targetHints":{"allow":["GET"]}}],"collection":[{"href":"https:\/\/heinzelmannbenelux.com\/fr\/wp-json\/wp\/v2\/product"}],"about":[{"href":"https:\/\/heinzelmannbenelux.com\/fr\/wp-json\/wp\/v2\/types\/product"}],"replies":[{"embeddable":true,"href":"https:\/\/heinzelmannbenelux.com\/fr\/wp-json\/wp\/v2\/comments?post=7235"}],"wp:featuredmedia":[{"embeddable":true,"href":"https:\/\/heinzelmannbenelux.com\/fr\/wp-json\/wp\/v2\/media\/6851"}],"wp:attachment":[{"href":"https:\/\/heinzelmannbenelux.com\/fr\/wp-json\/wp\/v2\/media?parent=7235"}],"wp:term":[{"taxonomy":"product_brand","embeddable":true,"href":"https:\/\/heinzelmannbenelux.com\/fr\/wp-json\/wp\/v2\/product_brand?post=7235"},{"taxonomy":"product_cat","embeddable":true,"href":"https:\/\/heinzelmannbenelux.com\/fr\/wp-json\/wp\/v2\/product_cat?post=7235"},{"taxonomy":"product_tag","embeddable":true,"href":"https:\/\/heinzelmannbenelux.com\/fr\/wp-json\/wp\/v2\/product_tag?post=7235"}],"curies":[{"name":"wp","href":"https:\/\/api.w.org\/{rel}","templated":true}]}}