{"id":7236,"date":"2023-02-08T12:29:17","date_gmt":"2023-02-08T12:29:17","guid":{"rendered":"https:\/\/heinzelmannbenelux.com\/product\/kit-de-maintenance-heinzelmann-chef-x\/"},"modified":"2023-09-26T14:22:05","modified_gmt":"2023-09-26T14:22:05","slug":"kit-dentretien-heinzelmann-chef-x","status":"publish","type":"product","link":"https:\/\/heinzelmannbenelux.com\/fr\/produit\/kit-dentretien-heinzelmann-chef-x\/","title":{"rendered":"Kit d&rsquo;entretien Heinzelmann CHEF-X"},"content":{"rendered":"","protected":false},"excerpt":{"rendered":"<div class=\"woocommerce-product-details__short-description\">\n<p>Le conseil est de remplacer les caoutchoucs et l&#8217;embrayage chaque ann\u00e9e. Cela donnera \u00e0 votre CHEF-X une ann\u00e9e suppl\u00e9mentaire ! Les caoutchoucs et l&#8217;embrayage Heinzelmann CHEF-X sont faciles \u00e0 remplacer soi-m\u00eame.<\/p>\n<p>Le kit de maintenance se compose de :<\/p>\n<ul>\n<li>1x Embrayage Heinzelmann HMCH02 pour HMCX02<\/li>\n<li>1x Heinzelmann HMSR01 Joint d&rsquo;\u00e9tanch\u00e9it\u00e9 pour le couvercle du CHEF-X HMLI01<\/li>\n<li>1x Heinzelmann HMSR02 Joint d&rsquo;\u00e9tanch\u00e9it\u00e9 pour lame CHEF-X HMBL01<\/li>\n<\/ul>\n<\/div>\n","protected":false},"featured_media":7082,"comment_status":"closed","ping_status":"closed","template":"","meta":[],"product_brand":[],"product_cat":[131],"product_tag":[230,252,253],"class_list":{"0":"post-7236","1":"product","2":"type-product","3":"status-publish","4":"has-post-thumbnail","6":"product_cat-accessoires-fr","7":"product_tag-bague-detancheite","8":"product_tag-embrayage","9":"product_tag-kit-de-maintenance","10":"product_shipping_class-accessoires-fr","12":"first","13":"instock","14":"taxable","15":"shipping-taxable","16":"purchasable","17":"product-type-simple"},"_links":{"self":[{"href":"https:\/\/heinzelmannbenelux.com\/fr\/wp-json\/wp\/v2\/product\/7236","targetHints":{"allow":["GET"]}}],"collection":[{"href":"https:\/\/heinzelmannbenelux.com\/fr\/wp-json\/wp\/v2\/product"}],"about":[{"href":"https:\/\/heinzelmannbenelux.com\/fr\/wp-json\/wp\/v2\/types\/product"}],"replies":[{"embeddable":true,"href":"https:\/\/heinzelmannbenelux.com\/fr\/wp-json\/wp\/v2\/comments?post=7236"}],"wp:featuredmedia":[{"embeddable":true,"href":"https:\/\/heinzelmannbenelux.com\/fr\/wp-json\/wp\/v2\/media\/7082"}],"wp:attachment":[{"href":"https:\/\/heinzelmannbenelux.com\/fr\/wp-json\/wp\/v2\/media?parent=7236"}],"wp:term":[{"taxonomy":"product_brand","embeddable":true,"href":"https:\/\/heinzelmannbenelux.com\/fr\/wp-json\/wp\/v2\/product_brand?post=7236"},{"taxonomy":"product_cat","embeddable":true,"href":"https:\/\/heinzelmannbenelux.com\/fr\/wp-json\/wp\/v2\/product_cat?post=7236"},{"taxonomy":"product_tag","embeddable":true,"href":"https:\/\/heinzelmannbenelux.com\/fr\/wp-json\/wp\/v2\/product_tag?post=7236"}],"curies":[{"name":"wp","href":"https:\/\/api.w.org\/{rel}","templated":true}]}}