{"id":7253,"date":"2023-01-31T13:37:04","date_gmt":"2023-01-31T13:37:04","guid":{"rendered":"https:\/\/heinzelmannbenelux.com\/product\/heinzelmann-chef-x-couteau-en-titane-avec-joint-detancheite\/"},"modified":"2023-01-31T13:37:04","modified_gmt":"2023-01-31T13:37:04","slug":"chef-x-knife-with-seal","status":"publish","type":"product","link":"https:\/\/heinzelmannbenelux.com\/fr\/produit\/chef-x-knife-with-seal\/","title":{"rendered":"Heinzelmann CHEF-X Couteau en titane avec joint d&rsquo;\u00e9tanch\u00e9it\u00e9"},"content":{"rendered":"<p><strong>Convivial, facile \u00e0 nettoyer et con\u00e7u pour durer. Le CHEF-X de Heinzelmann est pr\u00eat pour une utilisation quotidienne dans la cuisine professionnelle.<\/strong><\/p>\n<p><iframe loading=\"lazy\" title=\"Heinzelmann Chef-X Accessories Design - Blade\" width=\"1080\" height=\"608\" src=\"https:\/\/www.youtube.com\/embed\/gz6BLlfFTtw?feature=oembed\" frameborder=\"0\" allow=\"accelerometer; autoplay; clipboard-write; encrypted-media; gyroscope; picture-in-picture; web-share\" allowfullscreen><\/iframe><\/p>\n<p>&nbsp;<\/p>\n","protected":false},"excerpt":{"rendered":"<p><span id=\"tgtAlignment_5\" class=\"ts-alignment-element\" data-is-focusable=\"true\">Que<\/span> <span id=\"tgtAlignment_4\" class=\"ts-alignment-element\" data-is-focusable=\"true\">vous<\/span> ayez <span id=\"tgtAlignment_9\" class=\"ts-alignment-element\" data-is-focusable=\"true\">besoin d&rsquo;<\/span> <span id=\"tgtAlignment_6\" class=\"ts-alignment-element\" data-is-focusable=\"true\">un<\/span> <span id=\"tgtAlignment_7\" class=\"ts-alignment-element\" data-is-focusable=\"true\">remplacement<\/span> <span id=\"tgtAlignment_10\" class=\"ts-alignment-element\" data-is-focusable=\"true\">ou<\/span> que vous souhaitiez <span id=\"tgtAlignment_11\" class=\"ts-alignment-element\" data-is-focusable=\"true\">simplement<\/span> <span id=\"tgtAlignment_12\" class=\"ts-alignment-element\" data-is-focusable=\"true\">une<\/span> <span id=\"tgtAlignment_13\" class=\"ts-alignment-element\" data-is-focusable=\"true\">pi\u00e8ce de rechange<\/span>  <span id=\"tgtAlignment_14\" class=\"ts-alignment-element\" data-is-focusable=\"true\">Ayez,<\/span> <span id=\"tgtAlignment_15\" class=\"ts-alignment-element\" data-is-focusable=\"true\">ce<\/span> couteau <span id=\"tgtAlignment_16\" class=\"ts-alignment-element\" data-is-focusable=\"true\">CHEF-X<\/span> recouvert de titane  <span id=\"tgtAlignment_20\" class=\"ts-alignment-element\" data-is-focusable=\"true\">fera<\/span> <span id=\"tgtAlignment_19\" class=\"ts-alignment-element\" data-is-focusable=\"true\">certainement<\/span> <span id=\"tgtAlignment_21\" class=\"ts-alignment-element\" data-is-focusable=\"true\">ce que<\/span> ces  <span id=\"tgtAlignment_23\" class=\"ts-alignment-element\" data-is-focusable=\"true\">doit<\/span> <span class=\"ts-alignment-element\" data-is-focusable=\"true\">faire.  <\/span><span id=\"tgtAlignment_4\" class=\"ts-alignment-element\" data-is-focusable=\"true\">Premium<\/span> <span id=\"tgtAlignment_5\" class=\"ts-alignment-element\" data-is-focusable=\"true\">Grade<\/span> <span id=\"tgtAlignment_6\" class=\"ts-alignment-element\" data-is-focusable=\"true\">420<\/span> <span id=\"tgtAlignment_7\" class=\"ts-alignment-element\" data-is-focusable=\"true\">inoxydable<\/span> <span id=\"tgtAlignment_8\" class=\"ts-alignment-element\" data-is-focusable=\"true\">acier<\/span> <span id=\"tgtAlignment_9\" class=\"ts-alignment-element\" data-is-focusable=\"true\">avec<\/span> <span id=\"tgtAlignment_10\" class=\"ts-alignment-element\" data-is-focusable=\"true\">titane<\/span> <span id=\"tgtAlignment_11\" class=\"ts-alignment-element\" data-is-focusable=\"true\">rev\u00eatement<\/span> <span id=\"tgtAlignment_12\" class=\"ts-alignment-element\" data-is-focusable=\"true\">aide<\/span> <span id=\"tgtAlignment_13\" class=\"ts-alignment-element\" data-is-focusable=\"true\">le site<\/span> <span id=\"tgtAlignment_14\" class=\"ts-alignment-element\" data-is-focusable=\"true\">couteau<\/span> <span id=\"tgtAlignment_15\" class=\"ts-alignment-element\" data-is-focusable=\"true\">\u00e0 l&rsquo;adresse<\/span> <span id=\"tgtAlignment_16\" class=\"ts-alignment-element\" data-is-focusable=\"true\">renforcer<\/span> <span id=\"tgtAlignment_17\" class=\"ts-alignment-element\" data-is-focusable=\"true\">et<\/span> <span id=\"tgtAlignment_18\" class=\"ts-alignment-element\" data-is-focusable=\"true\">corrosion<\/span> <span id=\"tgtAlignment_19\" class=\"ts-alignment-element\" data-is-focusable=\"true\">\u00e0 l&rsquo;adresse<\/span> <span id=\"tgtAlignment_20\" class=\"ts-alignment-element\" data-is-focusable=\"true\">l&rsquo;occurrence,<\/span> <span id=\"tgtAlignment_21\" class=\"ts-alignment-element\" data-is-focusable=\"true\">et<\/span> <span id=\"tgtAlignment_22\" class=\"ts-alignment-element\" data-is-focusable=\"true\">apr\u00e8s<\/span> <span id=\"tgtAlignment_23\" class=\"ts-alignment-element\" data-is-focusable=\"true\">\u00e0 l&rsquo;adresse<\/span> <span id=\"tgtAlignment_24\" class=\"ts-alignment-element\" data-is-focusable=\"true\">son<\/span> <span id=\"tgtAlignment_25\" class=\"ts-alignment-element\" data-is-focusable=\"true\">aiguis\u00e9,<\/span> <span id=\"tgtAlignment_26\" class=\"ts-alignment-element\" data-is-focusable=\"true\">sera<\/span> <span id=\"tgtAlignment_27\" class=\"ts-alignment-element\" data-is-focusable=\"true\">le site<\/span> <span id=\"tgtAlignment_28\" class=\"ts-alignment-element\" data-is-focusable=\"true\">le site<\/span> <span id=\"tgtAlignment_29\" class=\"ts-alignment-element\" data-is-focusable=\"true\">acier<\/span> <span id=\"tgtAlignment_30\" class=\"ts-alignment-element\" data-is-focusable=\"true\">bord<\/span> <span id=\"tgtAlignment_31\" class=\"ts-alignment-element\" data-is-focusable=\"true\">en dessous de<\/span> <span id=\"tgtAlignment_32\" class=\"ts-alignment-element\" data-is-focusable=\"true\">exposer,<\/span> <span id=\"tgtAlignment_33\" class=\"ts-alignment-element\" data-is-focusable=\"true\">permettant<\/span> <span id=\"tgtAlignment_34\" class=\"ts-alignment-element\" data-is-focusable=\"true\">u<\/span> <span id=\"tgtAlignment_35\" class=\"ts-alignment-element\" data-is-focusable=\"true\">le site<\/span> <span id=\"tgtAlignment_36\" class=\"ts-alignment-element-highlighted\" data-is-focusable=\"true\">Cher<\/span> <span id=\"tgtAlignment_37\" class=\"ts-alignment-element\" data-is-focusable=\"true\">bord<\/span> <span id=\"tgtAlignment_38\" class=\"ts-alignment-element\" data-is-focusable=\"true\">obtient<\/span> <span id=\"tgtAlignment_39\" class=\"ts-alignment-element\" data-is-focusable=\"true\">avec<\/span> <span id=\"tgtAlignment_40\" class=\"ts-alignment-element\" data-is-focusable=\"true\">a<\/span> <span id=\"tgtAlignment_41\" class=\"ts-alignment-element\" data-is-focusable=\"true\">plus haut<\/span> <span id=\"tgtAlignment_42\" class=\"ts-alignment-element\" data-is-focusable=\"true\">force<\/span> <span id=\"tgtAlignment_43\" class=\"ts-alignment-element\" data-is-focusable=\"true\">et<\/span> <span id=\"tgtAlignment_44\" class=\"ts-alignment-element\" data-is-focusable=\"true\">r\u00e9sistance<\/span> <span id=\"tgtAlignment_45\" class=\"ts-alignment-element\" data-is-focusable=\"true\">\u00e0 l&rsquo;adresse<\/span> <span id=\"tgtAlignment_46\" class=\"ts-alignment-element\" data-is-focusable=\"true\">corrosion<\/span> <span id=\"tgtAlignment_47\" class=\"ts-alignment-element\" data-is-focusable=\"true\">\u00e0 propos de<\/span> <span id=\"tgtAlignment_48\" class=\"ts-alignment-element\" data-is-focusable=\"true\">le site<\/span> <span id=\"tgtAlignment_49\" class=\"ts-alignment-element\" data-is-focusable=\"true\">longueur<\/span> <span id=\"tgtAlignment_50\" class=\"ts-alignment-element\" data-is-focusable=\"true\">de<\/span> <span id=\"tgtAlignment_51\" class=\"ts-alignment-element\" data-is-focusable=\"true\">le site<\/span> <span id=\"tgtAlignment_52\" class=\"ts-alignment-element\" data-is-focusable=\"true\">couteau.<\/span> <span id=\"tgtAlignment_53\" class=\"ts-alignment-element\" data-is-focusable=\"true\">Ce site<\/span> <span id=\"tgtAlignment_54\" class=\"ts-alignment-element\" data-is-focusable=\"true\">couteaux de m\u00e9lange<\/span> <span id=\"tgtAlignment_55\" class=\"ts-alignment-element\" data-is-focusable=\"true\">son<\/span> <span id=\"tgtAlignment_56\" class=\"ts-alignment-element\" data-is-focusable=\"true\">uniquement<\/span> <span id=\"tgtAlignment_57\" class=\"ts-alignment-element\" data-is-focusable=\"true\">sur<\/span> <span id=\"tgtAlignment_58\" class=\"ts-alignment-element\" data-is-focusable=\"true\">pour<\/span> <span id=\"tgtAlignment_59\" class=\"ts-alignment-element\" data-is-focusable=\"true\">Heinzelmann<\/span> <span id=\"tgtAlignment_60\" class=\"ts-alignment-element\" data-is-focusable=\"true\">CHEF-X.<\/span> <span id=\"tgtAlignment_61\" class=\"ts-alignment-element\" data-is-focusable=\"true\">Gardez<\/span> <span id=\"tgtAlignment_62\" class=\"ts-alignment-element\" data-is-focusable=\"true\">er<\/span> <span id=\"tgtAlignment_63\" class=\"ts-alignment-element\" data-is-focusable=\"true\">compte<\/span> <span id=\"tgtAlignment_64\" class=\"ts-alignment-element\" data-is-focusable=\"true\">le long de<\/span> <span id=\"tgtAlignment_65\" class=\"ts-alignment-element\" data-is-focusable=\"true\">que<\/span> <span id=\"tgtAlignment_66\" class=\"ts-alignment-element\" data-is-focusable=\"true\">ce<\/span> <span id=\"tgtAlignment_67\" class=\"ts-alignment-element\" data-is-focusable=\"true\">couteau<\/span> <span id=\"tgtAlignment_68\" class=\"ts-alignment-element\" data-is-focusable=\"true\">est<\/span> <span id=\"tgtAlignment_69\" class=\"ts-alignment-element\" data-is-focusable=\"true\">livr\u00e9<\/span> <span id=\"tgtAlignment_70\" class=\"ts-alignment-element\" data-is-focusable=\"true\">avec<\/span>  le sceau<span id=\"tgtAlignment_72\" class=\"ts-alignment-element\" data-is-focusable=\"true\">.<\/span><\/p>\n<div id=\"ts-body\">\n<div class=\"css-52 ts-pivot-container\">\n<div id=\"ContentContainer\">\n<div role=\"tabpanel\" aria-labelledby=\"Pivot1-Tab0\">\n<div class=\"ts-lookup-pivot\">\n<div id=\"Lookup\" class=\"ts-pivot-lookup-component\">\n<div class=\"ms-Grid ts-grid\">\n<div class=\"ms-Grid-row\">\n<div class=\"ts-textfield-container \" lang=\"nl\">\n<div class=\"ts-alignment-view-container\">\n<div id=\"ts-alignment-view-idtgt\" class=\"ts-alignment-view ms-font-m ts-alignment-view-tgt ts-ltr-left-zero\" tabindex=\"0\" aria-hidden=\"false\">\n<div role=\"label\">\n<div id=\"ts-body\">\n<div class=\"css-52 ts-pivot-container\">\n<div id=\"ContentContainer\">\n<div role=\"tabpanel\" aria-labelledby=\"Pivot1-Tab0\">\n<div class=\"ts-lookup-pivot\">\n<div id=\"Lookup\" class=\"ts-pivot-lookup-component\">\n<div class=\"ms-Grid ts-grid\">\n<div class=\"ms-Grid-row\">\n<div class=\"ts-textfield-container \" lang=\"nl\">\n<div class=\"ts-alignment-view-container\">\n<div id=\"ts-alignment-view-idtgt\" class=\"ts-alignment-view ms-font-m ts-alignment-view-tgt ts-ltr-left-zero\" tabindex=\"0\" aria-hidden=\"false\">\n<div id=\"ts-body\">\n<div class=\"css-52 ts-pivot-container\">\n<div id=\"ContentContainer\">\n<div role=\"tabpanel\" aria-labelledby=\"Pivot1-Tab0\">\n<div class=\"ts-lookup-pivot\">\n<div id=\"Lookup\" class=\"ts-pivot-lookup-component\">\n<div class=\"ms-Grid ts-grid\">\n<div class=\"ms-Grid-row\">\n<div class=\"ts-textfield-container \" lang=\"nl\">\n<div class=\"ts-alignment-view-container\">\n<div id=\"ts-alignment-view-idtgt\" class=\"ts-alignment-view ms-font-m ts-alignment-view-tgt ts-ltr-left-zero\" tabindex=\"0\" aria-hidden=\"false\">\n<ul>\n<li role=\"label\"><span id=\"tgtAlignment_73\" class=\"ts-alignment-element\" data-is-focusable=\"true\">Lavable au lave-vaisselle.<\/span><\/li>\n<li role=\"label\">Le mat\u00e9riau <span id=\"tgtAlignment_76\" class=\"ts-alignment-element\" data-is-focusable=\"true\">est conforme \u00e0 la<\/span> <span id=\"tgtAlignment_77\" class=\"ts-alignment-element\" data-is-focusable=\"true\">norme<\/span> <span id=\"tgtAlignment_78\" class=\"ts-alignment-element\" data-is-focusable=\"true\">europ\u00e9enne<\/span> <span id=\"tgtAlignment_77\" class=\"ts-alignment-element\" data-is-focusable=\"true\">relative<\/span> <span id=\"tgtAlignment_80\" class=\"ts-alignment-element\" data-is-focusable=\"true\">au contact<\/span> <span id=\"tgtAlignment_82\" class=\"ts-alignment-element\" data-is-focusable=\"true\">alimentaire<\/span><\/li>\n<li role=\"label\">Le mat\u00e9riau est <span id=\"tgtAlignment_84\" class=\"ts-alignment-element\" data-is-focusable=\"true\">conforme<\/span> <span id=\"tgtAlignment_85\" class=\"ts-alignment-element\" data-is-focusable=\"true\">\u00e0 la<\/span> <span id=\"tgtAlignment_86\" class=\"ts-alignment-element\" data-is-focusable=\"true\">norme<\/span> <span id=\"tgtAlignment_87\" class=\"ts-alignment-element\" data-is-focusable=\"true\">RoHS<\/span><\/li>\n<\/ul>\n<\/div>\n<\/div>\n<\/div>\n<\/div>\n<\/div>\n<\/div>\n<\/div>\n<\/div>\n<\/div>\n<\/div>\n<\/div>\n<\/div>\n<\/div>\n<\/div>\n<\/div>\n<\/div>\n<\/div>\n<\/div>\n<\/div>\n<\/div>\n<\/div>\n<\/div>\n<\/div>\n<\/div>\n<\/div>\n<\/div>\n<\/div>\n<\/div>\n<\/div>\n<\/div>\n<\/div>\n<\/div>\n<\/div>\n<\/div>\n","protected":false},"featured_media":6839,"comment_status":"closed","ping_status":"closed","template":"","meta":[],"product_brand":[],"product_cat":[131],"product_tag":[],"class_list":{"0":"post-7253","1":"product","2":"type-product","3":"status-publish","4":"has-post-thumbnail","6":"product_cat-accessoires-fr","7":"product_shipping_class-accessoires-fr","9":"first","10":"instock","11":"taxable","12":"shipping-taxable","13":"purchasable","14":"product-type-simple"},"_links":{"self":[{"href":"https:\/\/heinzelmannbenelux.com\/fr\/wp-json\/wp\/v2\/product\/7253","targetHints":{"allow":["GET"]}}],"collection":[{"href":"https:\/\/heinzelmannbenelux.com\/fr\/wp-json\/wp\/v2\/product"}],"about":[{"href":"https:\/\/heinzelmannbenelux.com\/fr\/wp-json\/wp\/v2\/types\/product"}],"replies":[{"embeddable":true,"href":"https:\/\/heinzelmannbenelux.com\/fr\/wp-json\/wp\/v2\/comments?post=7253"}],"wp:featuredmedia":[{"embeddable":true,"href":"https:\/\/heinzelmannbenelux.com\/fr\/wp-json\/wp\/v2\/media\/6839"}],"wp:attachment":[{"href":"https:\/\/heinzelmannbenelux.com\/fr\/wp-json\/wp\/v2\/media?parent=7253"}],"wp:term":[{"taxonomy":"product_brand","embeddable":true,"href":"https:\/\/heinzelmannbenelux.com\/fr\/wp-json\/wp\/v2\/product_brand?post=7253"},{"taxonomy":"product_cat","embeddable":true,"href":"https:\/\/heinzelmannbenelux.com\/fr\/wp-json\/wp\/v2\/product_cat?post=7253"},{"taxonomy":"product_tag","embeddable":true,"href":"https:\/\/heinzelmannbenelux.com\/fr\/wp-json\/wp\/v2\/product_tag?post=7253"}],"curies":[{"name":"wp","href":"https:\/\/api.w.org\/{rel}","templated":true}]}}