{"id":7256,"date":"2023-01-31T13:40:55","date_gmt":"2023-01-31T13:40:55","guid":{"rendered":"https:\/\/heinzelmannbenelux.com\/product\/heinzelmann-chef-x-couvercle-avec-bord-detancheite\/"},"modified":"2023-01-31T13:40:55","modified_gmt":"2023-01-31T13:40:55","slug":"heinzelmann-chef-x-couverture-avec-scelle","status":"publish","type":"product","link":"https:\/\/heinzelmannbenelux.com\/fr\/produit\/heinzelmann-chef-x-couverture-avec-scelle\/","title":{"rendered":"Heinzelmann CHEF-X Couvercle avec bord d&rsquo;\u00e9tanch\u00e9it\u00e9"},"content":{"rendered":"<p><strong>Convivial, facile \u00e0 nettoyer et con\u00e7u pour durer. Le CHEF-X de Heinzelmann est pr\u00eat pour une utilisation quotidienne dans la cuisine professionnelle.<\/strong><\/p>\n<p><iframe loading=\"lazy\" title=\"Design Series - Easy to Open Lid Design\" width=\"1080\" height=\"810\" src=\"https:\/\/www.youtube.com\/embed\/109tP7V4fD4?feature=oembed\" frameborder=\"0\" allow=\"accelerometer; autoplay; clipboard-write; encrypted-media; gyroscope; picture-in-picture; web-share\" allowfullscreen><\/iframe><\/p>\n","protected":false},"excerpt":{"rendered":"<div role=\"label\">\n<div id=\"ts-body\">\n<div class=\"css-52 ts-pivot-container\">\n<div id=\"ContentContainer\">\n<div role=\"tabpanel\" aria-labelledby=\"Pivot1-Tab0\">\n<div class=\"ts-lookup-pivot\">\n<div id=\"Lookup\" class=\"ts-pivot-lookup-component\">\n<div class=\"ms-Grid ts-grid\">\n<div class=\"ms-Grid-row\">\n<div class=\"ts-textfield-container \" lang=\"nl\">\n<div class=\"ts-alignment-view-container\">\n<div id=\"ts-alignment-view-idtgt\" class=\"ts-alignment-view ms-font-m ts-alignment-view-tgt ts-ltr-left-zero\" tabindex=\"0\" aria-hidden=\"false\">\n<div id=\"ts-body\">\n<div class=\"css-52 ts-pivot-container\">\n<div id=\"ContentContainer\">\n<div role=\"tabpanel\" aria-labelledby=\"Pivot1-Tab0\">\n<div class=\"ts-lookup-pivot\">\n<div id=\"Lookup\" class=\"ts-pivot-lookup-component\">\n<div class=\"ms-Grid ts-grid\">\n<div class=\"ms-Grid-row\">\n<div class=\"ts-textfield-container \" lang=\"nl\">\n<div class=\"ts-alignment-view-container\">\n<div id=\"ts-alignment-view-idtgt\" class=\"ts-alignment-view ms-font-m ts-alignment-view-tgt ts-ltr-left-zero\" tabindex=\"0\" aria-hidden=\"false\">\n<div id=\"ts-body\">\n<div class=\"css-52 ts-pivot-container\">\n<div id=\"ContentContainer\">\n<div role=\"tabpanel\" aria-labelledby=\"Pivot1-Tab0\">\n<div class=\"ts-lookup-pivot\">\n<div id=\"Lookup\" class=\"ts-pivot-lookup-component\">\n<div class=\"ms-Grid ts-grid\">\n<div class=\"ms-Grid-row\">\n<div class=\"ts-textfield-container \" lang=\"nl\">\n<div class=\"ts-alignment-view-container\">\n<div id=\"ts-alignment-view-idtgt\" class=\"ts-alignment-view ms-font-m ts-alignment-view-tgt ts-ltr-left-zero\" tabindex=\"0\" aria-hidden=\"false\">\n<div role=\"label\">\n<p>Ou  <span data-is-focusable=\"true\">vous<\/span> avez <span data-is-focusable=\"true\">besoin d&rsquo;<\/span> <span data-is-focusable=\"true\">un<\/span> <span data-is-focusable=\"true\">remplacement<\/span> <span data-is-focusable=\"true\">maintenant<\/span> <span data-is-focusable=\"true\">ou<\/span> vous voulez <span data-is-focusable=\"true\">simplement<\/span> <span data-is-focusable=\"true\">une<\/span> <span data-is-focusable=\"true\">pi\u00e8ce de rechange<\/span>  <span data-is-focusable=\"true\">ont,<\/span> ces  Le couvercle du <span data-is-focusable=\"true\">CHEF-X<\/span> avec bord d&rsquo;\u00e9tanch\u00e9it\u00e9 sera z<span data-is-focusable=\"true\">Nous sommes s\u00fbrs de<\/span> <span data-is-focusable=\"true\">faire<\/span> <span data-is-focusable=\"true\">ce que<\/span> ces  <span data-is-focusable=\"true\">devrait faire<\/span> <span data-is-focusable=\"true\">. <\/span>Ce site  <span data-is-focusable=\"true\">Le<\/span> <span data-is-focusable=\"true\">couvercle<\/span> <span data-is-focusable=\"true\">est<\/span> <span data-is-focusable=\"true\">con\u00e7u<\/span> <span data-is-focusable=\"true\">pour le<\/span><span data-is-focusable=\"true\">bol m\u00e9langeur<\/span> <span data-is-focusable=\"true\">CHEF-X<\/span> de <span data-is-focusable=\"true\">Heinzelmann<\/span> <span data-is-focusable=\"true\">uniquement<\/span><span data-is-focusable=\"true\">.<\/span> <span data-is-focusable=\"true\">Int\u00e9gr\u00e9<\/span> <span data-is-focusable=\"true\">2<\/span> <span data-is-focusable=\"true\">vers le haut<\/span>  <span data-is-focusable=\"true\">cibl\u00e9<\/span> <span data-is-focusable=\"true\">poign\u00e9es<\/span> <span data-is-focusable=\"true\">pour<\/span> <span data-is-focusable=\"true\">facile<\/span> <span data-is-focusable=\"true\">et<\/span> <span data-is-focusable=\"true\">facile<\/span> <span data-is-focusable=\"true\">la manipulation.<\/span><\/p>\n<\/div>\n<\/div>\n<\/div>\n<\/div>\n<\/div>\n<\/div>\n<\/div>\n<\/div>\n<\/div>\n<\/div>\n<\/div>\n<\/div>\n<div id=\"ts-body\">\n<div class=\"css-52 ts-pivot-container\">\n<div id=\"ContentContainer\">\n<div role=\"tabpanel\" aria-labelledby=\"Pivot1-Tab0\">\n<div class=\"ts-lookup-pivot\">\n<div id=\"Lookup\" class=\"ts-pivot-lookup-component\">\n<div class=\"ms-Grid ts-grid\">\n<div class=\"ms-Grid-row\">\n<div class=\"ts-textfield-container \" lang=\"nl\">\n<div class=\"ts-alignment-view-container\">\n<div id=\"ts-alignment-view-idtgt\" class=\"ts-alignment-view ms-font-m ts-alignment-view-tgt ts-ltr-left-zero\" tabindex=\"0\" aria-hidden=\"false\">\n<div role=\"label\">\n<div id=\"ts-body\">\n<div class=\"css-52 ts-pivot-container\">\n<div id=\"ContentContainer\">\n<div role=\"tabpanel\" aria-labelledby=\"Pivot1-Tab0\">\n<div class=\"ts-lookup-pivot\">\n<div id=\"Lookup\" class=\"ts-pivot-lookup-component\">\n<div class=\"ms-Grid ts-grid\">\n<div class=\"ms-Grid-row\">\n<div class=\"ts-textfield-container \" lang=\"nl\">\n<div class=\"ts-alignment-view-container\">\n<div id=\"ts-alignment-view-idtgt\" class=\"ts-alignment-view ms-font-m ts-alignment-view-tgt ts-ltr-left-zero\" tabindex=\"0\" aria-hidden=\"false\">\n<div id=\"ts-body\">\n<div class=\"css-52 ts-pivot-container\">\n<div id=\"ContentContainer\">\n<div role=\"tabpanel\" aria-labelledby=\"Pivot1-Tab0\">\n<div class=\"ts-lookup-pivot\">\n<div id=\"Lookup\" class=\"ts-pivot-lookup-component\">\n<div class=\"ms-Grid ts-grid\">\n<div class=\"ms-Grid-row\">\n<div class=\"ts-textfield-container \" lang=\"nl\">\n<div class=\"ts-alignment-view-container\">\n<div id=\"ts-alignment-view-idtgt\" class=\"ts-alignment-view ms-font-m ts-alignment-view-tgt ts-ltr-left-zero\" tabindex=\"0\" aria-hidden=\"false\">\n<ul>\n<li role=\"label\"><span id=\"tgtAlignment_73\" class=\"ts-alignment-element\" data-is-focusable=\"true\">Lavable au lave-vaisselle.<\/span><\/li>\n<li role=\"label\">Le mat\u00e9riau <span id=\"tgtAlignment_76\" class=\"ts-alignment-element\" data-is-focusable=\"true\">est conforme \u00e0 la<\/span> <span id=\"tgtAlignment_77\" class=\"ts-alignment-element\" data-is-focusable=\"true\">norme<\/span> <span id=\"tgtAlignment_78\" class=\"ts-alignment-element\" data-is-focusable=\"true\">europ\u00e9enne<\/span> <span id=\"tgtAlignment_77\" class=\"ts-alignment-element\" data-is-focusable=\"true\">relative<\/span> <span id=\"tgtAlignment_80\" class=\"ts-alignment-element\" data-is-focusable=\"true\">au contact<\/span> <span id=\"tgtAlignment_82\" class=\"ts-alignment-element\" data-is-focusable=\"true\">alimentaire<\/span><\/li>\n<li role=\"label\">Le mat\u00e9riau est <span id=\"tgtAlignment_84\" class=\"ts-alignment-element\" data-is-focusable=\"true\">conforme<\/span> <span id=\"tgtAlignment_85\" class=\"ts-alignment-element\" data-is-focusable=\"true\">\u00e0 la<\/span> <span id=\"tgtAlignment_86\" class=\"ts-alignment-element\" data-is-focusable=\"true\">norme<\/span> <span id=\"tgtAlignment_87\" class=\"ts-alignment-element\" data-is-focusable=\"true\">RoHS<\/span><\/li>\n<\/ul>\n<\/div>\n<\/div>\n<\/div>\n<\/div>\n<\/div>\n<\/div>\n<\/div>\n<\/div>\n<\/div>\n<\/div>\n<\/div>\n<\/div>\n<\/div>\n<\/div>\n<\/div>\n<\/div>\n<\/div>\n<\/div>\n<\/div>\n<\/div>\n<\/div>\n<\/div>\n<\/div>\n<\/div>\n<\/div>\n<\/div>\n<\/div>\n<\/div>\n<\/div>\n<\/div>\n<\/div>\n<\/div>\n<\/div>\n<\/div>\n<\/div>\n<\/div>\n<\/div>\n<\/div>\n<\/div>\n<\/div>\n<\/div>\n<\/div>\n<\/div>\n<\/div>\n<\/div>\n<\/div>\n<\/div>\n<\/div>\n<\/div>\n<\/div>\n<\/div>\n<\/div>\n<\/div>\n<\/div>\n<\/div>\n<\/div>\n<\/div>\n<div role=\"label\"><em><span id=\"tgtAlignment_29\" class=\"ts-alignment-element\" data-is-focusable=\"true\"><span id=\"tgtAlignment_28\" class=\"ts-alignment-element\" data-is-focusable=\"true\">  Attention ! !! Le bouchon transparent n&rsquo;est pas inclus.<\/span><\/span><\/em><\/div>\n","protected":false},"featured_media":6845,"comment_status":"closed","ping_status":"closed","template":"","meta":[],"product_brand":[],"product_cat":[131],"product_tag":[261],"class_list":{"0":"post-7256","1":"product","2":"type-product","3":"status-publish","4":"has-post-thumbnail","6":"product_cat-accessoires-fr","7":"product_tag-couvercle","8":"product_shipping_class-accessoires-fr","10":"first","11":"instock","12":"taxable","13":"shipping-taxable","14":"purchasable","15":"product-type-simple"},"_links":{"self":[{"href":"https:\/\/heinzelmannbenelux.com\/fr\/wp-json\/wp\/v2\/product\/7256","targetHints":{"allow":["GET"]}}],"collection":[{"href":"https:\/\/heinzelmannbenelux.com\/fr\/wp-json\/wp\/v2\/product"}],"about":[{"href":"https:\/\/heinzelmannbenelux.com\/fr\/wp-json\/wp\/v2\/types\/product"}],"replies":[{"embeddable":true,"href":"https:\/\/heinzelmannbenelux.com\/fr\/wp-json\/wp\/v2\/comments?post=7256"}],"wp:featuredmedia":[{"embeddable":true,"href":"https:\/\/heinzelmannbenelux.com\/fr\/wp-json\/wp\/v2\/media\/6845"}],"wp:attachment":[{"href":"https:\/\/heinzelmannbenelux.com\/fr\/wp-json\/wp\/v2\/media?parent=7256"}],"wp:term":[{"taxonomy":"product_brand","embeddable":true,"href":"https:\/\/heinzelmannbenelux.com\/fr\/wp-json\/wp\/v2\/product_brand?post=7256"},{"taxonomy":"product_cat","embeddable":true,"href":"https:\/\/heinzelmannbenelux.com\/fr\/wp-json\/wp\/v2\/product_cat?post=7256"},{"taxonomy":"product_tag","embeddable":true,"href":"https:\/\/heinzelmannbenelux.com\/fr\/wp-json\/wp\/v2\/product_tag?post=7256"}],"curies":[{"name":"wp","href":"https:\/\/api.w.org\/{rel}","templated":true}]}}